{"id":49900,"date":"2024-04-16T07:50:27","date_gmt":"2024-04-16T07:50:27","guid":{"rendered":"https:\/\/e.kosmolat.eu\/?post_type=product&#038;p=49900"},"modified":"2026-04-16T08:43:48","modified_gmt":"2026-04-16T08:43:48","slug":"ac-soft-lidzeklis-krasaino-audumu-mazgasanai-doy-pack-1-5-l","status":"publish","type":"product","link":"https:\/\/e.kosmolat.eu\/lt\/produktas\/ac-soft-lidzeklis-krasaino-audumu-mazgasanai-doy-pack-1-5-l\/","title":{"rendered":"SOFT Skystas skalbimo priemon\u0117 spalvotiems audiniams, doy-pack, 1.5 l"},"content":{"rendered":"<p>Tinka \u012fvairi\u0173 tip\u0173 audiniams, pagamintiems i&scaron; nat\u016brali\u0173, sintetini\u0173 ir mi&scaron;ri\u0173 pluo&scaron;t\u0173. Naujos kartos gaminys, leid\u017eiantis &scaron;velniai ir efektyviai i&scaron;valyti m\u0117gstamus drabu\u017eius.<\/p>\n<p><strong>Skysta produkto strukt\u016bra leid\u017eia:<\/strong><br \/>\n&#8211; Skalbti \u017eemoje temperat\u016broje<br \/>\n&#8211; Pa&scaron;alinkite lengvas d\u0117mes<br \/>\n&#8211; Naudokite rankiniam ir automatiniam skalbimui<\/p>\n<p><strong>Skysto skalbini\u0173 ploviklio receptas buvo sukurtas pridedant:<\/strong><br \/>\n&#8211;&nbsp;Skalbimo aktyvatorius, pagerinantis kokyb\u0119 ir padedantis pa&scaron;alinti d\u0117mes;<br \/>\n&#8211; &Scaron;ilko proteinai &#8211; suteikia mink&scaron;tumo ir &scaron;velnumo;<br \/>\n&#8211; Spalv\u0105 i&scaron;saugantis kompleksas, u\u017etikrinantis turting\u0105 spalv\u0173 ry&scaron;kum\u0105;<br \/>\n&#8211;&nbsp;Sud\u0117tyje n\u0117ra fosfat\u0173.<\/p>\n<p><strong>Naudojimas:<\/strong><\/p>\n<p>Skalbimas skalbimo ma&scaron;inoje (2,5 &ndash; 3 kg, 40 &ndash; 60 &deg;C): mink&scaron;tam vandeniui \u012fpilti 50 ml, vidutinio kietumo &ndash; 80 ml, kietam vandeniui &ndash; 90 ml.<br \/>\nSkalbimas rankomis (5 litrams vandens, 40 &ndash; 60 &deg;C): mink&scaron;tam vandeniui \u012fpilti 50 ml, vidutinio kietumo &ndash; 50 ml, kietam vandeniui &ndash; 60 ml.<br \/>\nMirkymas (5 litrams vandens, 20 &ndash; 40 &deg;C): mink&scaron;tam vandeniui \u012fpilti 45 ml, vidutinio kietumo &ndash; 45 ml, kietam vandeniui &ndash; 50 ml.<br \/>\nEsant dideliam ne&scaron;varumui, \u012fpilkite dar &frac12; nurodyto t\u016brio. Nerekomenduojama mirkyti spalvot\u0173 daikt\u0173, kurie stipriai i&scaron;silieja. Nor\u0117dami pa&scaron;alinti &scaron;velnias d\u0117mes, nedidel\u012f kiek\u012f u\u017etepkite tiesiai ant d\u0117m\u0117s prie&scaron; pagrindin\u012f plovim\u0105 ir palikite 1,5 &#8211; 2 val.<\/p>\n<p><strong>Atsargumo priemon\u0117s:<\/strong> Naudodami laikykit\u0117s drabu\u017ei\u0173 gamintojo nurodym\u0173 ir gaminio naudojimo rekomendacij\u0173. Naudokite kaip nurodyta.<\/p>\n<p><strong>Sud\u0117tis:<\/strong> 5 % arba daugiau, bet ma\u017eiau kaip 15 % anijonini\u0173 &nbsp;aktyvi\u0173j\u0173 pavir&scaron;inio med\u017eiagos, ma\u017eiau kaip, 5 % &nbsp;nejonini\u0173 &nbsp;aktyvi\u0173j\u0173 pavir&scaron;inio med\u017eiagos, ma\u017eiau kaip 5 % muilas, ma\u017eiau kaip 5 % &nbsp;fosfonat\u0173, ma\u017eiau kaip 5 % &nbsp;EDTA ir jos drusk\u0173. Fermentai. Kvapai. Konservavimo med\u017eiaga: BENZISOTHIAZOLINONE\/ &nbsp;METHYLISOTHIAZOLINONE. Da\u017eai: CI 14700, CI 15985.<\/p>\n<p><strong><img decoding=\"async\" alt=\"\" src=\"file:\/\/\/C:\/Users\/masha\/Desktop\/GHS05.jpg\" style=\"height:40px; width:40px\" \/>GHS05 Pavojinga<\/strong><br \/>\n<strong>H318 <\/strong>Smarkiai pa\u017eeid\u017eia akis<br \/>\n<strong>H315<\/strong> Dirgina od\u0105 &nbsp;&nbsp;&nbsp;&nbsp;&nbsp;<br \/>\nP102 Laikyti vaikams neprieinamoje vietoje<br \/>\nP264 Po naudojimo kruop&scaron;\u010diai nuplaukite rankas<br \/>\nP280 M\u016bv\u0117ti apsaugines pir&scaron;tines\/d\u0117v\u0117ti apsauginius drabu\u017eius\/naudoti aki\u0173 (veido) apsaugos priemones.<br \/>\nP305+P351+P338 Patekus \u012f akis: Kelias minutes atsargiai plauti vandeniu. I&scaron;imti kontaktinius l\u0119&scaron;ius, jeigu jie yra ir jeigu lengvai galima tai padaryti. Toliau plauti akis.<br \/>\nP310 Nedelsiant skambinti \u012f apsinuodijim\u0173 kontrol\u0117s ir informacijos biur\u0105 arba kreiptis \u012f gydytoj\u0105<br \/>\nP302+P352 Patekus ant odos: Nuplauti dideliu kiekiu muilo ir vandens<br \/>\nP332+P313 Jeigu sudirginama oda: kreiptis \u012f gydytoj\u0105<br \/>\nP321 Specialus gydymas (\u017er. &scaron;ioje etiket\u0117je).<br \/>\nP362+P364 Nusivilkti u\u017eter&scaron;tus drabu\u017eius ir i&scaron;skalbti prie&scaron; v\u0117l apsivelkant.<br \/>\n&nbsp;<\/p>\n","protected":false},"excerpt":{"rendered":"<p>Tinka \u012fvairi\u0173 tip\u0173 audiniams, pagamintiems i&scaron; nat\u016brali\u0173, sintetini\u0173 ir mi&scaron;ri\u0173 pluo&scaron;t\u0173. Naujos kartos gaminys, leid\u017eiantis &scaron;velniai ir efektyviai i&scaron;valyti m\u0117gstamus drabu\u017eius. Skysta produkto strukt\u016bra leid\u017eia: &#8211; Skalbti \u017eemoje temperat\u016broje &#8211; Pa&scaron;alinkite lengvas d\u0117mes &#8211; Naudokite rankiniam ir automatiniam skalbimui Skysto skalbini\u0173 ploviklio receptas buvo sukurtas pridedant: &#8211;&nbsp;Skalbimo aktyvatorius, pagerinantis kokyb\u0119 ir padedantis pa&scaron;alinti d\u0117mes; &#8211; [&#8230;]\n","protected":false},"featured_media":92514,"template":"","meta":[],"product_cat":[1483],"product_tag":[],"class_list":{"0":"post-49900","1":"product","2":"type-product","3":"status-publish","4":"has-post-thumbnail","6":"product_brand-aqua-cosmetics_ua-lt","7":"product_cat-plovikliai","9":"first","10":"instock","11":"taxable","12":"shipping-taxable","13":"product-type-simple"},"_links":{"self":[{"href":"https:\/\/e.kosmolat.eu\/lt\/wp-json\/wp\/v2\/product\/49900","targetHints":{"allow":["GET"]}}],"collection":[{"href":"https:\/\/e.kosmolat.eu\/lt\/wp-json\/wp\/v2\/product"}],"about":[{"href":"https:\/\/e.kosmolat.eu\/lt\/wp-json\/wp\/v2\/types\/product"}],"wp:featuredmedia":[{"embeddable":true,"href":"https:\/\/e.kosmolat.eu\/lt\/wp-json\/wp\/v2\/media\/92514"}],"wp:attachment":[{"href":"https:\/\/e.kosmolat.eu\/lt\/wp-json\/wp\/v2\/media?parent=49900"}],"wp:term":[{"taxonomy":"product_cat","embeddable":true,"href":"https:\/\/e.kosmolat.eu\/lt\/wp-json\/wp\/v2\/product_cat?post=49900"},{"taxonomy":"product_tag","embeddable":true,"href":"https:\/\/e.kosmolat.eu\/lt\/wp-json\/wp\/v2\/product_tag?post=49900"}],"curies":[{"name":"wp","href":"https:\/\/api.w.org\/{rel}","templated":true}]}}