{"id":49814,"date":"2024-04-16T04:07:35","date_gmt":"2024-04-16T04:07:35","guid":{"rendered":"https:\/\/e.kosmolat.eu\/product\/double-collagen-pro-sejas-maska-barojosa-100-g\/"},"modified":"2025-09-20T04:36:33","modified_gmt":"2025-09-20T04:36:33","slug":"double-collagen-pro-sejas-maska-barojosa-100-g","status":"publish","type":"product","link":"https:\/\/e.kosmolat.eu\/lt\/produktas\/double-collagen-pro-sejas-maska-barojosa-100-g\/","title":{"rendered":"DOUBLE COLLAGEN PRO Maitinamoji veido kauk\u0117, 100 g"},"content":{"rendered":"<p>Maitinamoji veido kauk\u0117 valo, tonizuoja od\u0105 ir suvienodina atspalv\u012f. Sud\u0117tyje esantis<strong> ro\u017einis molis<\/strong> nesausina ir tinka jautriai odai. <strong>Kakavos, taukmed\u017ei\u0173 ir kokos\u0173 aliejai<\/strong> mink&scaron;tina ir dr\u0117kina, tod\u0117l oda tampa elastingesn\u0117. <strong>Naujoji Double Collagen Pro formul\u0117<\/strong> suaktyvina regeneracinius procesus. Naudingomis savyb\u0117mis \u017einomas<strong> niacinamidas<\/strong> dr\u0117kina, gerina odos tonus\u0105 ir elastingum\u0105, kovoja su spuogais ir skatina savo kolageno gamyb\u0105.<\/p>\n<p><strong>Naudojimas:<\/strong> u\u017etepkite kauk\u0119 ant anks\u010diau nuvalytos veido odos, vengdami aki\u0173 ir l\u016bp\u0173 srities. Palikite 15-20 minu\u010di\u0173, tada nuplaukite kauk\u0119 vandeniu. Rekomenduojama naudoti 1-2 kartus per savait\u0119.<\/p>\n<p>Laikyti nuo +5&deg;C iki +25&deg;C temperat\u016broje. Nenaudoti pasibaigus galiojimo laikui.<br \/>\n&nbsp;<\/p>\n","protected":false},"excerpt":{"rendered":"<p>Maitinamoji veido kauk\u0117 valo, tonizuoja od\u0105 ir suvienodina atspalv\u012f. Sud\u0117tyje esantis ro\u017einis molis nesausina ir tinka jautriai odai. Kakavos, taukmed\u017ei\u0173 ir kokos\u0173 aliejai mink&scaron;tina ir dr\u0117kina, tod\u0117l oda tampa elastingesn\u0117. Naujoji Double Collagen Pro formul\u0117 suaktyvina regeneracinius procesus. Naudingomis savyb\u0117mis \u017einomas niacinamidas dr\u0117kina, gerina odos tonus\u0105 ir elastingum\u0105, kovoja su spuogais ir skatina savo kolageno [&#8230;]\n","protected":false},"featured_media":92042,"template":"","meta":[],"product_cat":[1369],"product_tag":[],"class_list":{"0":"post-49814","1":"product","2":"type-product","3":"status-publish","4":"has-post-thumbnail","6":"product_brand-modum_by-lt","7":"product_cat-veido-kaukes","9":"first","10":"outofstock","11":"taxable","12":"shipping-taxable","13":"product-type-simple"},"_links":{"self":[{"href":"https:\/\/e.kosmolat.eu\/lt\/wp-json\/wp\/v2\/product\/49814","targetHints":{"allow":["GET"]}}],"collection":[{"href":"https:\/\/e.kosmolat.eu\/lt\/wp-json\/wp\/v2\/product"}],"about":[{"href":"https:\/\/e.kosmolat.eu\/lt\/wp-json\/wp\/v2\/types\/product"}],"wp:featuredmedia":[{"embeddable":true,"href":"https:\/\/e.kosmolat.eu\/lt\/wp-json\/wp\/v2\/media\/92042"}],"wp:attachment":[{"href":"https:\/\/e.kosmolat.eu\/lt\/wp-json\/wp\/v2\/media?parent=49814"}],"wp:term":[{"taxonomy":"product_cat","embeddable":true,"href":"https:\/\/e.kosmolat.eu\/lt\/wp-json\/wp\/v2\/product_cat?post=49814"},{"taxonomy":"product_tag","embeddable":true,"href":"https:\/\/e.kosmolat.eu\/lt\/wp-json\/wp\/v2\/product_tag?post=49814"}],"curies":[{"name":"wp","href":"https:\/\/api.w.org\/{rel}","templated":true}]}}