{"id":49806,"date":"2024-04-16T04:07:21","date_gmt":"2024-04-16T04:07:21","guid":{"rendered":"https:\/\/e.kosmolat.eu\/product\/modo-alice-sejas-krems-ar-matejosu-ef-problem-adai-50-g\/"},"modified":"2025-09-20T04:32:30","modified_gmt":"2025-09-20T04:32:30","slug":"modo-alice-sejas-krems-ar-matejosu-ef-problem-adai-50-g","status":"publish","type":"product","link":"https:\/\/e.kosmolat.eu\/lt\/produktas\/modo-alice-sejas-krems-ar-matejosu-ef-problem-adai-50-g\/","title":{"rendered":"MODO ALICE Veido kremas su matinimo efektu probleminei odai, 50 g"},"content":{"rendered":"<p>Lengvas kremas probleminei, riebiai ir mi&scaron;riai odai. Padeda susidoroti su paraudimu ir spuogais, apsaugo nuo netobulum\u0173 atsiradimo ir normalizuoja riebalini\u0173 liauk\u0173 veikl\u0105. Kremas greitai susigeria ir nepalieka riebaus blizgesio. Reguliariai naudojant krem\u0105 oda tampa &scaron;vari, gaivi, pri\u017ei\u016br\u0117ta, pager\u0117ja veido spalva. Norint pasiekti maksimal\u0173 rezultat\u0105, rekomenduojama visapusi&scaron;kai naudoti MODO linijos produktus.<\/p>\n<p><strong>Veikliosios med\u017eiagos: <\/strong>kombucha, cinko gliukonatas, salicilo r\u016bg&scaron;tis, D-pantenolis, betainas.<\/p>\n<p>Nenaudoti pasibaigus galiojimo laikui. Laikyti nuo +5&deg;C iki +25&deg;C temperat\u016broje.<br \/>\n&nbsp;<\/p>\n","protected":false},"excerpt":{"rendered":"<p>Lengvas kremas probleminei, riebiai ir mi&scaron;riai odai. Padeda susidoroti su paraudimu ir spuogais, apsaugo nuo netobulum\u0173 atsiradimo ir normalizuoja riebalini\u0173 liauk\u0173 veikl\u0105. Kremas greitai susigeria ir nepalieka riebaus blizgesio. Reguliariai naudojant krem\u0105 oda tampa &scaron;vari, gaivi, pri\u017ei\u016br\u0117ta, pager\u0117ja veido spalva. Norint pasiekti maksimal\u0173 rezultat\u0105, rekomenduojama visapusi&scaron;kai naudoti MODO linijos produktus. Veikliosios med\u017eiagos: kombucha, cinko gliukonatas, [&#8230;]\n","protected":false},"featured_media":91982,"template":"","meta":[],"product_cat":[1322],"product_tag":[],"class_list":{"0":"post-49806","1":"product","2":"type-product","3":"status-publish","4":"has-post-thumbnail","6":"product_brand-modum_by-lt","7":"product_cat-veido-kremai","9":"first","10":"instock","11":"taxable","12":"shipping-taxable","13":"product-type-simple"},"_links":{"self":[{"href":"https:\/\/e.kosmolat.eu\/lt\/wp-json\/wp\/v2\/product\/49806","targetHints":{"allow":["GET"]}}],"collection":[{"href":"https:\/\/e.kosmolat.eu\/lt\/wp-json\/wp\/v2\/product"}],"about":[{"href":"https:\/\/e.kosmolat.eu\/lt\/wp-json\/wp\/v2\/types\/product"}],"wp:featuredmedia":[{"embeddable":true,"href":"https:\/\/e.kosmolat.eu\/lt\/wp-json\/wp\/v2\/media\/91982"}],"wp:attachment":[{"href":"https:\/\/e.kosmolat.eu\/lt\/wp-json\/wp\/v2\/media?parent=49806"}],"wp:term":[{"taxonomy":"product_cat","embeddable":true,"href":"https:\/\/e.kosmolat.eu\/lt\/wp-json\/wp\/v2\/product_cat?post=49806"},{"taxonomy":"product_tag","embeddable":true,"href":"https:\/\/e.kosmolat.eu\/lt\/wp-json\/wp\/v2\/product_tag?post=49806"}],"curies":[{"name":"wp","href":"https:\/\/api.w.org\/{rel}","templated":true}]}}