{"id":49798,"date":"2024-04-16T04:07:09","date_gmt":"2024-04-16T04:07:09","guid":{"rendered":"https:\/\/e.kosmolat.eu\/product\/double-collagen-pro-acu-plakst-zeleja-patci-toniz-izgaismoj-25-g\/"},"modified":"2025-09-22T12:07:52","modified_gmt":"2025-09-22T12:07:52","slug":"double-collagen-pro-acu-plakst-zeleja-patci-toniz-izgaismoj-25-g","status":"publish","type":"product","link":"https:\/\/e.kosmolat.eu\/lt\/produktas\/double-collagen-pro-acu-plakst-zeleja-patci-toniz-izgaismoj-25-g\/","title":{"rendered":"DOUBLE COLLAGEN PRO Geliniai pleistrai aki\u0173 vokams tonizuojantys \u0161viesinantys, 25 g"},"content":{"rendered":"<p>Tonizuojantys geliniai aki\u0173 vok\u0173 &nbsp;pleistrai &scaron;velniai pa&scaron;viesina gle\u017en\u0105 od\u0105 aplink akis. Pagrindinis produkto komponentas yra <strong>kolagenas<\/strong>, kuris yra atsakingas u\u017e odos elastingum\u0105 ir stangrum\u0105, padeda i&scaron;lyginti rauk&scaron;les ir neleid\u017eia atsirasti naujoms. <strong>Naujoji &ldquo;Double Collagen Pro&rdquo; formul\u0117<\/strong> sulaiko dr\u0117gm\u0119, kad pad\u0117t\u0173 palaikyti optimal\u0173 odos dr\u0117kinim\u0105. <strong>Niacinamidas<\/strong> koreguoja netolyg\u0173 odos atspalv\u012f ir skatina j\u016bs\u0173 nuoavo kolageno, atsakingo u\u017e j\u016bs\u0173 odos jaunyst\u0119, tankum\u0105 ir sveikat\u0105, gamyb\u0105. Svarbus kompozicijos komponentas yra <strong>kofeinas<\/strong>, kuris tonizuoja od\u0105 ir pa&scaron;alina patinim\u0105. O <strong>\u017ealios kavos<\/strong> ekstraktas gaivina od\u0105 ir pa&scaron;alina tamsius ratilus po akimis.<\/p>\n<p><strong>Naudojimas: <\/strong>paskirstykite tiesiai ant anks\u010diau nuvalytos odos aplink akis, &scaron;velniai masa\u017euokite, kol visi&scaron;kai \u012fsigers. Galima naudoti kasdien ryte ir vakare.<\/p>\n<p>Laikyti nuo +5&deg;C iki +25&deg;C temperat\u016broje. Nenaudoti pasibaigus galiojimo laikui.<br \/>\n&nbsp;<\/p>\n","protected":false},"excerpt":{"rendered":"<p>Tonizuojantys geliniai aki\u0173 vok\u0173 &nbsp;pleistrai &scaron;velniai pa&scaron;viesina gle\u017en\u0105 od\u0105 aplink akis. Pagrindinis produkto komponentas yra kolagenas, kuris yra atsakingas u\u017e odos elastingum\u0105 ir stangrum\u0105, padeda i&scaron;lyginti rauk&scaron;les ir neleid\u017eia atsirasti naujoms. Naujoji &ldquo;Double Collagen Pro&rdquo; formul\u0117 sulaiko dr\u0117gm\u0119, kad pad\u0117t\u0173 palaikyti optimal\u0173 odos dr\u0117kinim\u0105. Niacinamidas koreguoja netolyg\u0173 odos atspalv\u012f ir skatina j\u016bs\u0173 nuoavo kolageno, atsakingo [&#8230;]\n","protected":false},"featured_media":91978,"template":"","meta":[],"product_cat":[1590],"product_tag":[],"class_list":{"0":"post-49798","1":"product","2":"type-product","3":"status-publish","4":"has-post-thumbnail","6":"product_brand-modum_by-lt","7":"product_cat-paakiu-kremai","9":"first","10":"instock","11":"taxable","12":"shipping-taxable","13":"product-type-simple"},"_links":{"self":[{"href":"https:\/\/e.kosmolat.eu\/lt\/wp-json\/wp\/v2\/product\/49798","targetHints":{"allow":["GET"]}}],"collection":[{"href":"https:\/\/e.kosmolat.eu\/lt\/wp-json\/wp\/v2\/product"}],"about":[{"href":"https:\/\/e.kosmolat.eu\/lt\/wp-json\/wp\/v2\/types\/product"}],"wp:featuredmedia":[{"embeddable":true,"href":"https:\/\/e.kosmolat.eu\/lt\/wp-json\/wp\/v2\/media\/91978"}],"wp:attachment":[{"href":"https:\/\/e.kosmolat.eu\/lt\/wp-json\/wp\/v2\/media?parent=49798"}],"wp:term":[{"taxonomy":"product_cat","embeddable":true,"href":"https:\/\/e.kosmolat.eu\/lt\/wp-json\/wp\/v2\/product_cat?post=49798"},{"taxonomy":"product_tag","embeddable":true,"href":"https:\/\/e.kosmolat.eu\/lt\/wp-json\/wp\/v2\/product_tag?post=49798"}],"curies":[{"name":"wp","href":"https:\/\/api.w.org\/{rel}","templated":true}]}}