{"id":49790,"date":"2024-04-16T04:06:57","date_gmt":"2024-04-16T04:06:57","guid":{"rendered":"https:\/\/e.kosmolat.eu\/product\/double-collagen-pro-sejas-serums-mitrinoss-25-g\/"},"modified":"2025-09-20T04:30:59","modified_gmt":"2025-09-20T04:30:59","slug":"double-collagen-pro-sejas-serums-mitrinoss-25-g","status":"publish","type":"product","link":"https:\/\/e.kosmolat.eu\/lt\/produktas\/double-collagen-pro-sejas-serums-mitrinoss-25-g\/","title":{"rendered":"DOUBLE COLLAGEN PRO Dr\u0117kinamasis veido serumas, 30 ml"},"content":{"rendered":"<p>Dr\u0117kinamasis veido serumas &ndash; tai unikalus kolageno, augalini\u0173 ekstrakt\u0173 ir odai naudingiausi\u0173 vitamin\u0173 derinys. <strong>Naujoji Double Collagen Pro formul\u0117<\/strong> sustiprina odos apsaug\u0105 nuo prie&scaron;laikinio sen\u0117jimo, pagerina stangrum\u0105 ir akivaizd\u017eiai suma\u017eina rauk&scaron;li\u0173 atsiradim\u0105. <strong>Vitaminai A ir E<\/strong> sustiprina nat\u016bralias apsaugines ir antioksidacines savybes.<strong> Niacinamidas<\/strong> dr\u0117kina, gerina odos tonus\u0105 ir elastingum\u0105, kovoja su spuogais.<\/p>\n<p><strong>Naudojimas: <\/strong>nedidel\u012f kiek\u012f serumo u\u017etepkite ant anks\u010diau nuvalytos veido odos, vengdami srities aplink akis. Masa\u017euojan\u010diais judesiais paskirstykite, kol visi&scaron;kai \u012fsigers. Gali b\u016bti naudojamas kaip makia\u017eo pagrindas.<\/p>\n<p>Laikyti nuo +5&deg;C iki +25&deg;C temperat\u016broje. Nenaudoti pasibaigus galiojimo laikui.<br \/>\n&nbsp;<\/p>\n","protected":false},"excerpt":{"rendered":"<p>Dr\u0117kinamasis veido serumas &ndash; tai unikalus kolageno, augalini\u0173 ekstrakt\u0173 ir odai naudingiausi\u0173 vitamin\u0173 derinys. Naujoji Double Collagen Pro formul\u0117 sustiprina odos apsaug\u0105 nuo prie&scaron;laikinio sen\u0117jimo, pagerina stangrum\u0105 ir akivaizd\u017eiai suma\u017eina rauk&scaron;li\u0173 atsiradim\u0105. Vitaminai A ir E sustiprina nat\u016bralias apsaugines ir antioksidacines savybes. Niacinamidas dr\u0117kina, gerina odos tonus\u0105 ir elastingum\u0105, kovoja su spuogais. Naudojimas: nedidel\u012f kiek\u012f [&#8230;]\n","protected":false},"featured_media":91958,"template":"","meta":[],"product_cat":[1327],"product_tag":[],"class_list":{"0":"post-49790","1":"product","2":"type-product","3":"status-publish","4":"has-post-thumbnail","6":"product_brand-modum_by-lt","7":"product_cat-serumai","9":"first","10":"outofstock","11":"taxable","12":"shipping-taxable","13":"product-type-simple"},"_links":{"self":[{"href":"https:\/\/e.kosmolat.eu\/lt\/wp-json\/wp\/v2\/product\/49790","targetHints":{"allow":["GET"]}}],"collection":[{"href":"https:\/\/e.kosmolat.eu\/lt\/wp-json\/wp\/v2\/product"}],"about":[{"href":"https:\/\/e.kosmolat.eu\/lt\/wp-json\/wp\/v2\/types\/product"}],"wp:featuredmedia":[{"embeddable":true,"href":"https:\/\/e.kosmolat.eu\/lt\/wp-json\/wp\/v2\/media\/91958"}],"wp:attachment":[{"href":"https:\/\/e.kosmolat.eu\/lt\/wp-json\/wp\/v2\/media?parent=49790"}],"wp:term":[{"taxonomy":"product_cat","embeddable":true,"href":"https:\/\/e.kosmolat.eu\/lt\/wp-json\/wp\/v2\/product_cat?post=49790"},{"taxonomy":"product_tag","embeddable":true,"href":"https:\/\/e.kosmolat.eu\/lt\/wp-json\/wp\/v2\/product_tag?post=49790"}],"curies":[{"name":"wp","href":"https:\/\/api.w.org\/{rel}","templated":true}]}}