{"id":49762,"date":"2024-04-13T04:04:02","date_gmt":"2024-04-13T04:04:02","guid":{"rendered":"https:\/\/e.kosmolat.eu\/product\/modum-cult-antioksidanta-sejas-maska-75-g\/"},"modified":"2025-09-20T04:38:41","modified_gmt":"2025-09-20T04:38:41","slug":"modum-cult-antioksidanta-sejas-maska-75-g","status":"publish","type":"product","link":"https:\/\/e.kosmolat.eu\/lt\/produktas\/modum-cult-antioksidanta-sejas-maska-75-g\/","title":{"rendered":"MODUM CULT Antioksidacin\u0117 veido kauk\u0117, 75 g"},"content":{"rendered":"<p>Anti-pollution; dr\u0117kinimas ir atk\u016brimas; rauk&scaron;les i&scaron;lyginantis efektas.<\/p>\n<p>Antioksidacin\u0117 kauk\u0117 b\u016btina visiems miesto gyventojams ir intensyvaus gyvenimo tempo \u017emon\u0117ms, patiriantiems nuolatin\u012f stres\u0105 ir nuovarg\u012f.<\/p>\n<ul>\n<li><strong>Peptilium&reg; biopeptid\u0173 kompleksas,<\/strong> augalinis retinolio analogas, suteikia rauk&scaron;les lyginam\u0105j\u012f poveik\u012f, skatina kolageno sintez\u0119, stiprina odos antioksidacin\u0119 apsaug\u0105 ir suteikia odai &scaron;vyt\u0117jimo.<\/li>\n<li><strong>Er&scaron;k\u0117tuogi\u0173 ekstraktas<\/strong> saugo nuo kasdienio oksidacinio streso ir apsaugo nuo prie&scaron;laikinio sen\u0117jimo.<\/li>\n<li><strong>Bisabololis<\/strong> ir taukmed\u017ei\u0173 sviestas dr\u0117kina ir turi galing\u0105 antistresin\u012f bei apsaugin\u012f poveik\u012f.<\/li>\n<li><strong>Skirtingos molekulin\u0117s mas\u0117s hialurono r\u016bg&scaron;tis<\/strong> ir pantenolis apsaugo nuo odos i&scaron;saus\u0117jimo, daro j\u0105 lygi\u0105 ir spindin\u010di\u0105.<\/li>\n<\/ul>\n<p>Naudojimas tepkite ant &scaron;varios veido odos. Laikykite: 10 minu\u010di\u0173 Tada nuplaukite vandeniu. Rekomenduojama naudoti 1-2 kartus per savait\u0119.<\/p>\n<p>Laikyti nuo +5 &deg;C iki +25 &deg;C temperat\u016broje. Nenaudoti pasibaigus galiojimo laikui.<br \/>\n&nbsp;<\/p>\n","protected":false},"excerpt":{"rendered":"<p>Anti-pollution; dr\u0117kinimas ir atk\u016brimas; rauk&scaron;les i&scaron;lyginantis efektas. Antioksidacin\u0117 kauk\u0117 b\u016btina visiems miesto gyventojams ir intensyvaus gyvenimo tempo \u017emon\u0117ms, patiriantiems nuolatin\u012f stres\u0105 ir nuovarg\u012f. Peptilium&reg; biopeptid\u0173 kompleksas, augalinis retinolio analogas, suteikia rauk&scaron;les lyginam\u0105j\u012f poveik\u012f, skatina kolageno sintez\u0119, stiprina odos antioksidacin\u0119 apsaug\u0105 ir suteikia odai &scaron;vyt\u0117jimo. Er&scaron;k\u0117tuogi\u0173 ekstraktas saugo nuo kasdienio oksidacinio streso ir apsaugo nuo prie&scaron;laikinio [&#8230;]\n","protected":false},"featured_media":92046,"template":"","meta":[],"product_cat":[1369],"product_tag":[],"class_list":{"0":"post-49762","1":"product","2":"type-product","3":"status-publish","4":"has-post-thumbnail","6":"product_brand-modum_by-lt","7":"product_cat-veido-kaukes","9":"first","10":"outofstock","11":"taxable","12":"shipping-taxable","13":"product-type-simple"},"_links":{"self":[{"href":"https:\/\/e.kosmolat.eu\/lt\/wp-json\/wp\/v2\/product\/49762","targetHints":{"allow":["GET"]}}],"collection":[{"href":"https:\/\/e.kosmolat.eu\/lt\/wp-json\/wp\/v2\/product"}],"about":[{"href":"https:\/\/e.kosmolat.eu\/lt\/wp-json\/wp\/v2\/types\/product"}],"wp:featuredmedia":[{"embeddable":true,"href":"https:\/\/e.kosmolat.eu\/lt\/wp-json\/wp\/v2\/media\/92046"}],"wp:attachment":[{"href":"https:\/\/e.kosmolat.eu\/lt\/wp-json\/wp\/v2\/media?parent=49762"}],"wp:term":[{"taxonomy":"product_cat","embeddable":true,"href":"https:\/\/e.kosmolat.eu\/lt\/wp-json\/wp\/v2\/product_cat?post=49762"},{"taxonomy":"product_tag","embeddable":true,"href":"https:\/\/e.kosmolat.eu\/lt\/wp-json\/wp\/v2\/product_tag?post=49762"}],"curies":[{"name":"wp","href":"https:\/\/api.w.org\/{rel}","templated":true}]}}