{"id":49730,"date":"2024-04-13T04:02:46","date_gmt":"2024-04-13T04:02:46","guid":{"rendered":"https:\/\/e.kosmolat.eu\/product\/double-collagen-pro-krems-fluids-sejai-un-dekolte-zonai-modelejoss-75-g\/"},"modified":"2025-09-20T04:36:00","modified_gmt":"2025-09-20T04:36:00","slug":"double-collagen-pro-krems-fluids-sejai-un-dekolte-zonai-modelejoss-75-g","status":"publish","type":"product","link":"https:\/\/e.kosmolat.eu\/lt\/produktas\/double-collagen-pro-krems-fluids-sejai-un-dekolte-zonai-modelejoss-75-g\/","title":{"rendered":"DOUBLE COLLAGEN PRO Kremas-fluidas veidui ir dekolt\u0117 zonai Modeliuojantis, 75 g"},"content":{"rendered":"<p>&Scaron;velnus kremas fluidas skystis su kolagenu suteiks j\u016bs\u0173 odai maitinam\u0105j\u012f ir gaivinant\u012f poveik\u012f, tod\u0117l oda taps elastinga, tanki ir spindinti. <strong>Naujoji Double Collagen Pro formul\u0117<\/strong> giliai dr\u0117kina od\u0105, suteikia jai sveik\u0105 i&scaron;vaizd\u0105 ir i&scaron;lygina veido spalv\u0105. Be to, produktas skatina nuosavo kolageno gamyb\u0105 ir aktyvina regeneracinius procesus. Naudingomis savyb\u0117mis \u017einomas <strong>niacinamidas <\/strong>dr\u0117kina, gerina odos tonus\u0105 ir elastingum\u0105, kovoja su spuogais. Kitas patikimas komponentas &ndash; <strong>sraigi\u0173 mucinas<\/strong> apsaugo nuo ankstyvo odos sen\u0117jimo ir neleid\u017eia atsirasti rauk&scaron;l\u0117ms.<\/p>\n<p><strong>Naudojimas:<\/strong> lengvais masa\u017eo judesiais u\u017etepkite krem\u0105 &ndash; fluid\u0105 &nbsp;nuvalytos veido ir dekolt\u0117 odos. Gali b\u016bti naudojamas kaip makia\u017eo pagrindas.<\/p>\n<p>Laikyti nuo +5&deg;C iki +25&deg;C temperat\u016broje. Nenaudoti pasibaigus galiojimo laikui.<br \/>\n&nbsp;<\/p>\n","protected":false},"excerpt":{"rendered":"<p>&Scaron;velnus kremas fluidas skystis su kolagenu suteiks j\u016bs\u0173 odai maitinam\u0105j\u012f ir gaivinant\u012f poveik\u012f, tod\u0117l oda taps elastinga, tanki ir spindinti. Naujoji Double Collagen Pro formul\u0117 giliai dr\u0117kina od\u0105, suteikia jai sveik\u0105 i&scaron;vaizd\u0105 ir i&scaron;lygina veido spalv\u0105. Be to, produktas skatina nuosavo kolageno gamyb\u0105 ir aktyvina regeneracinius procesus. Naudingomis savyb\u0117mis \u017einomas niacinamidas dr\u0117kina, gerina odos tonus\u0105 [&#8230;]\n","protected":false},"featured_media":92034,"template":"","meta":[],"product_cat":[1327],"product_tag":[],"class_list":{"0":"post-49730","1":"product","2":"type-product","3":"status-publish","4":"has-post-thumbnail","6":"product_brand-modum_by-lt","7":"product_cat-serumai","9":"first","10":"outofstock","11":"taxable","12":"shipping-taxable","13":"product-type-simple"},"_links":{"self":[{"href":"https:\/\/e.kosmolat.eu\/lt\/wp-json\/wp\/v2\/product\/49730","targetHints":{"allow":["GET"]}}],"collection":[{"href":"https:\/\/e.kosmolat.eu\/lt\/wp-json\/wp\/v2\/product"}],"about":[{"href":"https:\/\/e.kosmolat.eu\/lt\/wp-json\/wp\/v2\/types\/product"}],"wp:featuredmedia":[{"embeddable":true,"href":"https:\/\/e.kosmolat.eu\/lt\/wp-json\/wp\/v2\/media\/92034"}],"wp:attachment":[{"href":"https:\/\/e.kosmolat.eu\/lt\/wp-json\/wp\/v2\/media?parent=49730"}],"wp:term":[{"taxonomy":"product_cat","embeddable":true,"href":"https:\/\/e.kosmolat.eu\/lt\/wp-json\/wp\/v2\/product_cat?post=49730"},{"taxonomy":"product_tag","embeddable":true,"href":"https:\/\/e.kosmolat.eu\/lt\/wp-json\/wp\/v2\/product_tag?post=49730"}],"curies":[{"name":"wp","href":"https:\/\/api.w.org\/{rel}","templated":true}]}}