{"id":49667,"date":"2024-04-12T04:31:16","date_gmt":"2024-04-12T04:31:16","guid":{"rendered":"https:\/\/e.kosmolat.eu\/product\/%d0%bca%d1%82cs%d1%83z%d1%89c%d0%b9-%d1%84ezca-modum-cult-50-n\/"},"modified":"2025-09-20T04:38:55","modified_gmt":"2025-09-20T04:38:55","slug":"modum-cult-matejoss-sejas-fluids-50-g","status":"publish","type":"product","link":"https:\/\/e.kosmolat.eu\/lt\/produktas\/modum-cult-matejoss-sejas-fluids-50-g\/","title":{"rendered":"MODUM CULT Matinantis fluidas, 50 g"},"content":{"rendered":"<p>Fluidas mi&scaron;riai ir riebiai odai. Diena\/ naktis. Ma\u017eina rieb\u0173 blizges\u012f; palaiko sveik\u0105 mikrobiom\u0105; &ldquo;anti-pollution&ldquo;. Nesvarus fluidas puikiai tinka kasdieniam naudojimui bet kuriuo paros metu.&nbsp;<\/p>\n<ul>\n<li><strong>Peptilium&reg; biopeptid\u0173 kompleksas<\/strong>, augalinis retinolio analogas, suteikia rauk&scaron;les lyginam\u0105j\u012f poveik\u012f, skatina kolageno sintez\u0119, stiprina odos antioksidacin\u0119 apsaug\u0105 ir suteikia odai &scaron;vyt\u0117jimo.<\/li>\n<li><strong>Niacinamidas<\/strong> reguliuoja riebal\u0173 gamyb\u0105, siaurina poras, skaistina od\u0105, skatina keramid\u0173 ir kolageno sintez\u0119, palaiko sveik\u0105 odos mikrobiom\u0105.<\/li>\n<li><strong>Skvalanas<\/strong> apsaugo nuo ankstyvo odos sen\u0117jimo ir saugo nuo neigiamo aplinkos poveikio.<\/li>\n<li><strong>Hialurono r\u016bg&scaron;tis<\/strong> prisotina od\u0105 dr\u0117gme, neleid\u017eia jai i&scaron;saus\u0117ti, daro j\u0105 lygi\u0105 ir spindin\u010di\u0105.<\/li>\n<\/ul>\n<p><strong>Naudojimas:<\/strong> lengvais masa\u017eo judesiais u\u017etepkite fluid\u0105 &nbsp;ant anks\u010diau nuvalytos veido odos.<\/p>\n<p>Laikyti nuo +5 &deg;C iki +25 &deg;C temperat\u016broje.<br \/>\n&nbsp;<\/p>\n","protected":false},"excerpt":{"rendered":"<p>Fluidas mi&scaron;riai ir riebiai odai. Diena\/ naktis. Ma\u017eina rieb\u0173 blizges\u012f; palaiko sveik\u0105 mikrobiom\u0105; &ldquo;anti-pollution&ldquo;. Nesvarus fluidas puikiai tinka kasdieniam naudojimui bet kuriuo paros metu.&nbsp; Peptilium&reg; biopeptid\u0173 kompleksas, augalinis retinolio analogas, suteikia rauk&scaron;les lyginam\u0105j\u012f poveik\u012f, skatina kolageno sintez\u0119, stiprina odos antioksidacin\u0119 apsaug\u0105 ir suteikia odai &scaron;vyt\u0117jimo. Niacinamidas reguliuoja riebal\u0173 gamyb\u0105, siaurina poras, skaistina od\u0105, skatina keramid\u0173 [&#8230;]\n","protected":false},"featured_media":92050,"template":"","meta":[],"product_cat":[1327],"product_tag":[],"class_list":{"0":"post-49667","1":"product","2":"type-product","3":"status-publish","4":"has-post-thumbnail","6":"product_brand-modum_by-lt","7":"product_cat-serumai","9":"first","10":"outofstock","11":"taxable","12":"shipping-taxable","13":"product-type-simple"},"_links":{"self":[{"href":"https:\/\/e.kosmolat.eu\/lt\/wp-json\/wp\/v2\/product\/49667","targetHints":{"allow":["GET"]}}],"collection":[{"href":"https:\/\/e.kosmolat.eu\/lt\/wp-json\/wp\/v2\/product"}],"about":[{"href":"https:\/\/e.kosmolat.eu\/lt\/wp-json\/wp\/v2\/types\/product"}],"wp:featuredmedia":[{"embeddable":true,"href":"https:\/\/e.kosmolat.eu\/lt\/wp-json\/wp\/v2\/media\/92050"}],"wp:attachment":[{"href":"https:\/\/e.kosmolat.eu\/lt\/wp-json\/wp\/v2\/media?parent=49667"}],"wp:term":[{"taxonomy":"product_cat","embeddable":true,"href":"https:\/\/e.kosmolat.eu\/lt\/wp-json\/wp\/v2\/product_cat?post=49667"},{"taxonomy":"product_tag","embeddable":true,"href":"https:\/\/e.kosmolat.eu\/lt\/wp-json\/wp\/v2\/product_tag?post=49667"}],"curies":[{"name":"wp","href":"https:\/\/api.w.org\/{rel}","templated":true}]}}