{"id":49635,"date":"2024-04-12T04:27:07","date_gmt":"2024-04-12T04:27:07","guid":{"rendered":"https:\/\/e.kosmolat.eu\/product\/%d0%bc%d1%83eu%d1%82c%d0%ba%d0%be%d0%bc%d0%bfe%d0%b5%d0%ba%d1%81%d0%bda%d1%8f-%d1%81u%d0%b2%d0%bes%d0%be%d1%82%d0%baa-a%d0%bd%d1%82c%d1%81%d1%82s%d0%b5%d1%81%d1%81-modum-cult-30-n\/"},"modified":"2025-09-20T04:31:14","modified_gmt":"2025-09-20T04:31:14","slug":"modum-cult-multikompleksa-serums-antistress-30-g","status":"publish","type":"product","link":"https:\/\/e.kosmolat.eu\/lt\/produktas\/modum-cult-multikompleksa-serums-antistress-30-g\/","title":{"rendered":"MODUM CULT Multicomplex serumas Antistress, 30 g"},"content":{"rendered":"<p>L\u0117tina sen\u0117jimo po\u017eymius; &ldquo;anti-pollution&ldquo;; suteikia gaivumo ir sveiko spindesio.<\/p>\n<ul>\n<li><strong>Biopeptid\u0173 kompleksas Peptilium&reg;, <\/strong>augalinis retinolio analogas, suteikia rauk&scaron;les i&scaron;lyginant\u012f poveik\u012f, skatina kolageno sintez\u0119, sustiprina antioksidacin\u0119 odos apsaug\u0105, atkuria epidermio stor\u012f ir suteikia odai &scaron;vyt\u0117jimo.<\/li>\n<li><strong>Speciali aminor\u016bg&scaron;tis<\/strong> apsaugo nuo dr\u0117gm\u0117s praradimo, saugo od\u0105 nuo i&scaron;saus\u0117jimo, kur\u012f sukelia klimato stresas.<\/li>\n<li><strong>Skirtingos molekulin\u0117s mas\u0117s hialurono r\u016bg&scaron;tis<\/strong> giliai dr\u0117kina, lygina rauk&scaron;les, gerina odos barjerin\u0119 funkcij\u0105, daro od\u0105 stangri\u0105 ir elasting\u0105.<\/li>\n<li><strong>Gervuogi\u0173 ir alavij\u0173 ekstraktai <\/strong>tonizuoja od\u0105, gerina l\u0105steli\u0173 atsinaujinim\u0105 ir neutralizuoja laisv\u0173j\u0173 radikal\u0173 poveik\u012f, saugo od\u0105 miesto aplinkoje.<\/li>\n<\/ul>\n<p><strong>Naudojimas:<\/strong> nedidel\u012f kiek\u012f serumo u\u017etepkite ant &scaron;varios odos, tolygiai paskirstykite pir&scaron;t\u0173 galiukais arba masa\u017eo voleliu.<\/p>\n<p>Laikyti nuo +5 &deg;C iki +25 &deg;C temperat\u016broje. Nenaudoti pasibaigus galiojimo laikui.<br \/>\n&nbsp;<\/p>\n","protected":false},"excerpt":{"rendered":"<p>L\u0117tina sen\u0117jimo po\u017eymius; &ldquo;anti-pollution&ldquo;; suteikia gaivumo ir sveiko spindesio. Biopeptid\u0173 kompleksas Peptilium&reg;, augalinis retinolio analogas, suteikia rauk&scaron;les i&scaron;lyginant\u012f poveik\u012f, skatina kolageno sintez\u0119, sustiprina antioksidacin\u0119 odos apsaug\u0105, atkuria epidermio stor\u012f ir suteikia odai &scaron;vyt\u0117jimo. Speciali aminor\u016bg&scaron;tis apsaugo nuo dr\u0117gm\u0117s praradimo, saugo od\u0105 nuo i&scaron;saus\u0117jimo, kur\u012f sukelia klimato stresas. Skirtingos molekulin\u0117s mas\u0117s hialurono r\u016bg&scaron;tis giliai dr\u0117kina, lygina [&#8230;]\n","protected":false},"featured_media":91962,"template":"","meta":[],"product_cat":[1327],"product_tag":[],"class_list":{"0":"post-49635","1":"product","2":"type-product","3":"status-publish","4":"has-post-thumbnail","6":"product_brand-modum_by-lt","7":"product_cat-serumai","9":"first","10":"outofstock","11":"taxable","12":"shipping-taxable","13":"product-type-simple"},"_links":{"self":[{"href":"https:\/\/e.kosmolat.eu\/lt\/wp-json\/wp\/v2\/product\/49635","targetHints":{"allow":["GET"]}}],"collection":[{"href":"https:\/\/e.kosmolat.eu\/lt\/wp-json\/wp\/v2\/product"}],"about":[{"href":"https:\/\/e.kosmolat.eu\/lt\/wp-json\/wp\/v2\/types\/product"}],"wp:featuredmedia":[{"embeddable":true,"href":"https:\/\/e.kosmolat.eu\/lt\/wp-json\/wp\/v2\/media\/91962"}],"wp:attachment":[{"href":"https:\/\/e.kosmolat.eu\/lt\/wp-json\/wp\/v2\/media?parent=49635"}],"wp:term":[{"taxonomy":"product_cat","embeddable":true,"href":"https:\/\/e.kosmolat.eu\/lt\/wp-json\/wp\/v2\/product_cat?post=49635"},{"taxonomy":"product_tag","embeddable":true,"href":"https:\/\/e.kosmolat.eu\/lt\/wp-json\/wp\/v2\/product_tag?post=49635"}],"curies":[{"name":"wp","href":"https:\/\/api.w.org\/{rel}","templated":true}]}}