{"id":49623,"date":"2024-04-12T04:26:29","date_gmt":"2024-04-12T04:26:29","guid":{"rendered":"https:\/\/e.kosmolat.eu\/product\/mr-hd-pedu-krems-ar-25-urinv-75-ml\/"},"modified":"2026-04-23T09:30:15","modified_gmt":"2026-04-23T09:30:15","slug":"mr-hd-pedu-krems-ar-25-urinv-75-ml","status":"publish","type":"product","link":"https:\/\/e.kosmolat.eu\/lt\/produktas\/mr-hd-pedu-krems-ar-25-urinv-75-ml\/","title":{"rendered":"Mellor &#038; Russell Heavy Duty p\u0117d\u0173 kremas su 25% karbamidu Urea, 75 ml"},"content":{"rendered":"<p>P\u0117d\u0173 kremas su 25% karbamidu, taukmed\u017eio sviestu ir levandomis. U\u017etikrina veiksming\u0105 sausos ir stipriai \u012ftr\u016bkusios p\u0117d\u0173 odos prie\u017ei\u016br\u0105. Formul\u0117 praturtinta D-pantenoliu, kuris mink&scaron;tina od\u0105, o taukmed\u017ei\u0173 sviestas maitina ir dr\u0117kina. Reguliariai naudojant, &scaron;iurk&scaron;ti ir \u012ftr\u016bkusi oda tampa &scaron;velni, lygi ir elastinga.<\/p>\n<p><strong>Aktyv\u016bs ingredientai:<\/strong><\/p>\n<ul>\n<li>Karbamidas &nbsp;UREA 25% &ndash; dr\u0117kina<\/li>\n<li>Taukmed\u017eio sviestas &ndash; padidina elastingum\u0105<\/li>\n<li>Vitaminas E &ndash; dr\u0117kina<\/li>\n<li>D-Panthenol &ndash; mink&scaron;tina<\/li>\n<li>Levand\u0173 aliejus &ndash; dezodoruoja<\/li>\n<\/ul>\n<p><strong>Naudojimas:<\/strong> vien\u0105 ar du kartus per dien\u0105 tepkite nuplaut\u0105 ir nusausint\u0105 od\u0105 p\u0117d\u0173 kremu. Nor\u0117dami pagreitinti proces\u0105, maudymosi metu pa&scaron;alinkite pavir&scaron;in\u012f negyvos odos sluoksn\u012f, naudodami pemzos akmen\u012f arba kulno dild\u0119, tada gausiai kremo patepkite sustor\u0117jusios, &scaron;iurk&scaron;\u010dios odos vietas. Nor\u0117dami gauti geriausius rezultatus, naudokite kartu su p\u0117d\u0173 balzamu Foot Balm Macadamia &amp; Mint Oil.<br \/>\n&nbsp;<\/p>\n","protected":false},"excerpt":{"rendered":"<p>P\u0117d\u0173 kremas su 25% karbamidu, taukmed\u017eio sviestu ir levandomis. U\u017etikrina veiksming\u0105 sausos ir stipriai \u012ftr\u016bkusios p\u0117d\u0173 odos prie\u017ei\u016br\u0105. Formul\u0117 praturtinta D-pantenoliu, kuris mink&scaron;tina od\u0105, o taukmed\u017ei\u0173 sviestas maitina ir dr\u0117kina. Reguliariai naudojant, &scaron;iurk&scaron;ti ir \u012ftr\u016bkusi oda tampa &scaron;velni, lygi ir elastinga. Aktyv\u016bs ingredientai: Karbamidas &nbsp;UREA 25% &ndash; dr\u0117kina Taukmed\u017eio sviestas &ndash; padidina elastingum\u0105 Vitaminas E [&#8230;]\n","protected":false},"featured_media":89434,"template":"","meta":[],"product_cat":[1763],"product_tag":[],"class_list":{"0":"post-49623","1":"product","2":"type-product","3":"status-publish","4":"has-post-thumbnail","6":"product_brand-rubella-bg-lt","7":"product_cat-koju-prieziuros-kosmetika","9":"first","10":"instock","11":"taxable","12":"shipping-taxable","13":"product-type-simple"},"_links":{"self":[{"href":"https:\/\/e.kosmolat.eu\/lt\/wp-json\/wp\/v2\/product\/49623","targetHints":{"allow":["GET"]}}],"collection":[{"href":"https:\/\/e.kosmolat.eu\/lt\/wp-json\/wp\/v2\/product"}],"about":[{"href":"https:\/\/e.kosmolat.eu\/lt\/wp-json\/wp\/v2\/types\/product"}],"wp:featuredmedia":[{"embeddable":true,"href":"https:\/\/e.kosmolat.eu\/lt\/wp-json\/wp\/v2\/media\/89434"}],"wp:attachment":[{"href":"https:\/\/e.kosmolat.eu\/lt\/wp-json\/wp\/v2\/media?parent=49623"}],"wp:term":[{"taxonomy":"product_cat","embeddable":true,"href":"https:\/\/e.kosmolat.eu\/lt\/wp-json\/wp\/v2\/product_cat?post=49623"},{"taxonomy":"product_tag","embeddable":true,"href":"https:\/\/e.kosmolat.eu\/lt\/wp-json\/wp\/v2\/product_tag?post=49623"}],"curies":[{"name":"wp","href":"https:\/\/api.w.org\/{rel}","templated":true}]}}