{"id":49615,"date":"2024-04-12T04:26:11","date_gmt":"2024-04-12T04:26:11","guid":{"rendered":"https:\/\/e.kosmolat.eu\/product\/dental-zobu-birste-soft-care-kids-3\/"},"modified":"2024-10-18T13:00:40","modified_gmt":"2024-10-18T13:00:40","slug":"dental-zobu-birste-soft-care-kids-3","status":"publish","type":"product","link":"https:\/\/e.kosmolat.eu\/lt\/produktas\/dental-zobu-birste-soft-care-kids-3\/","title":{"rendered":"DENTAL Dant\u0173 \u0161epet\u0117lis Soft Care Kids, 3+"},"content":{"rendered":"<p>Specialiai vaikams sukurtas \u0161is dant\u0173 \u0161epet\u0117lis leid\u017eia \u0161velniai ir kruop\u0161\u010diai i\u0161sivalyti dantis. &Scaron;velni galvut\u0117 prasiskverbia \u012f visas sunkiai pasiekiamas vietas ir apsaugo dantenas nuo su\u017eeidim\u0173. Mink\u0161ti ir suapvalinti \u0161ereliai apsaugo vaik\u0173 dantenas ir dant\u0173 emal\u012f. Ergonomi\u0161ka rankena suteikia papildomo komforto. Naudokite tik pri\u017ei\u016brint suaugusiems.<\/p>\n","protected":false},"excerpt":{"rendered":"<p>Specialiai vaikams sukurtas \u0161is dant\u0173 \u0161epet\u0117lis leid\u017eia \u0161velniai ir kruop\u0161\u010diai i\u0161sivalyti dantis. &Scaron;velni galvut\u0117 prasiskverbia \u012f visas sunkiai pasiekiamas vietas ir apsaugo dantenas nuo su\u017eeidim\u0173. Mink\u0161ti ir suapvalinti \u0161ereliai apsaugo vaik\u0173 dantenas ir dant\u0173 emal\u012f. Ergonomi\u0161ka rankena suteikia papildomo komforto. Naudokite tik pri\u017ei\u016brint suaugusiems.<\/p>\n","protected":false},"featured_media":49617,"template":"","meta":[],"product_cat":[1337],"product_tag":[],"class_list":{"0":"post-49615","1":"product","2":"type-product","3":"status-publish","4":"has-post-thumbnail","6":"product_brand-rubella-inopharm-dental-deba-mistergroomer-topten-quackquack-lt","7":"product_cat-burnos-higiena","9":"first","10":"outofstock","11":"taxable","12":"shipping-taxable","13":"product-type-simple"},"_links":{"self":[{"href":"https:\/\/e.kosmolat.eu\/lt\/wp-json\/wp\/v2\/product\/49615","targetHints":{"allow":["GET"]}}],"collection":[{"href":"https:\/\/e.kosmolat.eu\/lt\/wp-json\/wp\/v2\/product"}],"about":[{"href":"https:\/\/e.kosmolat.eu\/lt\/wp-json\/wp\/v2\/types\/product"}],"wp:featuredmedia":[{"embeddable":true,"href":"https:\/\/e.kosmolat.eu\/lt\/wp-json\/wp\/v2\/media\/49617"}],"wp:attachment":[{"href":"https:\/\/e.kosmolat.eu\/lt\/wp-json\/wp\/v2\/media?parent=49615"}],"wp:term":[{"taxonomy":"product_cat","embeddable":true,"href":"https:\/\/e.kosmolat.eu\/lt\/wp-json\/wp\/v2\/product_cat?post=49615"},{"taxonomy":"product_tag","embeddable":true,"href":"https:\/\/e.kosmolat.eu\/lt\/wp-json\/wp\/v2\/product_tag?post=49615"}],"curies":[{"name":"wp","href":"https:\/\/api.w.org\/{rel}","templated":true}]}}