{"id":49607,"date":"2024-04-12T04:25:54","date_gmt":"2024-04-12T04:25:54","guid":{"rendered":"https:\/\/e.kosmolat.eu\/product\/inoph-pe-ella-sejai-un-kaklam-ar-rozes-un-argana-bioel-30-ml\/"},"modified":"2026-03-23T15:08:48","modified_gmt":"2026-03-23T15:08:48","slug":"inoph-pe-ella-sejai-un-kaklam-ar-rozes-un-argana-bioel-30-ml","status":"publish","type":"product","link":"https:\/\/e.kosmolat.eu\/lt\/produktas\/inoph-pe-ella-sejai-un-kaklam-ar-rozes-un-argana-bioel-30-ml\/","title":{"rendered":"INOPHARM PURE ELEMENTS Veido ir kaklo aliejus su ro\u017ei\u0173 ir argan\u0173 bioaliejumi, 30 ml"},"content":{"rendered":"<p>Turtinga formul\u0117: maitinantys ro\u017ei\u0173 ir argan\u0173 bioaliejai. Intensyvi regeneruojanti terapija su bioaliej\u0173 kompleksu. Saugo od\u0105 nuo laisv\u0173j\u0173 radikal\u0173, skatina odos atsinaujinim\u0105 ir l\u0117tina sen\u0117jimo procesus.<\/p>\n<p><strong>Naudojimas:<\/strong> tepkite veid\u0105 ir kakl\u0105, masa\u017euokite, kol visi\u0161kai \u012fsigers. Patekus \u012f akis, kruop\u0161\u010diai nuplaukite vandeniu.<br \/>\n&nbsp;<\/p>\n","protected":false},"excerpt":{"rendered":"<p>Turtinga formul\u0117: maitinantys ro\u017ei\u0173 ir argan\u0173 bioaliejai. Intensyvi regeneruojanti terapija su bioaliej\u0173 kompleksu. Saugo od\u0105 nuo laisv\u0173j\u0173 radikal\u0173, skatina odos atsinaujinim\u0105 ir l\u0117tina sen\u0117jimo procesus. Naudojimas: tepkite veid\u0105 ir kakl\u0105, masa\u017euokite, kol visi\u0161kai \u012fsigers. Patekus \u012f akis, kruop\u0161\u010diai nuplaukite vandeniu. &nbsp;<\/p>\n","protected":false},"featured_media":99574,"template":"","meta":[],"product_cat":[1599],"product_tag":[],"class_list":{"0":"post-49607","1":"product","2":"type-product","3":"status-publish","4":"has-post-thumbnail","6":"product_brand-rubella-bg-lt","7":"product_cat-aliejai-ir-kitos-specifines-priemones","9":"first","10":"instock","11":"taxable","12":"shipping-taxable","13":"product-type-simple"},"_links":{"self":[{"href":"https:\/\/e.kosmolat.eu\/lt\/wp-json\/wp\/v2\/product\/49607","targetHints":{"allow":["GET"]}}],"collection":[{"href":"https:\/\/e.kosmolat.eu\/lt\/wp-json\/wp\/v2\/product"}],"about":[{"href":"https:\/\/e.kosmolat.eu\/lt\/wp-json\/wp\/v2\/types\/product"}],"wp:featuredmedia":[{"embeddable":true,"href":"https:\/\/e.kosmolat.eu\/lt\/wp-json\/wp\/v2\/media\/99574"}],"wp:attachment":[{"href":"https:\/\/e.kosmolat.eu\/lt\/wp-json\/wp\/v2\/media?parent=49607"}],"wp:term":[{"taxonomy":"product_cat","embeddable":true,"href":"https:\/\/e.kosmolat.eu\/lt\/wp-json\/wp\/v2\/product_cat?post=49607"},{"taxonomy":"product_tag","embeddable":true,"href":"https:\/\/e.kosmolat.eu\/lt\/wp-json\/wp\/v2\/product_tag?post=49607"}],"curies":[{"name":"wp","href":"https:\/\/api.w.org\/{rel}","templated":true}]}}