{"id":49599,"date":"2024-04-11T04:03:59","date_gmt":"2024-04-11T04:03:59","guid":{"rendered":"https:\/\/e.kosmolat.eu\/product\/higienica-kosmetisk-pretpedikulozes-putas-100-ml\/"},"modified":"2026-04-28T08:50:43","modified_gmt":"2026-04-28T08:50:43","slug":"higienica-kosmetisk-pretpedikulozes-putas-100-ml","status":"publish","type":"product","link":"https:\/\/e.kosmolat.eu\/lt\/produktas\/higienica-kosmetisk-pretpedikulozes-putas-100-ml\/","title":{"rendered":"DANHSON HIGIENICA Kosmetin\u0117s putos prie\u0161 pedikulioz\u0119, 100 ml"},"content":{"rendered":"<p>Komplekte yra &scaron;ukos.<\/p>\n<p><strong>Privalumai:<\/strong><\/p>\n<ul>\n<li>Lengva tepti;<\/li>\n<li>Lengvai nuplaunamas;<\/li>\n<li>&Scaron;velnus galvos odai;<\/li>\n<li>Neturi nemalonaus kvapo;<\/li>\n<li>Sud\u0117tyje n\u0117ra chemini\u0173 ar biologi&scaron;kai aktyvi\u0173 chemini\u0173 med\u017eiag\u0173;<\/li>\n<li>Be tirpikli\u0173, kurie gali sukelti problem\u0173 astma sergantiems \u017emon\u0117ms.<\/li>\n<\/ul>\n<p><strong>Naudojimas: <\/strong>prie&scaron; naudojim\u0105 suplakti, putomis tepti plaukus nuo &scaron;akn\u0173 iki galiuk\u0173. I&scaron;d\u017eiovinkite plaukus d\u017eiovintuvu arba leiskite plaukams i&scaron;d\u017ei\u016bti patiems. Palikite per nakt\u012f arba vis\u0105 dien\u0105, ma\u017eiausiai 8 valandas. I&scaron;skalaukite plaukus kaip \u012fprasta. Kad poveikis b\u016bt\u0173 geresnis, pakartokite po 7 dien\u0173. Produkto pakanka vidutini&scaron;kai &nbsp;4-iems kartams.<\/p>\n<p><strong>Atsargumo priemon\u0117s:<\/strong> visada saugokite plaukus nuo atviros liepsnos. Nenaudokite, jei esate jautr\u016bs bet kuriai i&scaron; sudedam\u0173j\u0173 dali\u0173. Jei atsiranda b\u0117rim\u0173 ar kit\u0173 alergijos po\u017eymi\u0173, vartojim\u0105 nutraukite. I&scaron;plaukite plaukus ir galvos od\u0105 vandeniu bei &scaron;amp\u016bnu ir kreipkit\u0117s \u012f gydytoj\u0105. Netepkite ant pa\u017eeistos odos. Patekus \u012f akis, praplauti vandeniu. Jei dirginimas nepraeina, kreipkit\u0117s medicinin\u0117s pagalbos. Tik i&scaron;oriniam naudojimui.&nbsp;<\/p>\n<p>Laikyti \u017eemesn\u0117je nei +25&deg;C temperat\u016broje, originalioje pakuot\u0117je. Laikyti vaikams nepasiekiamoje vietoje. Nenaudoti pasibaigus tinkamumo laikui, nurodytam ant pakuot\u0117s.<br \/>\n&nbsp;<\/p>\n","protected":false},"excerpt":{"rendered":"<p>Komplekte yra &scaron;ukos. Privalumai: Lengva tepti; Lengvai nuplaunamas; &Scaron;velnus galvos odai; Neturi nemalonaus kvapo; Sud\u0117tyje n\u0117ra chemini\u0173 ar biologi&scaron;kai aktyvi\u0173 chemini\u0173 med\u017eiag\u0173; Be tirpikli\u0173, kurie gali sukelti problem\u0173 astma sergantiems \u017emon\u0117ms. Naudojimas: prie&scaron; naudojim\u0105 suplakti, putomis tepti plaukus nuo &scaron;akn\u0173 iki galiuk\u0173. I&scaron;d\u017eiovinkite plaukus d\u017eiovintuvu arba leiskite plaukams i&scaron;d\u017ei\u016bti patiems. Palikite per nakt\u012f arba vis\u0105 [&#8230;]\n","protected":false},"featured_media":92466,"template":"","meta":[],"product_cat":[2181],"product_tag":[],"class_list":{"0":"post-49599","1":"product","2":"type-product","3":"status-publish","4":"has-post-thumbnail","6":"product_brand-sale-lt","7":"product_cat-bez-kategorijas-lt","9":"first","10":"instock","11":"taxable","12":"shipping-taxable","13":"product-type-simple"},"_links":{"self":[{"href":"https:\/\/e.kosmolat.eu\/lt\/wp-json\/wp\/v2\/product\/49599","targetHints":{"allow":["GET"]}}],"collection":[{"href":"https:\/\/e.kosmolat.eu\/lt\/wp-json\/wp\/v2\/product"}],"about":[{"href":"https:\/\/e.kosmolat.eu\/lt\/wp-json\/wp\/v2\/types\/product"}],"wp:featuredmedia":[{"embeddable":true,"href":"https:\/\/e.kosmolat.eu\/lt\/wp-json\/wp\/v2\/media\/92466"}],"wp:attachment":[{"href":"https:\/\/e.kosmolat.eu\/lt\/wp-json\/wp\/v2\/media?parent=49599"}],"wp:term":[{"taxonomy":"product_cat","embeddable":true,"href":"https:\/\/e.kosmolat.eu\/lt\/wp-json\/wp\/v2\/product_cat?post=49599"},{"taxonomy":"product_tag","embeddable":true,"href":"https:\/\/e.kosmolat.eu\/lt\/wp-json\/wp\/v2\/product_tag?post=49599"}],"curies":[{"name":"wp","href":"https:\/\/api.w.org\/{rel}","templated":true}]}}