{"id":49591,"date":"2024-04-11T04:03:43","date_gmt":"2024-04-11T04:03:43","guid":{"rendered":"https:\/\/e.kosmolat.eu\/product\/higienica-plus-kosmetisk-pretpedikulozes-losjons-60-ml\/"},"modified":"2026-03-20T08:44:02","modified_gmt":"2026-03-20T08:44:02","slug":"higienica-plus-kosmetisk-pretpedikulozes-losjons-60-ml","status":"publish","type":"product","link":"https:\/\/e.kosmolat.eu\/lt\/produktas\/higienica-plus-kosmetisk-pretpedikulozes-losjons-60-ml\/","title":{"rendered":"DANHSON HIGIENICA PLUS Kosmetinis losjonas prie\u0161 pedikulioz\u0119, 60 ml"},"content":{"rendered":"<p>Komplekte yra &scaron;ukos.<\/p>\n<p>Produkto sud\u0117tyje n\u0117ra chemi&scaron;kai ar biologi&scaron;kai aktyvi\u0173 chemini\u0173 med\u017eiag\u0173. Sud\u0117tyje yra dimetikono. Saugus vaikams iki 3 met\u0173, n\u0117&scaron;\u010dioms ir kr\u016btimi maitinan\u010dioms moterims bei astma sergantiems \u017emon\u0117ms.<\/p>\n<p><strong>Naudojimo instrukcija:<\/strong><\/p>\n<p>1 \u017eingsnis: pasiruo&scaron;imas,- prie&scaron; naudojim\u0105 u\u017edenkite pe\u010dius rank&scaron;luos\u010diu.<br \/>\n2 \u017eingsnis: prie&scaron; naudojim\u0105 suplakite buteliuk\u0105, padalinkite plaukus \u012f dalis ir purk&scaron;kite losjon\u0105 ant sruog\u0173 nuo &scaron;akn\u0173 iki galiuk\u0173, kol bus apdorota visa galva. Svarbu, kad produktas patekt\u0173 \u012f plauk\u0173 &scaron;aknis. Ypa\u010d svarbios vietos yra u\u017e aus\u0173 ir kaklo srityje.<br \/>\n3 \u017eingsnis: masa\u017euokite galvos od\u0105 ir plaukus, kol produktas visi&scaron;kai \u012fsigers.<br \/>\n4 \u017eingsnis: palikite produkt\u0105 ant galvos 1 valand\u0105.<br \/>\n5 \u017eingsnis: padalinkite plaukus \u012f 4 4-5 cm plo\u010dio sruogas.Kiekvien\u0105 sruog\u0105 prad\u0117kite &scaron;ukuoti lygiais judesiais nuo galvos &scaron;akn\u0173 iki galiuk\u0173, naudodami specialias &scaron;ukas. Prie&scaron; t\u0119sdami kit\u0173 sruog\u0173 &scaron;ukavim\u0105, periodi&scaron;kai nuvalykite &scaron;ukas, kad jos i&scaron;likt\u0173 &scaron;varios.<br \/>\n6 \u017eingsnis: kruop&scaron;\u010diai i&scaron;skalaukite plaukus &scaron;iltu vandeniu ir &scaron;amp\u016bnu.<br \/>\n7 \u017eingsnis: po savait\u0117s pakartokite proced\u016br\u0105. Produkt\u0105 rekomenduojama naudoti kas savait\u0119 tris savaites &nbsp;i&scaron; eil\u0117s.<\/p>\n<p><strong>Atsargumo priemon\u0117s:<\/strong><\/p>\n<ul>\n<li>Produkt\u0105 galima naudoti pakartotinai;<\/li>\n<li>Venkite patekimo \u012f akis. Patekus \u012f akis, kruop&scaron;\u010diai nuplaukite vandeniu.<\/li>\n<li>Nenaudoti vaikams iki 3 met\u0173 am\u017eiaus.<\/li>\n<\/ul>\n<p>Laikyti ne auk&scaron;tesn\u0117je kaip + 25&deg;C temperat\u016broje, originalioje pakuot\u0117je. Laikyti vaikams nepasiekiamoje vietoje. Nenaudoti pasibaigus tinkamumo laikui, nurodytam ant pakuot\u0117s.<br \/>\n&nbsp;<\/p>\n","protected":false},"excerpt":{"rendered":"<p>Komplekte yra &scaron;ukos. Produkto sud\u0117tyje n\u0117ra chemi&scaron;kai ar biologi&scaron;kai aktyvi\u0173 chemini\u0173 med\u017eiag\u0173. Sud\u0117tyje yra dimetikono. Saugus vaikams iki 3 met\u0173, n\u0117&scaron;\u010dioms ir kr\u016btimi maitinan\u010dioms moterims bei astma sergantiems \u017emon\u0117ms. Naudojimo instrukcija: 1 \u017eingsnis: pasiruo&scaron;imas,- prie&scaron; naudojim\u0105 u\u017edenkite pe\u010dius rank&scaron;luos\u010diu. 2 \u017eingsnis: prie&scaron; naudojim\u0105 suplakite buteliuk\u0105, padalinkite plaukus \u012f dalis ir purk&scaron;kite losjon\u0105 ant sruog\u0173 nuo [&#8230;]\n","protected":false},"featured_media":92462,"template":"","meta":[],"product_cat":[2181],"product_tag":[],"class_list":{"0":"post-49591","1":"product","2":"type-product","3":"status-publish","4":"has-post-thumbnail","6":"product_brand-sale-lt","7":"product_cat-bez-kategorijas-lt","9":"first","10":"instock","11":"taxable","12":"shipping-taxable","13":"product-type-simple"},"_links":{"self":[{"href":"https:\/\/e.kosmolat.eu\/lt\/wp-json\/wp\/v2\/product\/49591","targetHints":{"allow":["GET"]}}],"collection":[{"href":"https:\/\/e.kosmolat.eu\/lt\/wp-json\/wp\/v2\/product"}],"about":[{"href":"https:\/\/e.kosmolat.eu\/lt\/wp-json\/wp\/v2\/types\/product"}],"wp:featuredmedia":[{"embeddable":true,"href":"https:\/\/e.kosmolat.eu\/lt\/wp-json\/wp\/v2\/media\/92462"}],"wp:attachment":[{"href":"https:\/\/e.kosmolat.eu\/lt\/wp-json\/wp\/v2\/media?parent=49591"}],"wp:term":[{"taxonomy":"product_cat","embeddable":true,"href":"https:\/\/e.kosmolat.eu\/lt\/wp-json\/wp\/v2\/product_cat?post=49591"},{"taxonomy":"product_tag","embeddable":true,"href":"https:\/\/e.kosmolat.eu\/lt\/wp-json\/wp\/v2\/product_tag?post=49591"}],"curies":[{"name":"wp","href":"https:\/\/api.w.org\/{rel}","templated":true}]}}