{"id":49583,"date":"2024-04-11T04:03:31","date_gmt":"2024-04-11T04:03:31","guid":{"rendered":"https:\/\/e.kosmolat.eu\/product\/%d0%bas%d0%b5%d0%bc-ae%d1%8f-ecoa-modum-%d0%baea%d1%81%d1%81c%d0%baa-%d0%bfc%d1%82a%d1%82%d0%b5eu%d0%bdu%d0%b9-%d1%81%d0%bf%d0%b5s%d0%bcao%d0%b5%d1%82%d0%be%d0%b2u%d0%b9-50-n\/"},"modified":"2025-09-20T04:34:19","modified_gmt":"2025-09-20T04:34:19","slug":"modum-klasika-sejas-kr-barojoss-spermaceta-50-g","status":"publish","type":"product","link":"https:\/\/e.kosmolat.eu\/lt\/produktas\/modum-klasika-sejas-kr-barojoss-spermaceta-50-g\/","title":{"rendered":"MODUM CLASSIC Maitinamasis veido kremas Spermacetovyj, 50 g"},"content":{"rendered":"<p>&Scaron;velnios, malonios tekst\u016bros kremas puikiai r\u016bpinasi oda, u\u017ekertant keli\u0105 dehidratacijos, &scaron;erpetojimo,su traukimo problemoms. Gerai pasiskirsto, lengvai susigeria ir nepalieka riebaus blizgesio. Cetilo palmitatas, pasi\u017eymintis dr\u0117gm\u0119 sulaikan\u010diomis savyb\u0117mis, pasi\u017eymi dr\u0117kinamuoju poveikiu, mink&scaron;tina ir lygina od\u0105. Vitaminas E i&scaron;laiko od\u0105 jaunatvi&scaron;k\u0105.&nbsp;Vis\u0173 tip\u0173 odai. Sud\u0117tyje n\u0117ra dirbtini\u0173 da\u017eikli\u0173 ar gyv\u016bnin\u0117s kilm\u0117s ingredient\u0173.<\/p>\n<p><strong>Naudojimo instrukcijos:<\/strong> tepkite krem\u0105 ant &scaron;varios, sausos veido ir kaklo odos. Nenaudoti pasibaigus galiojimo laikui.<\/p>\n<p>Laikyti nuo +5&deg;C iki +25&deg;C temperat\u016broje.<br \/>\n&nbsp;<\/p>\n","protected":false},"excerpt":{"rendered":"<p>&Scaron;velnios, malonios tekst\u016bros kremas puikiai r\u016bpinasi oda, u\u017ekertant keli\u0105 dehidratacijos, &scaron;erpetojimo,su traukimo problemoms. Gerai pasiskirsto, lengvai susigeria ir nepalieka riebaus blizgesio. Cetilo palmitatas, pasi\u017eymintis dr\u0117gm\u0119 sulaikan\u010diomis savyb\u0117mis, pasi\u017eymi dr\u0117kinamuoju poveikiu, mink&scaron;tina ir lygina od\u0105. Vitaminas E i&scaron;laiko od\u0105 jaunatvi&scaron;k\u0105.&nbsp;Vis\u0173 tip\u0173 odai. Sud\u0117tyje n\u0117ra dirbtini\u0173 da\u017eikli\u0173 ar gyv\u016bnin\u0117s kilm\u0117s ingredient\u0173. Naudojimo instrukcijos: tepkite krem\u0105 ant &scaron;varios, [&#8230;]\n","protected":false},"featured_media":92010,"template":"","meta":[],"product_cat":[1322],"product_tag":[],"class_list":{"0":"post-49583","1":"product","2":"type-product","3":"status-publish","4":"has-post-thumbnail","6":"product_brand-modum_by-lt","7":"product_cat-veido-kremai","9":"first","10":"outofstock","11":"taxable","12":"shipping-taxable","13":"product-type-simple"},"_links":{"self":[{"href":"https:\/\/e.kosmolat.eu\/lt\/wp-json\/wp\/v2\/product\/49583","targetHints":{"allow":["GET"]}}],"collection":[{"href":"https:\/\/e.kosmolat.eu\/lt\/wp-json\/wp\/v2\/product"}],"about":[{"href":"https:\/\/e.kosmolat.eu\/lt\/wp-json\/wp\/v2\/types\/product"}],"wp:featuredmedia":[{"embeddable":true,"href":"https:\/\/e.kosmolat.eu\/lt\/wp-json\/wp\/v2\/media\/92010"}],"wp:attachment":[{"href":"https:\/\/e.kosmolat.eu\/lt\/wp-json\/wp\/v2\/media?parent=49583"}],"wp:term":[{"taxonomy":"product_cat","embeddable":true,"href":"https:\/\/e.kosmolat.eu\/lt\/wp-json\/wp\/v2\/product_cat?post=49583"},{"taxonomy":"product_tag","embeddable":true,"href":"https:\/\/e.kosmolat.eu\/lt\/wp-json\/wp\/v2\/product_tag?post=49583"}],"curies":[{"name":"wp","href":"https:\/\/api.w.org\/{rel}","templated":true}]}}