{"id":49535,"date":"2024-04-10T04:09:34","date_gmt":"2024-04-10T04:09:34","guid":{"rendered":"https:\/\/e.kosmolat.eu\/product\/modum-klasika-pienins-makijazas-nonems-auzu-200-ml\/"},"modified":"2025-09-20T04:30:25","modified_gmt":"2025-09-20T04:30:25","slug":"modum-klasika-pienins-makijazas-nonems-auzu-200-ml","status":"publish","type":"product","link":"https:\/\/e.kosmolat.eu\/lt\/produktas\/modum-klasika-pienins-makijazas-nonems-auzu-200-ml\/","title":{"rendered":"MODUM CLASSIC Makia\u017eo valymo pienelis Avi\u017einiai dribsniai, 200 ml"},"content":{"rendered":"<p>Makia\u017eo valiklis &scaron;velniai valo od\u0105, pa&scaron;alindamas dekoratyvin\u0117s kosmetikos p\u0117dsakus.&nbsp;Pienelio sud\u0117tis praturtinta avi\u017e\u0173 ekstraktu, kuris padeda suma\u017einti diskomfort\u0105 ir nuraminti od\u0105, u\u017ekertant keli\u0105 i&scaron;saus\u0117jimui.&nbsp;Avi\u017eos d\u0117l didelio verting\u0173 bioaktyvi\u0173 med\u017eiag\u0173 procento turi antioksidacini\u0173 savybi\u0173 &ndash; stabdo oksidacinio streso vystym\u0105si, pasi\u017eymi sen\u0117jim\u0105 stabdan\u010diomis veiklomis, gerina odos elastingum\u0105. D\u0117l dr\u0117gm\u0119 sulaikan\u010di\u0173 alavij\u0173 ekstrakto savybi\u0173 oda tampa elastingesn\u0117. Kasdieniniam naudojimui. Vis\u0173 tip\u0173 odai.<\/p>\n<p><strong>Naudojimas: <\/strong>vatos diskeliu patepkite veid\u0105 pieneliu ir atsargiai nuvalykite makia\u017e\u0105. Produkto liku\u010dius nuplaukite vandeniu.&nbsp;<\/p>\n<p>Nenaudoti pasibaigus galiojimo laikui.&nbsp;Laikyti nuo +5&deg;C iki +25&deg;C temperat\u016broje.<br \/>\n&nbsp;<\/p>\n","protected":false},"excerpt":{"rendered":"<p>Makia\u017eo valiklis &scaron;velniai valo od\u0105, pa&scaron;alindamas dekoratyvin\u0117s kosmetikos p\u0117dsakus.&nbsp;Pienelio sud\u0117tis praturtinta avi\u017e\u0173 ekstraktu, kuris padeda suma\u017einti diskomfort\u0105 ir nuraminti od\u0105, u\u017ekertant keli\u0105 i&scaron;saus\u0117jimui.&nbsp;Avi\u017eos d\u0117l didelio verting\u0173 bioaktyvi\u0173 med\u017eiag\u0173 procento turi antioksidacini\u0173 savybi\u0173 &ndash; stabdo oksidacinio streso vystym\u0105si, pasi\u017eymi sen\u0117jim\u0105 stabdan\u010diomis veiklomis, gerina odos elastingum\u0105. D\u0117l dr\u0117gm\u0119 sulaikan\u010di\u0173 alavij\u0173 ekstrakto savybi\u0173 oda tampa elastingesn\u0117. Kasdieniniam naudojimui. [&#8230;]\n","protected":false},"featured_media":91950,"template":"","meta":[],"product_cat":[1574],"product_tag":[],"class_list":{"0":"post-49535","1":"product","2":"type-product","3":"status-publish","4":"has-post-thumbnail","6":"product_brand-modum_by-lt","7":"product_cat-pieneliai-ir-aliejai","9":"first","10":"outofstock","11":"taxable","12":"shipping-taxable","13":"product-type-simple"},"_links":{"self":[{"href":"https:\/\/e.kosmolat.eu\/lt\/wp-json\/wp\/v2\/product\/49535","targetHints":{"allow":["GET"]}}],"collection":[{"href":"https:\/\/e.kosmolat.eu\/lt\/wp-json\/wp\/v2\/product"}],"about":[{"href":"https:\/\/e.kosmolat.eu\/lt\/wp-json\/wp\/v2\/types\/product"}],"wp:featuredmedia":[{"embeddable":true,"href":"https:\/\/e.kosmolat.eu\/lt\/wp-json\/wp\/v2\/media\/91950"}],"wp:attachment":[{"href":"https:\/\/e.kosmolat.eu\/lt\/wp-json\/wp\/v2\/media?parent=49535"}],"wp:term":[{"taxonomy":"product_cat","embeddable":true,"href":"https:\/\/e.kosmolat.eu\/lt\/wp-json\/wp\/v2\/product_cat?post=49535"},{"taxonomy":"product_tag","embeddable":true,"href":"https:\/\/e.kosmolat.eu\/lt\/wp-json\/wp\/v2\/product_tag?post=49535"}],"curies":[{"name":"wp","href":"https:\/\/api.w.org\/{rel}","templated":true}]}}