{"id":49527,"date":"2024-04-10T04:09:18","date_gmt":"2024-04-10T04:09:18","guid":{"rendered":"https:\/\/e.kosmolat.eu\/product\/modum-klasika-dezodorejoss-kaju-kr-piparmetra-75-ml\/"},"modified":"2025-09-20T04:48:48","modified_gmt":"2025-09-20T04:48:48","slug":"i_modum-klasika-dezodorejoss-kaju-kr-piparmetra-75-ml","status":"publish","type":"product","link":"https:\/\/e.kosmolat.eu\/lt\/produktas\/i_modum-klasika-dezodorejoss-kaju-kr-piparmetra-75-ml\/","title":{"rendered":"I_MODUM KLASIKA P\u0117d\u0173 kremas dezodoruojantis M\u0117tos, 75 ml"},"content":{"rendered":"<p>Kremo sud\u0117tyje yra mentolio ir apsauginio komplekso, kurie pasi\u017eymi gaivinan\u010diu, dezodoruojan\u010diu ir dezinfekuojan\u010diu poveikiu. Jona\u017eoli\u0173 ir &scaron;alavij\u0173 ekstraktai ramina ir padeda suma\u017einti odos prakaito liauk\u0173 sekrecij\u0105. Ramun\u0117li\u0173 ekstraktas suaktyvina kraujotakos proces\u0105, &scaron;alina nuovargio jausm\u0105.<\/p>\n<p><strong>Naudojimas:<\/strong> tepkite ant &scaron;varios, sausos p\u0117d\u0173 odos, masa\u017euokite, kol visi&scaron;kai \u012fsigers. Rekomenduojama tepti ryte ir vakare. Neskirtas vaikams iki 3 met\u0173 am\u017eiaus.<\/p>\n<p><strong>Geriausias:<\/strong> 36 m\u0117n. nuo pagaminimo datos<\/p>\n<p>Laikyti nuo +5 &deg;C iki +25 &deg;C temperat\u016broje.<br \/>\n&nbsp;<\/p>\n","protected":false},"excerpt":{"rendered":"<p>Kremo sud\u0117tyje yra mentolio ir apsauginio komplekso, kurie pasi\u017eymi gaivinan\u010diu, dezodoruojan\u010diu ir dezinfekuojan\u010diu poveikiu. Jona\u017eoli\u0173 ir &scaron;alavij\u0173 ekstraktai ramina ir padeda suma\u017einti odos prakaito liauk\u0173 sekrecij\u0105. Ramun\u0117li\u0173 ekstraktas suaktyvina kraujotakos proces\u0105, &scaron;alina nuovargio jausm\u0105. Naudojimas: tepkite ant &scaron;varios, sausos p\u0117d\u0173 odos, masa\u017euokite, kol visi&scaron;kai \u012fsigers. Rekomenduojama tepti ryte ir vakare. Neskirtas vaikams iki 3 met\u0173 [&#8230;]\n","protected":false},"featured_media":92214,"template":"","meta":[],"product_cat":[1763],"product_tag":[],"class_list":{"0":"post-49527","1":"product","2":"type-product","3":"status-publish","4":"has-post-thumbnail","6":"product_brand-modum_by-lt","7":"product_cat-koju-prieziuros-kosmetika","9":"first","10":"outofstock","11":"taxable","12":"shipping-taxable","13":"product-type-simple"},"_links":{"self":[{"href":"https:\/\/e.kosmolat.eu\/lt\/wp-json\/wp\/v2\/product\/49527","targetHints":{"allow":["GET"]}}],"collection":[{"href":"https:\/\/e.kosmolat.eu\/lt\/wp-json\/wp\/v2\/product"}],"about":[{"href":"https:\/\/e.kosmolat.eu\/lt\/wp-json\/wp\/v2\/types\/product"}],"wp:featuredmedia":[{"embeddable":true,"href":"https:\/\/e.kosmolat.eu\/lt\/wp-json\/wp\/v2\/media\/92214"}],"wp:attachment":[{"href":"https:\/\/e.kosmolat.eu\/lt\/wp-json\/wp\/v2\/media?parent=49527"}],"wp:term":[{"taxonomy":"product_cat","embeddable":true,"href":"https:\/\/e.kosmolat.eu\/lt\/wp-json\/wp\/v2\/product_cat?post=49527"},{"taxonomy":"product_tag","embeddable":true,"href":"https:\/\/e.kosmolat.eu\/lt\/wp-json\/wp\/v2\/product_tag?post=49527"}],"curies":[{"name":"wp","href":"https:\/\/api.w.org\/{rel}","templated":true}]}}