{"id":49519,"date":"2024-04-10T04:09:04","date_gmt":"2024-04-10T04:09:04","guid":{"rendered":"https:\/\/e.kosmolat.eu\/product\/modum-klasika-roku-kr-maska-atjaunojosa-hohoba-75-g\/"},"modified":"2025-09-20T04:48:31","modified_gmt":"2025-09-20T04:48:31","slug":"modum-klasika-roku-kr-maska-atjaunojosa-hohoba-75-g","status":"publish","type":"product","link":"https:\/\/e.kosmolat.eu\/lt\/produktas\/modum-klasika-roku-kr-maska-atjaunojosa-hohoba-75-g\/","title":{"rendered":"MODUM CLASSIC Kremas-kauk\u0117 rankoms Atkuriantis Simondcija 75 g"},"content":{"rendered":"<p>Kremas kauk\u0117 aktyviai maitina ir mink&scaron;tina rank\u0173 od\u0105, saugo nuo sudirginimo ir i&scaron;saus\u0117jimo, r\u016bpinasi odel\u0117mis ir stiprina nagus. Simondsij\u0173 (jojoba), aliejus, kuriame gausu aminor\u016bg&scaron;\u010di\u0173 ir antioksidant\u0173, vitamino E ir natrio hialuronato, dr\u0117kina od\u0105, padeda atkurti jos apsaugines funkcijas, skatina l\u0105steli\u0173 atsinaujinim\u0105. Kvie\u010di\u0173 gemalai, kakavos ir taukmed\u017ei\u0173 sviestai turi atkuriam\u0173j\u0173 savybi\u0173.&nbsp;Sud\u0117tyje n\u0117ra dirbtini\u0173 da\u017eikli\u0173 ar gyv\u016bnin\u0117s kilm\u0117s ingredient\u0173.<\/p>\n<p><strong>Naudojimas:<\/strong> lengvais masa\u017euojamaisiais judesiais tepkite ant &scaron;varios, sausos rank\u0173 odos.<\/p>\n<p>Laikyti nuo +5&deg;C iki +25&deg;C temperat\u016broje.<br \/>\n&nbsp;<\/p>\n","protected":false},"excerpt":{"rendered":"<p>Kremas kauk\u0117 aktyviai maitina ir mink&scaron;tina rank\u0173 od\u0105, saugo nuo sudirginimo ir i&scaron;saus\u0117jimo, r\u016bpinasi odel\u0117mis ir stiprina nagus. Simondsij\u0173 (jojoba), aliejus, kuriame gausu aminor\u016bg&scaron;\u010di\u0173 ir antioksidant\u0173, vitamino E ir natrio hialuronato, dr\u0117kina od\u0105, padeda atkurti jos apsaugines funkcijas, skatina l\u0105steli\u0173 atsinaujinim\u0105. Kvie\u010di\u0173 gemalai, kakavos ir taukmed\u017ei\u0173 sviestai turi atkuriam\u0173j\u0173 savybi\u0173.&nbsp;Sud\u0117tyje n\u0117ra dirbtini\u0173 da\u017eikli\u0173 ar gyv\u016bnin\u0117s [&#8230;]\n","protected":false},"featured_media":92210,"template":"","meta":[],"product_cat":[1304],"product_tag":[],"class_list":{"0":"post-49519","1":"product","2":"type-product","3":"status-publish","4":"has-post-thumbnail","6":"product_brand-modum_by-lt","7":"product_cat-ranku-prieziuros-kosmetika","9":"first","10":"outofstock","11":"taxable","12":"shipping-taxable","13":"product-type-simple"},"_links":{"self":[{"href":"https:\/\/e.kosmolat.eu\/lt\/wp-json\/wp\/v2\/product\/49519","targetHints":{"allow":["GET"]}}],"collection":[{"href":"https:\/\/e.kosmolat.eu\/lt\/wp-json\/wp\/v2\/product"}],"about":[{"href":"https:\/\/e.kosmolat.eu\/lt\/wp-json\/wp\/v2\/types\/product"}],"wp:featuredmedia":[{"embeddable":true,"href":"https:\/\/e.kosmolat.eu\/lt\/wp-json\/wp\/v2\/media\/92210"}],"wp:attachment":[{"href":"https:\/\/e.kosmolat.eu\/lt\/wp-json\/wp\/v2\/media?parent=49519"}],"wp:term":[{"taxonomy":"product_cat","embeddable":true,"href":"https:\/\/e.kosmolat.eu\/lt\/wp-json\/wp\/v2\/product_cat?post=49519"},{"taxonomy":"product_tag","embeddable":true,"href":"https:\/\/e.kosmolat.eu\/lt\/wp-json\/wp\/v2\/product_tag?post=49519"}],"curies":[{"name":"wp","href":"https:\/\/api.w.org\/{rel}","templated":true}]}}