{"id":49503,"date":"2024-04-10T04:07:42","date_gmt":"2024-04-10T04:07:42","guid":{"rendered":"https:\/\/e.kosmolat.eu\/product\/modum-klasika-roku-kr-mikstinoss-vazelina-75-g\/"},"modified":"2025-09-20T04:47:58","modified_gmt":"2025-09-20T04:47:58","slug":"modum-klasika-roku-kr-mikstinoss-vazelina-75-g","status":"publish","type":"product","link":"https:\/\/e.kosmolat.eu\/lt\/produktas\/modum-klasika-roku-kr-mikstinoss-vazelina-75-g\/","title":{"rendered":"MODUM CLASSIC Rank\u0173 kremas Mink\u0161tinamasis vazelininis, 75 g"},"content":{"rendered":"<p>Vazelininis kremas mink&scaron;tina ir saugo rank\u0173 od\u0105. Skystas parafinas, sukuriantis vienod\u0105 pl\u0117vel\u0119 ant odos pavir&scaron;iaus, skatina nat\u016bral\u0173 odos atsinaujinimo proces\u0105 ir suteikia galimyb\u0119 greitai atsigauti. Sutrikus odos vandens ir lipid\u0173 pusiausvyrai, kokos\u0173 aliejus ir alantoinas sustiprina jos barjerines savybes, r\u016bpinasi dr\u0117kinimu ir patikimai apsaugo plon\u0105, trapi\u0105 od\u0105 nuo i&scaron;saus\u0117jimo, &scaron;erpetojimo ir skilin\u0117jimo.&nbsp;Sud\u0117tyje n\u0117ra dirbtini\u0173 da\u017eikli\u0173 ar gyv\u016bnin\u0117s kilm\u0117s ingredient\u0173.<\/p>\n<p><strong>Naudojimas:<\/strong> lengvais masa\u017euojamaisiais judesiais tepkite ant &scaron;varios, sausos rank\u0173 odos.<\/p>\n<p>Laikyti nuo +5&deg;C iki +25&deg;C temperat\u016broje.<br \/>\n&nbsp;<\/p>\n","protected":false},"excerpt":{"rendered":"<p>Vazelininis kremas mink&scaron;tina ir saugo rank\u0173 od\u0105. Skystas parafinas, sukuriantis vienod\u0105 pl\u0117vel\u0119 ant odos pavir&scaron;iaus, skatina nat\u016bral\u0173 odos atsinaujinimo proces\u0105 ir suteikia galimyb\u0119 greitai atsigauti. Sutrikus odos vandens ir lipid\u0173 pusiausvyrai, kokos\u0173 aliejus ir alantoinas sustiprina jos barjerines savybes, r\u016bpinasi dr\u0117kinimu ir patikimai apsaugo plon\u0105, trapi\u0105 od\u0105 nuo i&scaron;saus\u0117jimo, &scaron;erpetojimo ir skilin\u0117jimo.&nbsp;Sud\u0117tyje n\u0117ra dirbtini\u0173 da\u017eikli\u0173 [&#8230;]\n","protected":false},"featured_media":92202,"template":"","meta":[],"product_cat":[1304],"product_tag":[],"class_list":{"0":"post-49503","1":"product","2":"type-product","3":"status-publish","4":"has-post-thumbnail","6":"product_brand-modum_by-lt","7":"product_cat-ranku-prieziuros-kosmetika","9":"first","10":"outofstock","11":"taxable","12":"shipping-taxable","13":"product-type-simple"},"_links":{"self":[{"href":"https:\/\/e.kosmolat.eu\/lt\/wp-json\/wp\/v2\/product\/49503","targetHints":{"allow":["GET"]}}],"collection":[{"href":"https:\/\/e.kosmolat.eu\/lt\/wp-json\/wp\/v2\/product"}],"about":[{"href":"https:\/\/e.kosmolat.eu\/lt\/wp-json\/wp\/v2\/types\/product"}],"wp:featuredmedia":[{"embeddable":true,"href":"https:\/\/e.kosmolat.eu\/lt\/wp-json\/wp\/v2\/media\/92202"}],"wp:attachment":[{"href":"https:\/\/e.kosmolat.eu\/lt\/wp-json\/wp\/v2\/media?parent=49503"}],"wp:term":[{"taxonomy":"product_cat","embeddable":true,"href":"https:\/\/e.kosmolat.eu\/lt\/wp-json\/wp\/v2\/product_cat?post=49503"},{"taxonomy":"product_tag","embeddable":true,"href":"https:\/\/e.kosmolat.eu\/lt\/wp-json\/wp\/v2\/product_tag?post=49503"}],"curies":[{"name":"wp","href":"https:\/\/api.w.org\/{rel}","templated":true}]}}