{"id":49487,"date":"2024-04-10T04:07:08","date_gmt":"2024-04-10T04:07:08","guid":{"rendered":"https:\/\/e.kosmolat.eu\/product\/modum-klasika-kaju-krems-komforts-pret-nogurumu-kastanis-75-g\/"},"modified":"2025-09-20T04:35:30","modified_gmt":"2025-09-20T04:35:30","slug":"modum-klasika-kaju-krems-komforts-pret-nogurumu-kastanis-75-g","status":"publish","type":"product","link":"https:\/\/e.kosmolat.eu\/lt\/produktas\/modum-klasika-kaju-krems-komforts-pret-nogurumu-kastanis-75-g\/","title":{"rendered":"MODUM CLASSIC Kremas-komfortas p\u0117doms nuo nuovargio Ka\u0161tonas, 75 g"},"content":{"rendered":"<p>Kremas- komfortas &nbsp;ma\u017eina nuovargio ir sunkumo poj\u016bt\u012f kojose, atsirandant\u012f dienos pabaigoje ar ilgo fizinio kr\u016bvio metu, taip pat mink&scaron;tina ir ramina od\u0105. Ka&scaron;ton\u0173 ekstraktas pad\u0117s atsikratyti \u012ftampos ir diskomforto jausmo raumenyse. \u017daliosios kavos ekstraktas ir kofeinas gerina med\u017eiag\u0173 apykaitos procesus ir tonizuoja od\u0105.&nbsp;Sud\u0117tyje n\u0117ra dirbtini\u0173 da\u017eikli\u0173 ar gyv\u016bnin\u0117s kilm\u0117s ingredient\u0173.<\/p>\n<p><strong>Naudojimas:<\/strong> tepkite ant &scaron;varios, sausos p\u0117d\u0173 odos, masa\u017euokite, kol visi&scaron;kai \u012fsigers. Rekomenduojama naudoti ryte ir vakare.<\/p>\n<p>Laikyti nuo +5 &deg;C iki +25 &deg;C temperat\u016broje.<br \/>\n&nbsp;<\/p>\n","protected":false},"excerpt":{"rendered":"<p>Kremas- komfortas &nbsp;ma\u017eina nuovargio ir sunkumo poj\u016bt\u012f kojose, atsirandant\u012f dienos pabaigoje ar ilgo fizinio kr\u016bvio metu, taip pat mink&scaron;tina ir ramina od\u0105. Ka&scaron;ton\u0173 ekstraktas pad\u0117s atsikratyti \u012ftampos ir diskomforto jausmo raumenyse. \u017daliosios kavos ekstraktas ir kofeinas gerina med\u017eiag\u0173 apykaitos procesus ir tonizuoja od\u0105.&nbsp;Sud\u0117tyje n\u0117ra dirbtini\u0173 da\u017eikli\u0173 ar gyv\u016bnin\u0117s kilm\u0117s ingredient\u0173. Naudojimas: tepkite ant &scaron;varios, sausos [&#8230;]\n","protected":false},"featured_media":92026,"template":"","meta":[],"product_cat":[1763],"product_tag":[],"class_list":{"0":"post-49487","1":"product","2":"type-product","3":"status-publish","4":"has-post-thumbnail","6":"product_brand-modum_by-lt","7":"product_cat-koju-prieziuros-kosmetika","9":"first","10":"instock","11":"taxable","12":"shipping-taxable","13":"product-type-simple"},"_links":{"self":[{"href":"https:\/\/e.kosmolat.eu\/lt\/wp-json\/wp\/v2\/product\/49487","targetHints":{"allow":["GET"]}}],"collection":[{"href":"https:\/\/e.kosmolat.eu\/lt\/wp-json\/wp\/v2\/product"}],"about":[{"href":"https:\/\/e.kosmolat.eu\/lt\/wp-json\/wp\/v2\/types\/product"}],"wp:featuredmedia":[{"embeddable":true,"href":"https:\/\/e.kosmolat.eu\/lt\/wp-json\/wp\/v2\/media\/92026"}],"wp:attachment":[{"href":"https:\/\/e.kosmolat.eu\/lt\/wp-json\/wp\/v2\/media?parent=49487"}],"wp:term":[{"taxonomy":"product_cat","embeddable":true,"href":"https:\/\/e.kosmolat.eu\/lt\/wp-json\/wp\/v2\/product_cat?post=49487"},{"taxonomy":"product_tag","embeddable":true,"href":"https:\/\/e.kosmolat.eu\/lt\/wp-json\/wp\/v2\/product_tag?post=49487"}],"curies":[{"name":"wp","href":"https:\/\/api.w.org\/{rel}","templated":true}]}}