{"id":49479,"date":"2024-04-10T04:06:49","date_gmt":"2024-04-10T04:06:49","guid":{"rendered":"https:\/\/e.kosmolat.eu\/product\/modum-klasika-dezodorejoss-kaju-kr-piparmetra-75-g\/"},"modified":"2026-02-11T12:36:46","modified_gmt":"2026-02-11T12:36:46","slug":"modum-klasika-dezodorejoss-kaju-kr-piparmetra-75-g","status":"publish","type":"product","link":"https:\/\/e.kosmolat.eu\/lt\/produktas\/modum-klasika-dezodorejoss-kaju-kr-piparmetra-75-g\/","title":{"rendered":"MODUM KLASIKA P\u0117d\u0173 kremas dezodoruojantis M\u0117tos, 75 g"},"content":{"rendered":"<p>Kremas turi gaivinant\u012f ir dezodoruojant\u012f poveik\u012f. Nat\u016bralus mentolis suteikia p\u0117doms malon\u0173 v\u0117sinimo poj\u016bt\u012f. Jona\u017eoli\u0173 ir &scaron;alavij\u0173 ekstraktai, kuriuose gausu tanin\u0173 ir eterini\u0173 aliej\u0173, padeda suma\u017einti i&scaron;skyr\u0173 i&scaron; odos prakaito liauk\u0173 gamyb\u0105. Kokos\u0173 aliejus ir vazelinas apsaugo nuo dehidratacijos ir &scaron;erpetojimo. Alantoinas atkuria odos barjerines savybes ir skatina epidermio atsinaujinim\u0105. Sud\u0117tyje n\u0117ra dirbtini\u0173 da\u017eikli\u0173 ar gyv\u016bnin\u0117s kilm\u0117s ingredient\u0173.<\/p>\n<p><strong>Naudojimas:<\/strong> tepkite ant &scaron;varios, sausos p\u0117d\u0173 odos, masa\u017euokite, kol visi&scaron;kai \u012fsigers. Rekomenduojama naudoti ryte ir vakare.<\/p>\n<p>Laikyti nuo +5 &deg;C iki +25 &deg;C temperat\u016broje.<br \/>\n&nbsp;<\/p>\n","protected":false},"excerpt":{"rendered":"<p>Kremas turi gaivinant\u012f ir dezodoruojant\u012f poveik\u012f. Nat\u016bralus mentolis suteikia p\u0117doms malon\u0173 v\u0117sinimo poj\u016bt\u012f. Jona\u017eoli\u0173 ir &scaron;alavij\u0173 ekstraktai, kuriuose gausu tanin\u0173 ir eterini\u0173 aliej\u0173, padeda suma\u017einti i&scaron;skyr\u0173 i&scaron; odos prakaito liauk\u0173 gamyb\u0105. Kokos\u0173 aliejus ir vazelinas apsaugo nuo dehidratacijos ir &scaron;erpetojimo. Alantoinas atkuria odos barjerines savybes ir skatina epidermio atsinaujinim\u0105. Sud\u0117tyje n\u0117ra dirbtini\u0173 da\u017eikli\u0173 ar gyv\u016bnin\u0117s [&#8230;]\n","protected":false},"featured_media":92022,"template":"","meta":[],"product_cat":[1763],"product_tag":[],"class_list":{"0":"post-49479","1":"product","2":"type-product","3":"status-publish","4":"has-post-thumbnail","6":"product_brand-modum_by-lt","7":"product_cat-koju-prieziuros-kosmetika","9":"first","10":"outofstock","11":"taxable","12":"shipping-taxable","13":"product-type-simple"},"_links":{"self":[{"href":"https:\/\/e.kosmolat.eu\/lt\/wp-json\/wp\/v2\/product\/49479","targetHints":{"allow":["GET"]}}],"collection":[{"href":"https:\/\/e.kosmolat.eu\/lt\/wp-json\/wp\/v2\/product"}],"about":[{"href":"https:\/\/e.kosmolat.eu\/lt\/wp-json\/wp\/v2\/types\/product"}],"wp:featuredmedia":[{"embeddable":true,"href":"https:\/\/e.kosmolat.eu\/lt\/wp-json\/wp\/v2\/media\/92022"}],"wp:attachment":[{"href":"https:\/\/e.kosmolat.eu\/lt\/wp-json\/wp\/v2\/media?parent=49479"}],"wp:term":[{"taxonomy":"product_cat","embeddable":true,"href":"https:\/\/e.kosmolat.eu\/lt\/wp-json\/wp\/v2\/product_cat?post=49479"},{"taxonomy":"product_tag","embeddable":true,"href":"https:\/\/e.kosmolat.eu\/lt\/wp-json\/wp\/v2\/product_tag?post=49479"}],"curies":[{"name":"wp","href":"https:\/\/api.w.org\/{rel}","templated":true}]}}