{"id":49471,"date":"2024-04-10T04:06:21","date_gmt":"2024-04-10T04:06:21","guid":{"rendered":"https:\/\/e.kosmolat.eu\/product\/modum-klasika-kaju-kr-intensiva-kops-kadikis-75-g\/"},"modified":"2025-09-20T04:35:00","modified_gmt":"2025-09-20T04:35:00","slug":"modum-klasika-kaju-kr-intensiva-kops-kadikis-75-g","status":"publish","type":"product","link":"https:\/\/e.kosmolat.eu\/lt\/produktas\/modum-klasika-kaju-kr-intensiva-kops-kadikis-75-g\/","title":{"rendered":"MODUM CLASSIC P\u0117d\u0173 kremas Intensyvi prie\u017ei\u016bra Kadagys, 75 g"},"content":{"rendered":"<p>P\u0117d\u0173 kremas intensyviai mink&scaron;tina od\u0105, padaro j\u0105 &scaron;velni\u0105 ir gerai pri\u017ei\u016brim\u0105, padeda esant &scaron;iurk&scaron;\u010dioms vietoms, \u012ftr\u016bkimams, nuospaudoms ir surag\u0117jimams ant p\u0117d\u0173 ir kuln\u0173. Kadagi\u0173 ekstraktas skatina audini\u0173 atsistatym\u0105 ir suteikia p\u0117doms ilgai laukt\u0105 gaivumo poj\u016bt\u012f. Alantoinas padeda nu&scaron;veisti negyvas odos l\u0105steles, o &scaron;alavij\u0173 ekstraktas daro p\u0117d\u0173 od\u0105 labiau pri\u017ei\u016brim\u0105 ir sveik\u0105. Sud\u0117tyje n\u0117ra dirbtini\u0173 da\u017eikli\u0173 ar gyv\u016bnin\u0117s kilm\u0117s ingredient\u0173.<\/p>\n<p><strong>Naudojimas:<\/strong> tepkite ant &scaron;varios, sausos p\u0117d\u0173 odos, masa\u017euokite, kol visi&scaron;kai \u012fsigers. Rekomenduojama naudoti ryte ir vakare.<\/p>\n<p>Laikyti nuo +5 &deg;C iki +25 &deg;C temperat\u016broje.<br \/>\n&nbsp;<\/p>\n","protected":false},"excerpt":{"rendered":"<p>P\u0117d\u0173 kremas intensyviai mink&scaron;tina od\u0105, padaro j\u0105 &scaron;velni\u0105 ir gerai pri\u017ei\u016brim\u0105, padeda esant &scaron;iurk&scaron;\u010dioms vietoms, \u012ftr\u016bkimams, nuospaudoms ir surag\u0117jimams ant p\u0117d\u0173 ir kuln\u0173. Kadagi\u0173 ekstraktas skatina audini\u0173 atsistatym\u0105 ir suteikia p\u0117doms ilgai laukt\u0105 gaivumo poj\u016bt\u012f. Alantoinas padeda nu&scaron;veisti negyvas odos l\u0105steles, o &scaron;alavij\u0173 ekstraktas daro p\u0117d\u0173 od\u0105 labiau pri\u017ei\u016brim\u0105 ir sveik\u0105. Sud\u0117tyje n\u0117ra dirbtini\u0173 da\u017eikli\u0173 [&#8230;]\n","protected":false},"featured_media":92018,"template":"","meta":[],"product_cat":[1763],"product_tag":[],"class_list":{"0":"post-49471","1":"product","2":"type-product","3":"status-publish","4":"has-post-thumbnail","6":"product_brand-modum_by-lt","7":"product_cat-koju-prieziuros-kosmetika","9":"first","10":"outofstock","11":"taxable","12":"shipping-taxable","13":"product-type-simple"},"_links":{"self":[{"href":"https:\/\/e.kosmolat.eu\/lt\/wp-json\/wp\/v2\/product\/49471","targetHints":{"allow":["GET"]}}],"collection":[{"href":"https:\/\/e.kosmolat.eu\/lt\/wp-json\/wp\/v2\/product"}],"about":[{"href":"https:\/\/e.kosmolat.eu\/lt\/wp-json\/wp\/v2\/types\/product"}],"wp:featuredmedia":[{"embeddable":true,"href":"https:\/\/e.kosmolat.eu\/lt\/wp-json\/wp\/v2\/media\/92018"}],"wp:attachment":[{"href":"https:\/\/e.kosmolat.eu\/lt\/wp-json\/wp\/v2\/media?parent=49471"}],"wp:term":[{"taxonomy":"product_cat","embeddable":true,"href":"https:\/\/e.kosmolat.eu\/lt\/wp-json\/wp\/v2\/product_cat?post=49471"},{"taxonomy":"product_tag","embeddable":true,"href":"https:\/\/e.kosmolat.eu\/lt\/wp-json\/wp\/v2\/product_tag?post=49471"}],"curies":[{"name":"wp","href":"https:\/\/api.w.org\/{rel}","templated":true}]}}