{"id":49463,"date":"2024-04-10T04:06:01","date_gmt":"2024-04-10T04:06:01","guid":{"rendered":"https:\/\/e.kosmolat.eu\/product\/modum-cult-lamelarais-sejas-fluids-50-g\/"},"modified":"2025-09-20T04:31:29","modified_gmt":"2025-09-20T04:31:29","slug":"modum-cult-lamelarais-sejas-fluids-50-g","status":"publish","type":"product","link":"https:\/\/e.kosmolat.eu\/lt\/produktas\/modum-cult-lamelarais-sejas-fluids-50-g\/","title":{"rendered":"MODUM CULT Lamelinis fluidas, 50 g"},"content":{"rendered":"<p>Fluidas sausai ir normaliai odai. Diena\/ naktis. Padidina tonus\u0105 ir elastingum\u0105; dr\u0117kina ir atkuria; &ldquo; anti-pollution&ldquo; &quot;protinga &nbsp;vidin\u0117 lamelinio skys\u010dio strukt\u016bra yra identi&scaron;ka odos lipidinio barjero strukt\u016brai. Dr\u0117kina ir stiprina odos barjerin\u0119 funkcij\u0105 bei u\u017etikrina geresn\u0119 apsaug\u0105 nuo aplinkos tar&scaron;os.<\/p>\n<ul>\n<li><strong>Peptilium&reg; biopeptid\u0173 kompleksas<\/strong>, augalinis retinolio analogas, suteikia rauk&scaron;les lyginam\u0105j\u012f poveik\u012f, skatina kolageno sintez\u0119, stiprina odos antioksidacin\u0119 apsaug\u0105 ir suteikia odai &scaron;vyt\u0117jimo.<\/li>\n<li><strong>Speciali aminor\u016bg&scaron;tis<\/strong> apsaugo nuo dr\u0117gm\u0117s praradimo, saugo od\u0105 nuo i&scaron;saus\u0117jimo, kur\u012f sukelia klimato stresas.<\/li>\n<li><strong>Antioksidaciniai fig\u0173, granat\u0173 ir gervuogi\u0173 ekstraktai<\/strong> skatina odos atsinaujinimo procesus, i&scaron;lygina odos tekst\u016br\u0105 ir neutralizuoja laisv\u0173j\u0173 radikal\u0173 poveik\u012f, ma\u017eina \u017ealing\u0105 oksidacinio streso poveik\u012f.<\/li>\n<\/ul>\n<p><strong>Naudojimas: <\/strong>lengvais masa\u017eo judesiais u\u017etepkite fluid\u0105 &nbsp;ant anks\u010diau nuvalytos veido odos.<\/p>\n<p>Laikyti nuo +5 &deg;C iki +25 &deg;C temperat\u016broje.<br \/>\n&nbsp;<\/p>\n","protected":false},"excerpt":{"rendered":"<p>Fluidas sausai ir normaliai odai. Diena\/ naktis. Padidina tonus\u0105 ir elastingum\u0105; dr\u0117kina ir atkuria; &ldquo; anti-pollution&ldquo; &quot;protinga &nbsp;vidin\u0117 lamelinio skys\u010dio strukt\u016bra yra identi&scaron;ka odos lipidinio barjero strukt\u016brai. Dr\u0117kina ir stiprina odos barjerin\u0119 funkcij\u0105 bei u\u017etikrina geresn\u0119 apsaug\u0105 nuo aplinkos tar&scaron;os. Peptilium&reg; biopeptid\u0173 kompleksas, augalinis retinolio analogas, suteikia rauk&scaron;les lyginam\u0105j\u012f poveik\u012f, skatina kolageno sintez\u0119, stiprina odos [&#8230;]\n","protected":false},"featured_media":91966,"template":"","meta":[],"product_cat":[1327],"product_tag":[],"class_list":{"0":"post-49463","1":"product","2":"type-product","3":"status-publish","4":"has-post-thumbnail","6":"product_brand-modum_by-lt","7":"product_cat-serumai","9":"first","10":"outofstock","11":"taxable","12":"shipping-taxable","13":"product-type-simple"},"_links":{"self":[{"href":"https:\/\/e.kosmolat.eu\/lt\/wp-json\/wp\/v2\/product\/49463","targetHints":{"allow":["GET"]}}],"collection":[{"href":"https:\/\/e.kosmolat.eu\/lt\/wp-json\/wp\/v2\/product"}],"about":[{"href":"https:\/\/e.kosmolat.eu\/lt\/wp-json\/wp\/v2\/types\/product"}],"wp:featuredmedia":[{"embeddable":true,"href":"https:\/\/e.kosmolat.eu\/lt\/wp-json\/wp\/v2\/media\/91966"}],"wp:attachment":[{"href":"https:\/\/e.kosmolat.eu\/lt\/wp-json\/wp\/v2\/media?parent=49463"}],"wp:term":[{"taxonomy":"product_cat","embeddable":true,"href":"https:\/\/e.kosmolat.eu\/lt\/wp-json\/wp\/v2\/product_cat?post=49463"},{"taxonomy":"product_tag","embeddable":true,"href":"https:\/\/e.kosmolat.eu\/lt\/wp-json\/wp\/v2\/product_tag?post=49463"}],"curies":[{"name":"wp","href":"https:\/\/api.w.org\/{rel}","templated":true}]}}