{"id":49455,"date":"2024-04-10T04:05:41","date_gmt":"2024-04-10T04:05:41","guid":{"rendered":"https:\/\/e.kosmolat.eu\/product\/megamonsters-kompl-mega-ekstrems-samp-3in1-300ml-zeleja-2in1-300ml\/"},"modified":"2025-09-11T08:23:42","modified_gmt":"2025-09-11T08:23:42","slug":"megamonsters-kompl-mega-ekstrems-samp-3in1-300ml-zeleja-2in1-300ml","status":"publish","type":"product","link":"https:\/\/e.kosmolat.eu\/lt\/produktas\/megamonsters-kompl-mega-ekstrems-samp-3in1-300ml-zeleja-2in1-300ml\/","title":{"rendered":"MEGAMONSTERS Rinkinys Mega ekstremalus (\u0160amp\u016bnas-gelis-putos 3in1, 300 ml + Gelis-putos 2in1, 300 ml"},"content":{"rendered":"<p><strong>Rinkinio sud\u0117tis:<\/strong><br \/>\n&bull; Vaiki\u0161kas \u0161amp\u016bnas-gelis-putos 3in1, 300 ml<br \/>\n&bull; Vaiki\u0161kas gelis-putos 2in1, 300 ml<\/p>\n<p>&Scaron;velni formul\u0117 + turtingas kompleksas. Provitaminas B5, alantoinas, nat\u016bral\u016bs ekstraktai. Vaikams nuo 1 met\u0173. Vartoti pri\u017ei\u016brint suaugusiems.<\/p>\n<p><strong>Naudojmo b\u016bdas:<\/strong><br \/>\n1) &Scaron;amp\u016bnas-gelis-putos 3in1: u\u017etepkite nedidel\u012f kiek\u012f \u0161amp\u016bno ant dr\u0117gn\u0173 plauk\u0173 ir (arba) odos, suputokite ir kruop\u0161\u010diai i\u0161skalaukite vandeniu. Kaip putos voniai: pilkite po tekan\u010diu vandeniu, kad u\u017epildytum\u0117te voni\u0105.<br \/>\n2) K\u016bdiki\u0173 gelis-putos 2in1: u\u017etepkite nedidel\u012f kiek\u012f gelio ant kempin\u0117s ar delno, suputokite ir tolygiai paskirstykite ant k\u016bno, tada kruop\u0161\u010diai nuplaukite vandeniu. Kaip putos voniai: &nbsp;pilkite po tekan\u010diu vandeniu, kad u\u017epildytum\u0117te voni\u0105.<br \/>\n&nbsp;<\/p>\n","protected":false},"excerpt":{"rendered":"<p>Rinkinio sud\u0117tis: &bull; Vaiki\u0161kas \u0161amp\u016bnas-gelis-putos 3in1, 300 ml &bull; Vaiki\u0161kas gelis-putos 2in1, 300 ml &Scaron;velni formul\u0117 + turtingas kompleksas. Provitaminas B5, alantoinas, nat\u016bral\u016bs ekstraktai. Vaikams nuo 1 met\u0173. Vartoti pri\u017ei\u016brint suaugusiems. Naudojmo b\u016bdas: 1) &Scaron;amp\u016bnas-gelis-putos 3in1: u\u017etepkite nedidel\u012f kiek\u012f \u0161amp\u016bno ant dr\u0117gn\u0173 plauk\u0173 ir (arba) odos, suputokite ir kruop\u0161\u010diai i\u0161skalaukite vandeniu. Kaip putos voniai: pilkite [&#8230;]\n","protected":false},"featured_media":0,"template":"","meta":[],"product_cat":[2181],"product_tag":[],"class_list":{"0":"post-49455","1":"product","2":"type-product","3":"status-publish","5":"product_brand-vecie-kodi-lt","6":"product_cat-bez-kategorijas-lt","8":"first","9":"outofstock","10":"taxable","11":"shipping-taxable","12":"product-type-simple"},"_links":{"self":[{"href":"https:\/\/e.kosmolat.eu\/lt\/wp-json\/wp\/v2\/product\/49455","targetHints":{"allow":["GET"]}}],"collection":[{"href":"https:\/\/e.kosmolat.eu\/lt\/wp-json\/wp\/v2\/product"}],"about":[{"href":"https:\/\/e.kosmolat.eu\/lt\/wp-json\/wp\/v2\/types\/product"}],"wp:attachment":[{"href":"https:\/\/e.kosmolat.eu\/lt\/wp-json\/wp\/v2\/media?parent=49455"}],"wp:term":[{"taxonomy":"product_cat","embeddable":true,"href":"https:\/\/e.kosmolat.eu\/lt\/wp-json\/wp\/v2\/product_cat?post=49455"},{"taxonomy":"product_tag","embeddable":true,"href":"https:\/\/e.kosmolat.eu\/lt\/wp-json\/wp\/v2\/product_tag?post=49455"}],"curies":[{"name":"wp","href":"https:\/\/api.w.org\/{rel}","templated":true}]}}