{"id":49447,"date":"2024-04-10T04:05:25","date_gmt":"2024-04-10T04:05:25","guid":{"rendered":"https:\/\/e.kosmolat.eu\/product\/gonki-davanu-komplekts-krutije-virazi-sampuns-ar-kondicionieri-300-vannas-putas-300\/"},"modified":"2025-09-19T22:21:20","modified_gmt":"2025-09-19T22:21:20","slug":"gonki-davanu-komplekts-krutije-virazi-sampuns-ar-kondicionieri-300-vannas-putas-300","status":"publish","type":"product","link":"https:\/\/e.kosmolat.eu\/lt\/produktas\/gonki-davanu-komplekts-krutije-virazi-sampuns-ar-kondicionieri-300-vannas-putas-300\/","title":{"rendered":"Gonki Rinkinys  Krutyje vira\u017ei: \u0161amp\u016bnas 300 ml + vonios putos 300 ml"},"content":{"rendered":"<p>Rinkin\u012f sudaro:<\/p>\n<div>\n<\/div>\n<div><b>Plauk\u0173 \u0161amp\u016bnas su kondicionieriumi 2 in 1 300 ml<br \/>\n<\/b><\/div>\n<div>\u0160amp\u016bnas-kondicionierius buvo sukurtas specialiai grei\u010dio ir v\u0117jo poj\u016b\u010dio plaukuose m\u0117g\u0117jams! Subtili tekst\u016bra ir \u0161velni kompozicija, prisotinta veikli\u0173j\u0173 med\u017eiag\u0173, kiekvienai garbanai suteiks lengvumo ir blizgesio.\n<\/div>\n<div>D-pantenolis &#8211; aktyviai dr\u0117kina, atkuria ir saugo plaukus, pieno ekstraktas &#8211; mink\u0161tina, maitina, skatina plauk\u0173 augim\u0105, mi\u0161ko uog\u0173 (brukni\u0173 ir gervuogi\u0173) ekstraktai &#8211; tvirtina, maitina plaukus, prisotina juos vitaminais ir mikroelementais.\n<\/div>\n<div>\u0160amp\u016bnas nesausina bei nedirgina odos ir aki\u0173.<\/div>\n<p>Naudojimas: nedidel\u012f kiek\u012f \u0161amp\u016bno paskirstykite ant dr\u0117gn\u0173 plauk\u0173, masa\u017euokite, kol susidarys putos, tada gerai i\u0161skalaukite vandeniu.\u00a0Jei reikia, pakartokite proced\u016br\u0105.<\/p>\n<div>\n<\/div>\n<div><b>Vonios putos 300 ml<br \/>\n<\/b><\/div>\n<div>Dabar maudyn\u0117s \u2013 ne tik \u0161velnus prausimasis ir prie\u017ei\u016bra, o tikras nuotykis!\n<\/div>\n<div>Tai tiesiog ne\u012ftik\u0117tina \u2013 tikra magija!\n<\/div>\n<div>Patekus \u012f vanden\u012f, raudonas skystis paver\u010dia vanden\u012f m\u0117lynu! Tuo pa\u010diu metu putos i\u0161lieka sniego baltumo!\n<\/div>\n<div>Put\u0173 sud\u0117tis pritaikyta k\u016bdiki\u0173 odai, jose gausu augalini\u0173 ekstrakt\u0173 ir veikli\u0173j\u0173 med\u017eiag\u0173, kurios suteikia odai ypating\u0105 prie\u017ei\u016br\u0105 ir apsaug\u0105.\n<\/div>\n<div>D-pantenolis &#8211; aktyviai dr\u0117kina, atkuria ir apsaugo od\u0105, pieno ir sodo uog\u0173 ekstraktai &#8211; maitina, mink\u0161tina od\u0105, suteikia j\u0117g\u0173 ir energijos.<\/div>\n<p>Naudojimas: nedidel\u012f kiek\u012f put\u0173 \u012fpilkite \u012f voni\u0105, u\u017epildyt\u0105 vandeniu, i\u0161mai\u0161ykite rankomis.<\/p>\n<div>\n<\/div>\n<div>\n<\/div>\n<div>\n<\/div>\n<div>\n<\/div>\n<div>\n<\/div>\n<div>\n<\/div>\n<div>\n<\/div>\n","protected":false},"excerpt":{"rendered":"<p>Rinkin\u012f sudaro: Plauk\u0173 \u0161amp\u016bnas su kondicionieriumi 2 in 1 300 ml \u0160amp\u016bnas-kondicionierius buvo sukurtas specialiai grei\u010dio ir v\u0117jo poj\u016b\u010dio plaukuose m\u0117g\u0117jams! Subtili tekst\u016bra ir \u0161velni kompozicija, prisotinta veikli\u0173j\u0173 med\u017eiag\u0173, kiekvienai garbanai suteiks lengvumo ir blizgesio. D-pantenolis &#8211; aktyviai dr\u0117kina, atkuria ir saugo plaukus, pieno ekstraktas &#8211; mink\u0161tina, maitina, skatina plauk\u0173 augim\u0105, mi\u0161ko uog\u0173 (brukni\u0173 ir [&#8230;]\n","protected":false},"featured_media":86030,"template":"","meta":[],"product_cat":[1851],"product_tag":[],"class_list":{"0":"post-49447","1":"product","2":"type-product","3":"status-publish","4":"has-post-thumbnail","6":"product_brand-vecie-kodi-lt","7":"product_cat-dovanu-rinkiniai-vaikams","9":"first","10":"outofstock","11":"taxable","12":"shipping-taxable","13":"product-type-simple"},"_links":{"self":[{"href":"https:\/\/e.kosmolat.eu\/lt\/wp-json\/wp\/v2\/product\/49447","targetHints":{"allow":["GET"]}}],"collection":[{"href":"https:\/\/e.kosmolat.eu\/lt\/wp-json\/wp\/v2\/product"}],"about":[{"href":"https:\/\/e.kosmolat.eu\/lt\/wp-json\/wp\/v2\/types\/product"}],"wp:featuredmedia":[{"embeddable":true,"href":"https:\/\/e.kosmolat.eu\/lt\/wp-json\/wp\/v2\/media\/86030"}],"wp:attachment":[{"href":"https:\/\/e.kosmolat.eu\/lt\/wp-json\/wp\/v2\/media?parent=49447"}],"wp:term":[{"taxonomy":"product_cat","embeddable":true,"href":"https:\/\/e.kosmolat.eu\/lt\/wp-json\/wp\/v2\/product_cat?post=49447"},{"taxonomy":"product_tag","embeddable":true,"href":"https:\/\/e.kosmolat.eu\/lt\/wp-json\/wp\/v2\/product_tag?post=49447"}],"curies":[{"name":"wp","href":"https:\/\/api.w.org\/{rel}","templated":true}]}}