{"id":49439,"date":"2024-04-10T04:05:09","date_gmt":"2024-04-10T04:05:09","guid":{"rendered":"https:\/\/e.kosmolat.eu\/product\/b-tonika-8-53-tonejoss-balzams-dumakaini-roza\/"},"modified":"2025-09-19T16:10:47","modified_gmt":"2025-09-19T16:10:47","slug":"b-tonika-8-53-tonejoss-balzams-dumakaini-roza","status":"publish","type":"product","link":"https:\/\/e.kosmolat.eu\/lt\/produktas\/b-tonika-8-53-tonejoss-balzams-dumakaini-roza\/","title":{"rendered":"B TONIKA 8.53 Tonuojantis balzamas D\u016bm\u0173 ro\u017ein\u0117"},"content":{"rendered":"","protected":false},"excerpt":{"rendered":"","protected":false},"featured_media":0,"template":"","meta":[],"product_cat":[1299],"product_tag":[],"class_list":{"0":"post-49439","1":"product","2":"type-product","3":"status-publish","5":"product_brand-vecie-kodi-lt","6":"product_cat-tonizuojancios-priemones-plaukams","8":"first","9":"outofstock","10":"taxable","11":"shipping-taxable","12":"product-type-simple"},"_links":{"self":[{"href":"https:\/\/e.kosmolat.eu\/lt\/wp-json\/wp\/v2\/product\/49439","targetHints":{"allow":["GET"]}}],"collection":[{"href":"https:\/\/e.kosmolat.eu\/lt\/wp-json\/wp\/v2\/product"}],"about":[{"href":"https:\/\/e.kosmolat.eu\/lt\/wp-json\/wp\/v2\/types\/product"}],"wp:attachment":[{"href":"https:\/\/e.kosmolat.eu\/lt\/wp-json\/wp\/v2\/media?parent=49439"}],"wp:term":[{"taxonomy":"product_cat","embeddable":true,"href":"https:\/\/e.kosmolat.eu\/lt\/wp-json\/wp\/v2\/product_cat?post=49439"},{"taxonomy":"product_tag","embeddable":true,"href":"https:\/\/e.kosmolat.eu\/lt\/wp-json\/wp\/v2\/product_tag?post=49439"}],"curies":[{"name":"wp","href":"https:\/\/api.w.org\/{rel}","templated":true}]}}