{"id":49411,"date":"2024-04-10T04:00:42","date_gmt":"2024-04-10T04:00:42","guid":{"rendered":"https:\/\/e.kosmolat.eu\/product\/megamonsters-komplekts-sampuns-2in1-300-ml-zeleja-putas-2in1-300-ml\/"},"modified":"2025-09-19T22:21:05","modified_gmt":"2025-09-19T22:21:05","slug":"megamonsters-komplekts-sampuns-2in1-300-ml-zeleja-putas-2in1-300-ml","status":"publish","type":"product","link":"https:\/\/e.kosmolat.eu\/lt\/produktas\/megamonsters-komplekts-sampuns-2in1-300-ml-zeleja-putas-2in1-300-ml\/","title":{"rendered":"MEGAMONSTERS Rinkinys (\u0160amp\u016bnas 2in1, 300 ml +  \u017del\u0117-putos 2in1, 300 ml)"},"content":{"rendered":"<\/p>\n","protected":false},"excerpt":{"rendered":"","protected":false},"featured_media":86026,"template":"","meta":[],"product_cat":[1851],"product_tag":[],"class_list":{"0":"post-49411","1":"product","2":"type-product","3":"status-publish","4":"has-post-thumbnail","6":"product_brand-vecie-kodi-lt","7":"product_cat-dovanu-rinkiniai-vaikams","9":"first","10":"outofstock","11":"taxable","12":"shipping-taxable","13":"product-type-simple"},"_links":{"self":[{"href":"https:\/\/e.kosmolat.eu\/lt\/wp-json\/wp\/v2\/product\/49411","targetHints":{"allow":["GET"]}}],"collection":[{"href":"https:\/\/e.kosmolat.eu\/lt\/wp-json\/wp\/v2\/product"}],"about":[{"href":"https:\/\/e.kosmolat.eu\/lt\/wp-json\/wp\/v2\/types\/product"}],"wp:featuredmedia":[{"embeddable":true,"href":"https:\/\/e.kosmolat.eu\/lt\/wp-json\/wp\/v2\/media\/86026"}],"wp:attachment":[{"href":"https:\/\/e.kosmolat.eu\/lt\/wp-json\/wp\/v2\/media?parent=49411"}],"wp:term":[{"taxonomy":"product_cat","embeddable":true,"href":"https:\/\/e.kosmolat.eu\/lt\/wp-json\/wp\/v2\/product_cat?post=49411"},{"taxonomy":"product_tag","embeddable":true,"href":"https:\/\/e.kosmolat.eu\/lt\/wp-json\/wp\/v2\/product_tag?post=49411"}],"curies":[{"name":"wp","href":"https:\/\/api.w.org\/{rel}","templated":true}]}}