{"id":49399,"date":"2024-04-09T04:17:09","date_gmt":"2024-04-09T04:17:09","guid":{"rendered":"https:\/\/e.kosmolat.eu\/product\/ce-tonika-tonejoss-balzams-3-22-ultraviolet-150-ml\/"},"modified":"2025-09-19T18:42:50","modified_gmt":"2025-09-19T18:42:50","slug":"ce-tonika-tonejoss-balzams-3-22-ultraviolet-150-ml","status":"publish","type":"product","link":"https:\/\/e.kosmolat.eu\/lt\/produktas\/ce-tonika-tonejoss-balzams-3-22-ultraviolet-150-ml\/","title":{"rendered":"CE TONIKA suteikiantis atspalv\u012f su biolaminavimo efektu 3.22 150ml"},"content":{"rendered":"<p>Tonika Atspalv\u012f suteikiantis balzamas 3.22 Ultraviolet<br \/>\nPo 10 plovimu \u0161amp\u016bnu nusiplauna. Da\u017eant \u0161viesius plaukus pasiruo\u0161kite k\u016brybingiems ry\u0161kiems atspalviams. Jei plauk\u0173 spalva tamsesn\u0117 nei pasirinkta spalva, tai plaukai \u012fgaus tik lengv\u0105 atspalv\u012f. Da\u017eant \u017eilus arba da\u017eytus plaukus sruogel\u0117mis, j\u016bs \u012fgausite ry\u0161kias spalvas. Nemai\u0161ykite su kitais atspalviai ir \u0161amp\u016bnu. Prie\u0161 da\u017eym\u0105 ant sruogos rekomenduojama atlikti norimos spalvos test\u0105.&nbsp;<br \/>\nD\u0117mesio: atspalv\u012f suteikian\u010dio \u0161amp\u016bno spalva ant plauk\u0173 gali skirtis. Su laiku, ma\u017edaug po 10 plovimu nusiplauna \u0161amp\u016bnu. Priklausomai nuo plauk\u0173 strukt\u016bros gali likti nery\u0161kus atspalvis. Jei da\u017eiklis pateko ant interjero daikt\u0173 ir vonios pavir\u0161i\u0173, nuplaukite specialiomis priemon\u0117mis, skirtomis santechnik\u0105 valyti.<br \/>\nNaudojimo b\u016bdas: naudokite pir\u0161tines, o taip pat rank\u0161luos\u010di\u0173 apsaugokite drabu\u017eius. U\u017etepkite rieb\u0173 krem\u0105 palei plauk\u0173 augim\u0105 ir ant aus\u0173, kad i\u0161vengtum\u0117te odos da\u017eymo. U\u017etepkite balzam\u0105 per vis\u0105 plauk\u0173 ilg\u012f. Da\u017eymo laikas: pary\u0161kinti spalv\u0105 &ndash; 3-5 minutes, lengvas atspalvis &ndash; iki 10 minu\u010di\u0173, prisotinta spalva &ndash; iki 30 minu\u010di\u0173.<br \/>\n&nbsp;<\/p>\n","protected":false},"excerpt":{"rendered":"<p>Tonika Atspalv\u012f suteikiantis balzamas 3.22 Ultraviolet Po 10 plovimu \u0161amp\u016bnu nusiplauna. Da\u017eant \u0161viesius plaukus pasiruo\u0161kite k\u016brybingiems ry\u0161kiems atspalviams. Jei plauk\u0173 spalva tamsesn\u0117 nei pasirinkta spalva, tai plaukai \u012fgaus tik lengv\u0105 atspalv\u012f. Da\u017eant \u017eilus arba da\u017eytus plaukus sruogel\u0117mis, j\u016bs \u012fgausite ry\u0161kias spalvas. Nemai\u0161ykite su kitais atspalviai ir \u0161amp\u016bnu. Prie\u0161 da\u017eym\u0105 ant sruogos rekomenduojama atlikti norimos spalvos [&#8230;]\n","protected":false},"featured_media":82054,"template":"","meta":[],"product_cat":[1299],"product_tag":[],"class_list":{"0":"post-49399","1":"product","2":"type-product","3":"status-publish","4":"has-post-thumbnail","6":"product_brand-vecie-kodi-lt","7":"product_cat-tonizuojancios-priemones-plaukams","9":"first","10":"outofstock","11":"taxable","12":"shipping-taxable","13":"product-type-simple"},"_links":{"self":[{"href":"https:\/\/e.kosmolat.eu\/lt\/wp-json\/wp\/v2\/product\/49399","targetHints":{"allow":["GET"]}}],"collection":[{"href":"https:\/\/e.kosmolat.eu\/lt\/wp-json\/wp\/v2\/product"}],"about":[{"href":"https:\/\/e.kosmolat.eu\/lt\/wp-json\/wp\/v2\/types\/product"}],"wp:featuredmedia":[{"embeddable":true,"href":"https:\/\/e.kosmolat.eu\/lt\/wp-json\/wp\/v2\/media\/82054"}],"wp:attachment":[{"href":"https:\/\/e.kosmolat.eu\/lt\/wp-json\/wp\/v2\/media?parent=49399"}],"wp:term":[{"taxonomy":"product_cat","embeddable":true,"href":"https:\/\/e.kosmolat.eu\/lt\/wp-json\/wp\/v2\/product_cat?post=49399"},{"taxonomy":"product_tag","embeddable":true,"href":"https:\/\/e.kosmolat.eu\/lt\/wp-json\/wp\/v2\/product_tag?post=49399"}],"curies":[{"name":"wp","href":"https:\/\/api.w.org\/{rel}","templated":true}]}}