{"id":49391,"date":"2024-04-09T04:16:50","date_gmt":"2024-04-09T04:16:50","guid":{"rendered":"https:\/\/e.kosmolat.eu\/product\/dr-s-cannabis-hair-balzams-200-ml\/"},"modified":"2025-09-19T21:40:10","modified_gmt":"2025-09-19T21:40:10","slug":"i_dr-s-cannabis-hair-balzams-200-ml","status":"publish","type":"product","link":"https:\/\/e.kosmolat.eu\/lt\/produktas\/i_dr-s-cannabis-hair-balzams-200-ml\/","title":{"rendered":"I_DR.SANTE Cannabis Hair Plauk\u0173 balzamas, 200 ml"},"content":{"rendered":"<p>Cannabis Hair serija alsuoja gamtos galia ir energija &ndash; kanapi\u0173 aliejus laikomas vienu naudingiausi\u0173 ir subalansuot\u0173 100% nat\u016brali\u0173 aliej\u0173.&nbsp;<\/p>\n<ul>\n<li>14 itin svarbi\u0173 aminor\u016bg&scaron;\u010di\u0173 kompleksas plauk\u0173 atstatymui PRODEW 500 pa&scaron;alina pavir&scaron;inius plauko pa\u017eeidimus, stiprina plauko strukt\u016br\u0105. Balzamas dr\u0117kina, mink&scaron;tina, glotnina plaukus, palengvina &scaron;ukavim\u0105.<\/li>\n<li>Kanapi\u0173 aliejus (sud\u0117tyje yra vitamin\u0173 A, C, E, keramid\u0173, baltym\u0173, riebal\u0173 r\u016bg&scaron;\u010di\u0173 Omega-3, Omega-6, Omega-9, karotino) visapusi&scaron;kai atgaivina plaukus.<\/li>\n<li>Amlos aliejus r\u016bpinasi, dr\u0117kina plaukus, glotnina. Plaukai \u012fgauna blizgant\u012f blizges\u012f.<\/li>\n<li>Alavij\u0173 sultys &ndash; nat\u016bralus mink&scaron;tiklis &ndash; palaiko reikiam\u0105 dr\u0117gm\u0117s lyg\u012f.<\/li>\n<\/ul>\n<p><strong>Naudojimas: <\/strong>reikiamu kiekiu balzamo tepti &scaron;varius, dr\u0117gnus plaukus, tolygiai paskirstyti per vis\u0105 ilg\u012f, i&scaron;skalauti vandeniu.<\/p>\n<p><strong>Atsargumo priemon\u0117s: <\/strong>Patekus \u012f akis, praplauti vandeniu. Galimas padid\u0117j\u0119s individualus jautrumas atskiriems komponentams.<br \/>\n&nbsp;<\/p>\n","protected":false},"excerpt":{"rendered":"<p>Cannabis Hair serija alsuoja gamtos galia ir energija &ndash; kanapi\u0173 aliejus laikomas vienu naudingiausi\u0173 ir subalansuot\u0173 100% nat\u016brali\u0173 aliej\u0173.&nbsp; 14 itin svarbi\u0173 aminor\u016bg&scaron;\u010di\u0173 kompleksas plauk\u0173 atstatymui PRODEW 500 pa&scaron;alina pavir&scaron;inius plauko pa\u017eeidimus, stiprina plauko strukt\u016br\u0105. Balzamas dr\u0117kina, mink&scaron;tina, glotnina plaukus, palengvina &scaron;ukavim\u0105. Kanapi\u0173 aliejus (sud\u0117tyje yra vitamin\u0173 A, C, E, keramid\u0173, baltym\u0173, riebal\u0173 r\u016bg&scaron;\u010di\u0173 Omega-3, [&#8230;]\n","protected":false},"featured_media":85258,"template":"","meta":[],"product_cat":[1640],"product_tag":[],"class_list":{"0":"post-49391","1":"product","2":"type-product","3":"status-publish","4":"has-post-thumbnail","6":"product_brand-elfa_ua-lt","7":"product_cat-balzamai","9":"first","10":"outofstock","11":"taxable","12":"shipping-taxable","13":"product-type-simple"},"_links":{"self":[{"href":"https:\/\/e.kosmolat.eu\/lt\/wp-json\/wp\/v2\/product\/49391","targetHints":{"allow":["GET"]}}],"collection":[{"href":"https:\/\/e.kosmolat.eu\/lt\/wp-json\/wp\/v2\/product"}],"about":[{"href":"https:\/\/e.kosmolat.eu\/lt\/wp-json\/wp\/v2\/types\/product"}],"wp:featuredmedia":[{"embeddable":true,"href":"https:\/\/e.kosmolat.eu\/lt\/wp-json\/wp\/v2\/media\/85258"}],"wp:attachment":[{"href":"https:\/\/e.kosmolat.eu\/lt\/wp-json\/wp\/v2\/media?parent=49391"}],"wp:term":[{"taxonomy":"product_cat","embeddable":true,"href":"https:\/\/e.kosmolat.eu\/lt\/wp-json\/wp\/v2\/product_cat?post=49391"},{"taxonomy":"product_tag","embeddable":true,"href":"https:\/\/e.kosmolat.eu\/lt\/wp-json\/wp\/v2\/product_tag?post=49391"}],"curies":[{"name":"wp","href":"https:\/\/api.w.org\/{rel}","templated":true}]}}