{"id":49355,"date":"2024-04-09T04:15:25","date_gmt":"2024-04-09T04:15:25","guid":{"rendered":"https:\/\/e.kosmolat.eu\/product\/ccas%d0%ben%d0%b5e%d0%b5%d0%b2u%d0%b5-%d0%bfa%d1%82%d1%87c-modo-ccae%d1%83s%d0%be%d0%bd-2-u%d1%82\/"},"modified":"2025-09-20T04:31:44","modified_gmt":"2025-09-20T04:31:44","slug":"modo-hidrogela-acu-patci-hialurons-2-gab","status":"publish","type":"product","link":"https:\/\/e.kosmolat.eu\/lt\/produktas\/modo-hidrogela-acu-patci-hialurons-2-gab\/","title":{"rendered":"MODO Hidrogeliniai pleistrai kauk\u0117s Hyaluronas, 2 vnt."},"content":{"rendered":"<p>Pleistrai su hialuronu pad\u0117s greitai susitvarkyti. Didel\u0117s hialurono molekul\u0117s ant odos sukuria kv\u0117puojan\u010di\u0105 pl\u0117vel\u0119, kuri u\u017esandarina dr\u0117gm\u0119 ir neleid\u017eia i&scaron;saus\u0117ti, o ma\u017eesn\u0117s molekul\u0117s prasiskverbia \u012f gilesnius odos sluoksnius, tod\u0117l oda tampa elastingesn\u0117, lygi ir &scaron;vytinti.<\/p>\n<p><strong>Naudojimo instrukcija:<\/strong>&nbsp;u\u017ed\u0117kite pleistrus ant nuvalytos odos aplink akis arba nosies ir l\u016bp\u0173 srities &nbsp;rauk&scaron;li\u0173, kad jie tvirtai prilipt\u0173 prie odos. Po 15-20 minu\u010di\u0173 pleistrus nuimkite, o likusi\u0105 esencij\u0105 palikite ant odos, kol visi&scaron;kai susigers. Nor\u0117dami sustiprinti pleistr\u0173 poveik\u012f, pad\u0117kite juos \u012f &scaron;aldytuv\u0105 15-20 minu\u010di\u0173 ne \u017eemesn\u0117je kaip +5&deg;C temperat\u016broje.<\/p>\n<p><strong>Atsargumo priemon\u0117s: <\/strong>nenaudoti ant u\u017edegimin\u0117s, sudirgusios odos. Tik i&scaron;oriniam naudojimui. Galimas individualus komponent\u0173 netoleravimas. Jei atsiranda dirginimas, nutraukite naudojim\u0105. Vengti patekimo \u012f akis, jei patekt\u0173, praskalauti vandeniu. Nenaudoti pakartotinai.<\/p>\n<p>Laikyti nuo +5 &deg;C iki +25 &deg;C temperat\u016broje.<br \/>\n&nbsp;<\/p>\n","protected":false},"excerpt":{"rendered":"<p>Pleistrai su hialuronu pad\u0117s greitai susitvarkyti. Didel\u0117s hialurono molekul\u0117s ant odos sukuria kv\u0117puojan\u010di\u0105 pl\u0117vel\u0119, kuri u\u017esandarina dr\u0117gm\u0119 ir neleid\u017eia i&scaron;saus\u0117ti, o ma\u017eesn\u0117s molekul\u0117s prasiskverbia \u012f gilesnius odos sluoksnius, tod\u0117l oda tampa elastingesn\u0117, lygi ir &scaron;vytinti. Naudojimo instrukcija:&nbsp;u\u017ed\u0117kite pleistrus ant nuvalytos odos aplink akis arba nosies ir l\u016bp\u0173 srities &nbsp;rauk&scaron;li\u0173, kad jie tvirtai prilipt\u0173 prie odos. [&#8230;]\n","protected":false},"featured_media":91970,"template":"","meta":[],"product_cat":[1369],"product_tag":[],"class_list":{"0":"post-49355","1":"product","2":"type-product","3":"status-publish","4":"has-post-thumbnail","6":"product_brand-modum_by-lt","7":"product_cat-veido-kaukes","9":"first","10":"outofstock","11":"taxable","12":"shipping-taxable","13":"product-type-simple"},"_links":{"self":[{"href":"https:\/\/e.kosmolat.eu\/lt\/wp-json\/wp\/v2\/product\/49355","targetHints":{"allow":["GET"]}}],"collection":[{"href":"https:\/\/e.kosmolat.eu\/lt\/wp-json\/wp\/v2\/product"}],"about":[{"href":"https:\/\/e.kosmolat.eu\/lt\/wp-json\/wp\/v2\/types\/product"}],"wp:featuredmedia":[{"embeddable":true,"href":"https:\/\/e.kosmolat.eu\/lt\/wp-json\/wp\/v2\/media\/91970"}],"wp:attachment":[{"href":"https:\/\/e.kosmolat.eu\/lt\/wp-json\/wp\/v2\/media?parent=49355"}],"wp:term":[{"taxonomy":"product_cat","embeddable":true,"href":"https:\/\/e.kosmolat.eu\/lt\/wp-json\/wp\/v2\/product_cat?post=49355"},{"taxonomy":"product_tag","embeddable":true,"href":"https:\/\/e.kosmolat.eu\/lt\/wp-json\/wp\/v2\/product_tag?post=49355"}],"curies":[{"name":"wp","href":"https:\/\/api.w.org\/{rel}","templated":true}]}}