{"id":49347,"date":"2024-04-09T04:14:52","date_gmt":"2024-04-09T04:14:52","guid":{"rendered":"https:\/\/e.kosmolat.eu\/product\/organic-mimi-matu-maska-vs-argana-mulberry-200-ml\/"},"modified":"2026-04-14T05:52:30","modified_gmt":"2026-04-14T05:52:30","slug":"organic-mimi-matu-maska-vs-argana-mulberry-200-ml","status":"publish","type":"product","link":"https:\/\/e.kosmolat.eu\/lt\/produktas\/organic-mimi-matu-maska-vs-argana-mulberry-200-ml\/","title":{"rendered":"ORGANIC MIMI Plauk\u0173 kauk\u0117 Volume &#038; Shine Argana &#038; Mulberry, 200 ml"},"content":{"rendered":"<p>Kauk\u0117 giliai \u012fsiskverbia \u012f plauk\u0173 strukt\u016br\u0105, stiprina j\u0105, suteikia apimties ir \u017evilgesio.<\/p>\n<p>Augaliniai baltymai sutankina plauk\u0173 strukt\u016br\u0105 i\u0161 vidaus ir apsaugo j\u0105 i\u0161 i\u0161or\u0117s.<br \/>\nOrganinis argan\u0173 aliejus intensyviai atkuria ir stiprina susilpn\u0117jusius ir pa\u017eeistus plaukus.<br \/>\n\u0160ilkmed\u017ei\u0173 ekstraktas saugo plaukus nuo \u017ealingo aplinkos poveikio, suteikia plaukams \u017evilgesio ir spindesio.<\/p>\n<p>Naudojimas: u\u017etepkite nedidel\u012f kiek\u012f kauk\u0117s ant \u0161vari\u0173, dr\u0117gn\u0173 plauk\u0173, palikite 2-5 minutes. Nuplaukite \u0161iltu vandeniu. Tik i\u0161oriniam naudojimui.<\/p>\n","protected":false},"excerpt":{"rendered":"<p>Kauk\u0117 giliai \u012fsiskverbia \u012f plauk\u0173 strukt\u016br\u0105, stiprina j\u0105, suteikia apimties ir \u017evilgesio. Augaliniai baltymai sutankina plauk\u0173 strukt\u016br\u0105 i\u0161 vidaus ir apsaugo j\u0105 i\u0161 i\u0161or\u0117s. Organinis argan\u0173 aliejus intensyviai atkuria ir stiprina susilpn\u0117jusius ir pa\u017eeistus plaukus. \u0160ilkmed\u017ei\u0173 ekstraktas saugo plaukus nuo \u017ealingo aplinkos poveikio, suteikia plaukams \u017evilgesio ir spindesio. Naudojimas: u\u017etepkite nedidel\u012f kiek\u012f kauk\u0117s ant \u0161vari\u0173, [&#8230;]\n","protected":false},"featured_media":90910,"template":"","meta":[],"product_cat":[1256],"product_tag":[],"class_list":{"0":"post-49347","1":"product","2":"type-product","3":"status-publish","4":"has-post-thumbnail","6":"product_brand-ecolab_cs-lt","7":"product_cat-plauku-kaukes","9":"first","10":"instock","11":"taxable","12":"shipping-taxable","13":"product-type-simple"},"_links":{"self":[{"href":"https:\/\/e.kosmolat.eu\/lt\/wp-json\/wp\/v2\/product\/49347","targetHints":{"allow":["GET"]}}],"collection":[{"href":"https:\/\/e.kosmolat.eu\/lt\/wp-json\/wp\/v2\/product"}],"about":[{"href":"https:\/\/e.kosmolat.eu\/lt\/wp-json\/wp\/v2\/types\/product"}],"wp:featuredmedia":[{"embeddable":true,"href":"https:\/\/e.kosmolat.eu\/lt\/wp-json\/wp\/v2\/media\/90910"}],"wp:attachment":[{"href":"https:\/\/e.kosmolat.eu\/lt\/wp-json\/wp\/v2\/media?parent=49347"}],"wp:term":[{"taxonomy":"product_cat","embeddable":true,"href":"https:\/\/e.kosmolat.eu\/lt\/wp-json\/wp\/v2\/product_cat?post=49347"},{"taxonomy":"product_tag","embeddable":true,"href":"https:\/\/e.kosmolat.eu\/lt\/wp-json\/wp\/v2\/product_tag?post=49347"}],"curies":[{"name":"wp","href":"https:\/\/api.w.org\/{rel}","templated":true}]}}