{"id":49339,"date":"2024-04-09T04:14:39","date_gmt":"2024-04-09T04:14:39","guid":{"rendered":"https:\/\/e.kosmolat.eu\/product\/organic-mimi-matu-maska-sr-shea-magnolia-200-ml\/"},"modified":"2026-04-14T05:52:17","modified_gmt":"2026-04-14T05:52:17","slug":"organic-mimi-matu-maska-sr-shea-magnolia-200-ml","status":"publish","type":"product","link":"https:\/\/e.kosmolat.eu\/lt\/produktas\/organic-mimi-matu-maska-sr-shea-magnolia-200-ml\/","title":{"rendered":"ORGANIC MIMI Plauk\u0173 kauk\u0117 Strength &#038; Restore Shea &#038; Magnolia, 200 ml"},"content":{"rendered":"<p>Stiprina ir atkuria susilpn\u0117jusius ir pa\u017eeistus plaukus.<\/p>\n<p>Organinis taukmed\u017ei\u0173 sviestas ir kokos\u0173 aliejus atkuria plauk\u0173 strukt\u016br\u0105, maitina ir dr\u0117kina juos, u\u017ekerta keli\u0105 galiuk\u0173 skilin\u0117jimui.<br \/>\ngaliukus ir suteikia plaukams \u017evilgesio bei \u017evilgesio.<br \/>\nMagnolijos ekstraktas stiprina ir saugo l\u016b\u017ein\u0117jan\u010dius plaukus, suformuodamas ant j\u0173 pavir\u0161iaus pl\u0117vel\u0119, kuri apsaugo plaukus nuo dr\u0117gm\u0117s praradimo ir agresyvi\u0173 aplinkos veiksni\u0173.<\/p>\n<p>Naudojimas: nedidel\u012f kiek\u012f kauk\u0117s u\u017etepkite ant \u0161vari\u0173, dr\u0117gn\u0173 plauk\u0173, palikite 2-5 minutes. Nuplaukite \u0161iltu vandeniu. Tik i\u0161oriniam naudojimui.<\/p>\n","protected":false},"excerpt":{"rendered":"<p>Stiprina ir atkuria susilpn\u0117jusius ir pa\u017eeistus plaukus. Organinis taukmed\u017ei\u0173 sviestas ir kokos\u0173 aliejus atkuria plauk\u0173 strukt\u016br\u0105, maitina ir dr\u0117kina juos, u\u017ekerta keli\u0105 galiuk\u0173 skilin\u0117jimui. galiukus ir suteikia plaukams \u017evilgesio bei \u017evilgesio. Magnolijos ekstraktas stiprina ir saugo l\u016b\u017ein\u0117jan\u010dius plaukus, suformuodamas ant j\u0173 pavir\u0161iaus pl\u0117vel\u0119, kuri apsaugo plaukus nuo dr\u0117gm\u0117s praradimo ir agresyvi\u0173 aplinkos veiksni\u0173. Naudojimas: nedidel\u012f [&#8230;]\n","protected":false},"featured_media":90906,"template":"","meta":[],"product_cat":[1256],"product_tag":[],"class_list":{"0":"post-49339","1":"product","2":"type-product","3":"status-publish","4":"has-post-thumbnail","6":"product_brand-ecolab_cs-lt","7":"product_cat-plauku-kaukes","9":"first","10":"instock","11":"taxable","12":"shipping-taxable","13":"product-type-simple"},"_links":{"self":[{"href":"https:\/\/e.kosmolat.eu\/lt\/wp-json\/wp\/v2\/product\/49339","targetHints":{"allow":["GET"]}}],"collection":[{"href":"https:\/\/e.kosmolat.eu\/lt\/wp-json\/wp\/v2\/product"}],"about":[{"href":"https:\/\/e.kosmolat.eu\/lt\/wp-json\/wp\/v2\/types\/product"}],"wp:featuredmedia":[{"embeddable":true,"href":"https:\/\/e.kosmolat.eu\/lt\/wp-json\/wp\/v2\/media\/90906"}],"wp:attachment":[{"href":"https:\/\/e.kosmolat.eu\/lt\/wp-json\/wp\/v2\/media?parent=49339"}],"wp:term":[{"taxonomy":"product_cat","embeddable":true,"href":"https:\/\/e.kosmolat.eu\/lt\/wp-json\/wp\/v2\/product_cat?post=49339"},{"taxonomy":"product_tag","embeddable":true,"href":"https:\/\/e.kosmolat.eu\/lt\/wp-json\/wp\/v2\/product_tag?post=49339"}],"curies":[{"name":"wp","href":"https:\/\/api.w.org\/{rel}","templated":true}]}}