{"id":49331,"date":"2024-04-09T04:14:27","date_gmt":"2024-04-09T04:14:27","guid":{"rendered":"https:\/\/e.kosmolat.eu\/product\/organic-mimi-matu-maska-all-in-1-jojoba-lotus-200-ml\/"},"modified":"2026-04-20T11:17:01","modified_gmt":"2026-04-20T11:17:01","slug":"organic-mimi-matu-maska-all-in-1-jojoba-lotus-200-ml","status":"publish","type":"product","link":"https:\/\/e.kosmolat.eu\/lt\/produktas\/organic-mimi-matu-maska-all-in-1-jojoba-lotus-200-ml\/","title":{"rendered":"ORGANIC MIMI Plauk\u0173 kauk\u0117 All in one Jojoba &#038; Lotus, 200 ml"},"content":{"rendered":"<p>Tinka vis\u0173 tip\u0173 plaukams. Kauk\u0117 i\u0161sprend\u017eia kelias problemas vienu metu: apsaugo plaukus nuo neigiam\u0173 aplinkos veiksni\u0173, daro juos paklusnius ir lengvai i\u0161\u0161ukuojamus, apsaugo nuo trapumo ir galiuk\u0173 skilin\u0117jimo, suteikia papildomos apimties neapsunkindama plauk\u0173, suteikia nat\u016bralaus \u017evilgesio ir spindesio.<\/p>\n<p>Organinis simondsij\u0173 aliejus ir taukmed\u017ei\u0173 sviestas atkuria ir stiprina plauk\u0173 strukt\u016br\u0105, skatina plauk\u0173 augim\u0105.<\/p>\n<p>Lotos\u0173 ekstraktas dr\u0117kina ir maitina plaukus, suteikdamas jiems nat\u016bralaus \u017evilgesio ir \u017evilgesio.<\/p>\n<p>Naudojimas: u\u017etepkite nedidel\u012f kiek\u012f kauk\u0117s ant \u0161vari\u0173, dr\u0117gn\u0173 plauk\u0173, palikite 2-5 minutes. Nuplaukite \u0161iltu vandeniu. Tik i\u0161oriniam naudojimui.<\/p>\n","protected":false},"excerpt":{"rendered":"<p>Tinka vis\u0173 tip\u0173 plaukams. Kauk\u0117 i\u0161sprend\u017eia kelias problemas vienu metu: apsaugo plaukus nuo neigiam\u0173 aplinkos veiksni\u0173, daro juos paklusnius ir lengvai i\u0161\u0161ukuojamus, apsaugo nuo trapumo ir galiuk\u0173 skilin\u0117jimo, suteikia papildomos apimties neapsunkindama plauk\u0173, suteikia nat\u016bralaus \u017evilgesio ir spindesio. Organinis simondsij\u0173 aliejus ir taukmed\u017ei\u0173 sviestas atkuria ir stiprina plauk\u0173 strukt\u016br\u0105, skatina plauk\u0173 augim\u0105. Lotos\u0173 ekstraktas dr\u0117kina [&#8230;]\n","protected":false},"featured_media":90902,"template":"","meta":[],"product_cat":[1256],"product_tag":[],"class_list":{"0":"post-49331","1":"product","2":"type-product","3":"status-publish","4":"has-post-thumbnail","6":"product_brand-ecolab_cs-lt","7":"product_cat-plauku-kaukes","9":"first","10":"outofstock","11":"taxable","12":"shipping-taxable","13":"product-type-simple"},"_links":{"self":[{"href":"https:\/\/e.kosmolat.eu\/lt\/wp-json\/wp\/v2\/product\/49331","targetHints":{"allow":["GET"]}}],"collection":[{"href":"https:\/\/e.kosmolat.eu\/lt\/wp-json\/wp\/v2\/product"}],"about":[{"href":"https:\/\/e.kosmolat.eu\/lt\/wp-json\/wp\/v2\/types\/product"}],"wp:featuredmedia":[{"embeddable":true,"href":"https:\/\/e.kosmolat.eu\/lt\/wp-json\/wp\/v2\/media\/90902"}],"wp:attachment":[{"href":"https:\/\/e.kosmolat.eu\/lt\/wp-json\/wp\/v2\/media?parent=49331"}],"wp:term":[{"taxonomy":"product_cat","embeddable":true,"href":"https:\/\/e.kosmolat.eu\/lt\/wp-json\/wp\/v2\/product_cat?post=49331"},{"taxonomy":"product_tag","embeddable":true,"href":"https:\/\/e.kosmolat.eu\/lt\/wp-json\/wp\/v2\/product_tag?post=49331"}],"curies":[{"name":"wp","href":"https:\/\/api.w.org\/{rel}","templated":true}]}}