{"id":49323,"date":"2024-04-09T04:14:12","date_gmt":"2024-04-09T04:14:12","guid":{"rendered":"https:\/\/e.kosmolat.eu\/product\/organic-mimi-samp-skrubis-s-volume-sea-salt-mulberry-280-g\/"},"modified":"2026-04-16T10:38:31","modified_gmt":"2026-04-16T10:38:31","slug":"organic-mimi-samp-skrubis-s-volume-sea-salt-mulberry-280-g","status":"publish","type":"product","link":"https:\/\/e.kosmolat.eu\/lt\/produktas\/organic-mimi-samp-skrubis-s-volume-sea-salt-mulberry-280-g\/","title":{"rendered":"ORGANIC MIMI \u0160amp\u016bnas-\u0161veitiklis Super Volume Sea Salt &#038; Mulberry, 280 g"},"content":{"rendered":"<p>Suteikia \u0161varos ir gaivumo poj\u016bt\u012f ilgam, suteikia plaukams papildomos apimties ir \u017evilgesio.<\/p>\n<p>J\u016bros druska giliai valo galvos od\u0105, apsaugo nuo pleiskan\u0173 atsiradimo ir suteikia plaukams papildomos apimties.<\/p>\n<p>Organinis kokos\u0173 aliejus efektyviai dr\u0117kina plaukus, atkuria i\u0161si\u0161akojusius galiukus, naikina plauk\u0173 ir galvos odos sausum\u0105, apsaugo nuo pleiskan\u0173 susidarymo, daro plaukus paklusnius ir \u017evilgan\u010dius.<\/p>\n<p>\u0160ilkmed\u017ei\u0173 ekstraktas apsaugo plaukus nuo \u017ealingo aplinkos poveikio.<\/p>\n<p>Naudojimas: Tepkite ant dr\u0117gnos galvos odos ir plauk\u0173, \u0161velniai masa\u017euokite, tada nuplaukite \u0161iltu vandeniu. Tik i\u0161oriniam naudojimui.<\/p>\n","protected":false},"excerpt":{"rendered":"<p>Suteikia \u0161varos ir gaivumo poj\u016bt\u012f ilgam, suteikia plaukams papildomos apimties ir \u017evilgesio. J\u016bros druska giliai valo galvos od\u0105, apsaugo nuo pleiskan\u0173 atsiradimo ir suteikia plaukams papildomos apimties. Organinis kokos\u0173 aliejus efektyviai dr\u0117kina plaukus, atkuria i\u0161si\u0161akojusius galiukus, naikina plauk\u0173 ir galvos odos sausum\u0105, apsaugo nuo pleiskan\u0173 susidarymo, daro plaukus paklusnius ir \u017evilgan\u010dius. \u0160ilkmed\u017ei\u0173 ekstraktas apsaugo plaukus [&#8230;]\n","protected":false},"featured_media":90862,"template":"","meta":[],"product_cat":[1345],"product_tag":[],"class_list":{"0":"post-49323","1":"product","2":"type-product","3":"status-publish","4":"has-post-thumbnail","6":"product_brand-ecolab_cs-lt","7":"product_cat-kitos-plauku-prieziuros-priemones","9":"first","10":"instock","11":"taxable","12":"shipping-taxable","13":"product-type-simple"},"_links":{"self":[{"href":"https:\/\/e.kosmolat.eu\/lt\/wp-json\/wp\/v2\/product\/49323","targetHints":{"allow":["GET"]}}],"collection":[{"href":"https:\/\/e.kosmolat.eu\/lt\/wp-json\/wp\/v2\/product"}],"about":[{"href":"https:\/\/e.kosmolat.eu\/lt\/wp-json\/wp\/v2\/types\/product"}],"wp:featuredmedia":[{"embeddable":true,"href":"https:\/\/e.kosmolat.eu\/lt\/wp-json\/wp\/v2\/media\/90862"}],"wp:attachment":[{"href":"https:\/\/e.kosmolat.eu\/lt\/wp-json\/wp\/v2\/media?parent=49323"}],"wp:term":[{"taxonomy":"product_cat","embeddable":true,"href":"https:\/\/e.kosmolat.eu\/lt\/wp-json\/wp\/v2\/product_cat?post=49323"},{"taxonomy":"product_tag","embeddable":true,"href":"https:\/\/e.kosmolat.eu\/lt\/wp-json\/wp\/v2\/product_tag?post=49323"}],"curies":[{"name":"wp","href":"https:\/\/api.w.org\/{rel}","templated":true}]}}