{"id":49315,"date":"2024-04-09T04:10:04","date_gmt":"2024-04-09T04:10:04","guid":{"rendered":"https:\/\/e.kosmolat.eu\/product\/organic-mimi-kerm-skrubis-dzems-almond-strawberry-250-g\/"},"modified":"2025-09-20T03:17:13","modified_gmt":"2025-09-20T03:17:13","slug":"organic-mimi-kerm-skrubis-dzems-almond-strawberry-250-g","status":"publish","type":"product","link":"https:\/\/e.kosmolat.eu\/lt\/produktas\/organic-mimi-kerm-skrubis-dzems-almond-strawberry-250-g\/","title":{"rendered":"ORGANIC MIMI K\u016bno \u0161veitiklis- d\u017eemas Almond &#038; Strawberry, 250 g"},"content":{"rendered":"<p>K\u016bno \u0161veitiklis bra\u0161ki\u0173 ir migdol\u0173 aliejaus pagrindu yra idealus pasirinkimas \u0161velniai ir jautriai odai valyti.<\/p>\n<p>\u2022 Cukrus \u0161velniai valo ir nu\u0161vei\u010dia od\u0105, jos nepa\u017eeisdamas ir nedirgindamas.<br \/>\n\u2022 Bra\u0161k\u0117s aktyviai prisotina od\u0105 vitaminais ir mikroelementais.<br \/>\n\u2022 Organinis migdol\u0173 aliejus maitina, tonizuoja od\u0105 ir gerina jos elastingum\u0105.<\/p>\n<p>Naudojimas: Tepkite ant dr\u0117gnos odos, \u0161velniai masa\u017euokite ir nuplaukite \u0161iltu vandeniu. Tik i\u0161oriniam naudojimui.<\/p>\n","protected":false},"excerpt":{"rendered":"<p>K\u016bno \u0161veitiklis bra\u0161ki\u0173 ir migdol\u0173 aliejaus pagrindu yra idealus pasirinkimas \u0161velniai ir jautriai odai valyti. \u2022 Cukrus \u0161velniai valo ir nu\u0161vei\u010dia od\u0105, jos nepa\u017eeisdamas ir nedirgindamas. \u2022 Bra\u0161k\u0117s aktyviai prisotina od\u0105 vitaminais ir mikroelementais. \u2022 Organinis migdol\u0173 aliejus maitina, tonizuoja od\u0105 ir gerina jos elastingum\u0105. Naudojimas: Tepkite ant dr\u0117gnos odos, \u0161velniai masa\u017euokite ir nuplaukite \u0161iltu [&#8230;]\n","protected":false},"featured_media":90766,"template":"","meta":[],"product_cat":[1910],"product_tag":[],"class_list":{"0":"post-49315","1":"product","2":"type-product","3":"status-publish","4":"has-post-thumbnail","6":"product_brand-ecolab_cs-lt","7":"product_cat-new-lt","9":"first","10":"outofstock","11":"taxable","12":"shipping-taxable","13":"product-type-simple"},"_links":{"self":[{"href":"https:\/\/e.kosmolat.eu\/lt\/wp-json\/wp\/v2\/product\/49315","targetHints":{"allow":["GET"]}}],"collection":[{"href":"https:\/\/e.kosmolat.eu\/lt\/wp-json\/wp\/v2\/product"}],"about":[{"href":"https:\/\/e.kosmolat.eu\/lt\/wp-json\/wp\/v2\/types\/product"}],"wp:featuredmedia":[{"embeddable":true,"href":"https:\/\/e.kosmolat.eu\/lt\/wp-json\/wp\/v2\/media\/90766"}],"wp:attachment":[{"href":"https:\/\/e.kosmolat.eu\/lt\/wp-json\/wp\/v2\/media?parent=49315"}],"wp:term":[{"taxonomy":"product_cat","embeddable":true,"href":"https:\/\/e.kosmolat.eu\/lt\/wp-json\/wp\/v2\/product_cat?post=49315"},{"taxonomy":"product_tag","embeddable":true,"href":"https:\/\/e.kosmolat.eu\/lt\/wp-json\/wp\/v2\/product_tag?post=49315"}],"curies":[{"name":"wp","href":"https:\/\/api.w.org\/{rel}","templated":true}]}}