{"id":49307,"date":"2024-04-09T04:09:23","date_gmt":"2024-04-09T04:09:23","guid":{"rendered":"https:\/\/e.kosmolat.eu\/product\/dr-s-banana-hair-balzams-smooth-relax-200-ml\/"},"modified":"2025-09-19T23:55:40","modified_gmt":"2025-09-19T23:55:40","slug":"i_dr-s-banana-hair-balzams-smooth-relax-200-ml","status":"publish","type":"product","link":"https:\/\/e.kosmolat.eu\/lt\/produktas\/i_dr-s-banana-hair-balzams-smooth-relax-200-ml\/","title":{"rendered":"I_DR.SANTE Banana Hair Plauk\u0173 kondicionierius Smooth Relax, 200 ml"},"content":{"rendered":"<p>Intensyviai glotnina plaukus ir apsaugo nuo purumo. Unikalus banan\u0173 sul\u010di\u0173, Murumuru sviesto &nbsp;ir atkuriam\u0173j\u0173 element\u0173 derinys, u\u017etikrinantis aktyvi\u0105 plauk\u0173 ir galvos odos prie\u017ei\u016br\u0105. Itin lengvos tekst\u016bros rekordinis maistini\u0173 mikroelement\u0173 kiekis kasdieniam plauk\u0173 &scaron;velnumui ir glotnumui.<\/p>\n<p><strong>Naudojimas:<\/strong> paskirstyti ant &scaron;vari\u0173, dr\u0117gn\u0173 plauk\u0173, paskirstyti per vis\u0105 ilg\u012f, vengiant &scaron;akn\u0173. Palikite 1-2 minutes ir kruop&scaron;\u010diai nuplaukite.<\/p>\n<p><strong>Atsargumo priemon\u0117:<\/strong> jei pateko \u012f akis, kruop&scaron;\u010diai nuplaukite vandeniu.<\/p>\n<p>Laikyti nuo +5&deg;C iki +25&deg;C temperat\u016broje.<br \/>\n&nbsp;<\/p>\n","protected":false},"excerpt":{"rendered":"<p>Intensyviai glotnina plaukus ir apsaugo nuo purumo. Unikalus banan\u0173 sul\u010di\u0173, Murumuru sviesto &nbsp;ir atkuriam\u0173j\u0173 element\u0173 derinys, u\u017etikrinantis aktyvi\u0105 plauk\u0173 ir galvos odos prie\u017ei\u016br\u0105. Itin lengvos tekst\u016bros rekordinis maistini\u0173 mikroelement\u0173 kiekis kasdieniam plauk\u0173 &scaron;velnumui ir glotnumui. Naudojimas: paskirstyti ant &scaron;vari\u0173, dr\u0117gn\u0173 plauk\u0173, paskirstyti per vis\u0105 ilg\u012f, vengiant &scaron;akn\u0173. Palikite 1-2 minutes ir kruop&scaron;\u010diai nuplaukite. Atsargumo priemon\u0117: [&#8230;]\n","protected":false},"featured_media":87538,"template":"","meta":[],"product_cat":[1640],"product_tag":[],"class_list":{"0":"post-49307","1":"product","2":"type-product","3":"status-publish","4":"has-post-thumbnail","6":"product_brand-elfa_ua-lt","7":"product_cat-balzamai","9":"first","10":"outofstock","11":"taxable","12":"shipping-taxable","13":"product-type-simple"},"_links":{"self":[{"href":"https:\/\/e.kosmolat.eu\/lt\/wp-json\/wp\/v2\/product\/49307","targetHints":{"allow":["GET"]}}],"collection":[{"href":"https:\/\/e.kosmolat.eu\/lt\/wp-json\/wp\/v2\/product"}],"about":[{"href":"https:\/\/e.kosmolat.eu\/lt\/wp-json\/wp\/v2\/types\/product"}],"wp:featuredmedia":[{"embeddable":true,"href":"https:\/\/e.kosmolat.eu\/lt\/wp-json\/wp\/v2\/media\/87538"}],"wp:attachment":[{"href":"https:\/\/e.kosmolat.eu\/lt\/wp-json\/wp\/v2\/media?parent=49307"}],"wp:term":[{"taxonomy":"product_cat","embeddable":true,"href":"https:\/\/e.kosmolat.eu\/lt\/wp-json\/wp\/v2\/product_cat?post=49307"},{"taxonomy":"product_tag","embeddable":true,"href":"https:\/\/e.kosmolat.eu\/lt\/wp-json\/wp\/v2\/product_tag?post=49307"}],"curies":[{"name":"wp","href":"https:\/\/api.w.org\/{rel}","templated":true}]}}