{"id":49283,"date":"2024-04-09T04:08:12","date_gmt":"2024-04-09T04:08:12","guid":{"rendered":"https:\/\/e.kosmolat.eu\/product\/dr-sante-biotin-hair-sprejs-retiem-matiem-150-ml\/"},"modified":"2025-09-20T01:26:04","modified_gmt":"2025-09-20T01:26:04","slug":"i_dr-sante-biotin-hair-sprejs-retiem-matiem-150-ml","status":"publish","type":"product","link":"https:\/\/e.kosmolat.eu\/lt\/produktas\/i_dr-sante-biotin-hair-sprejs-retiem-matiem-150-ml\/","title":{"rendered":"I_DR.SANTE BIOTIN HAIR Hair Loss Control Pur\u0161kiklis slenkantiems plaukams, 150 ml"},"content":{"rendered":"<p>BIOTON HAIR Hair Loss Control serija &ndash; vitamin\u0173 terapija plauk\u0173 tankumui ir tvirtumui su biotinu ir provitaminu B5. Dermatologi&scaron;kai patikrintas.<\/p>\n<p><strong>Naudojimas:&nbsp;<\/strong>I&scaron;plov\u0119 plaukus tepkite ant galvos odos, tolygiai paskirstykite ir masa\u017euokite, kol visi&scaron;kai \u012fsigers. Nenuplaukite.<\/p>\n<p><strong>Atsargumo priemon\u0117s:<\/strong> patekus \u012f akis, praplauti vandeniu.<br \/>\n&nbsp;<\/p>\n","protected":false},"excerpt":{"rendered":"<p>BIOTON HAIR Hair Loss Control serija &ndash; vitamin\u0173 terapija plauk\u0173 tankumui ir tvirtumui su biotinu ir provitaminu B5. Dermatologi&scaron;kai patikrintas. Naudojimas:&nbsp;I&scaron;plov\u0119 plaukus tepkite ant galvos odos, tolygiai paskirstykite ir masa\u017euokite, kol visi&scaron;kai \u012fsigers. Nenuplaukite. Atsargumo priemon\u0117s: patekus \u012f akis, praplauti vandeniu. &nbsp;<\/p>\n","protected":false},"featured_media":88974,"template":"","meta":[],"product_cat":[1345],"product_tag":[],"class_list":{"0":"post-49283","1":"product","2":"type-product","3":"status-publish","4":"has-post-thumbnail","6":"product_brand-elfa_ua-lt","7":"product_cat-kitos-plauku-prieziuros-priemones","9":"first","10":"outofstock","11":"taxable","12":"shipping-taxable","13":"product-type-simple"},"_links":{"self":[{"href":"https:\/\/e.kosmolat.eu\/lt\/wp-json\/wp\/v2\/product\/49283","targetHints":{"allow":["GET"]}}],"collection":[{"href":"https:\/\/e.kosmolat.eu\/lt\/wp-json\/wp\/v2\/product"}],"about":[{"href":"https:\/\/e.kosmolat.eu\/lt\/wp-json\/wp\/v2\/types\/product"}],"wp:featuredmedia":[{"embeddable":true,"href":"https:\/\/e.kosmolat.eu\/lt\/wp-json\/wp\/v2\/media\/88974"}],"wp:attachment":[{"href":"https:\/\/e.kosmolat.eu\/lt\/wp-json\/wp\/v2\/media?parent=49283"}],"wp:term":[{"taxonomy":"product_cat","embeddable":true,"href":"https:\/\/e.kosmolat.eu\/lt\/wp-json\/wp\/v2\/product_cat?post=49283"},{"taxonomy":"product_tag","embeddable":true,"href":"https:\/\/e.kosmolat.eu\/lt\/wp-json\/wp\/v2\/product_tag?post=49283"}],"curies":[{"name":"wp","href":"https:\/\/api.w.org\/{rel}","templated":true}]}}