{"id":49267,"date":"2024-04-09T04:07:23","date_gmt":"2024-04-09T04:07:23","guid":{"rendered":"https:\/\/e.kosmolat.eu\/product\/za-krems-varikozo-venu-profilaksei-zirgkastana-300-ml\/"},"modified":"2025-07-08T14:41:25","modified_gmt":"2025-07-08T14:41:25","slug":"i_za-krems-varikozo-venu-profilaksei-zirgkastana-300-ml","status":"publish","type":"product","link":"https:\/\/e.kosmolat.eu\/lt\/produktas\/i_za-krems-varikozo-venu-profilaksei-zirgkastana-300-ml\/","title":{"rendered":"I_GREEN PHARMACY Kremas p\u0117doms Ven\u0173 varikoz\u0117s profilaktikai Ka\u0161tonas, 300 ml"},"content":{"rendered":"<p>Vegani\u0161kas produktas. Rekomenduojama teptis turint polink\u012f \u012f ven\u0173 varikoz\u0119 ir tinim\u0105, vaik\u0161tant auk\u0161takulniais, siaurais, u\u017edarais batais.&nbsp;<\/p>\n<ul>\n<li>Kraujo mikrocirkuliacij\u0105 gerinantis, ven\u0173 varikoz\u0117s profilaktikai &ndash; ka\u0161ton\u0173 ekstraktas ir kiparis\u0173 aliejus.&nbsp;<\/li>\n<li>Tonizuojantis &ndash; arnik\u0173 ekstraktas. Reguliarus kremo naudojimas suma\u017eina koj\u0173 nuovargio jausm\u0105, atkuria odos glotnum\u0105.<\/li>\n<\/ul>\n<p><strong>Naudojimas: <\/strong>tepkite lengvais masa\u017euojamaisiais judesiais i\u0161 apa\u010dios \u012f vir\u0161\u0173 ant \u0161varios koj\u0173 odos. Rekomenduojama tepti ryte ir vakare.<\/p>\n<p><strong>Atsargumo priemon\u0117s:<\/strong> gali padid\u0117ti individualus jautrumas Atsargumo priemon\u0117s: gali pasireik\u0161ti individualus jautrumas atskiriems komponentams.<\/p>\n<p>Laikyti nuo +5 &deg;C iki +25 &deg;C temperat\u016broje.<\/p>\n<p><strong>Geriausias: <\/strong>24 m\u0117nesiai nuo pagaminimo datos.<br \/>\n&nbsp;<\/p>\n","protected":false},"excerpt":{"rendered":"<p>Vegani\u0161kas produktas. Rekomenduojama teptis turint polink\u012f \u012f ven\u0173 varikoz\u0119 ir tinim\u0105, vaik\u0161tant auk\u0161takulniais, siaurais, u\u017edarais batais.&nbsp; Kraujo mikrocirkuliacij\u0105 gerinantis, ven\u0173 varikoz\u0117s profilaktikai &ndash; ka\u0161ton\u0173 ekstraktas ir kiparis\u0173 aliejus.&nbsp; Tonizuojantis &ndash; arnik\u0173 ekstraktas. Reguliarus kremo naudojimas suma\u017eina koj\u0173 nuovargio jausm\u0105, atkuria odos glotnum\u0105. Naudojimas: tepkite lengvais masa\u017euojamaisiais judesiais i\u0161 apa\u010dios \u012f vir\u0161\u0173 ant \u0161varios koj\u0173 odos. [&#8230;]\n","protected":false},"featured_media":49269,"template":"","meta":[],"product_cat":[1763],"product_tag":[],"class_list":{"0":"post-49267","1":"product","2":"type-product","3":"status-publish","4":"has-post-thumbnail","6":"product_brand-elfa_ua-lt","7":"product_cat-koju-prieziuros-kosmetika","9":"first","10":"outofstock","11":"taxable","12":"shipping-taxable","13":"product-type-simple"},"_links":{"self":[{"href":"https:\/\/e.kosmolat.eu\/lt\/wp-json\/wp\/v2\/product\/49267","targetHints":{"allow":["GET"]}}],"collection":[{"href":"https:\/\/e.kosmolat.eu\/lt\/wp-json\/wp\/v2\/product"}],"about":[{"href":"https:\/\/e.kosmolat.eu\/lt\/wp-json\/wp\/v2\/types\/product"}],"wp:featuredmedia":[{"embeddable":true,"href":"https:\/\/e.kosmolat.eu\/lt\/wp-json\/wp\/v2\/media\/49269"}],"wp:attachment":[{"href":"https:\/\/e.kosmolat.eu\/lt\/wp-json\/wp\/v2\/media?parent=49267"}],"wp:term":[{"taxonomy":"product_cat","embeddable":true,"href":"https:\/\/e.kosmolat.eu\/lt\/wp-json\/wp\/v2\/product_cat?post=49267"},{"taxonomy":"product_tag","embeddable":true,"href":"https:\/\/e.kosmolat.eu\/lt\/wp-json\/wp\/v2\/product_tag?post=49267"}],"curies":[{"name":"wp","href":"https:\/\/api.w.org\/{rel}","templated":true}]}}