{"id":49206,"date":"2024-04-06T04:11:23","date_gmt":"2024-04-06T04:11:23","guid":{"rendered":"https:\/\/e.kosmolat.eu\/product\/organic-mimi-samp-skrubis-sr-sea-salt-mint-280-g\/"},"modified":"2026-04-17T06:26:36","modified_gmt":"2026-04-17T06:26:36","slug":"organic-mimi-samp-skrubis-sr-sea-salt-mint-280-g","status":"publish","type":"product","link":"https:\/\/e.kosmolat.eu\/lt\/produktas\/organic-mimi-samp-skrubis-sr-sea-salt-mint-280-g\/","title":{"rendered":"ORGANIC MIMI \u0160amp\u016bnas-\u0161veitiklis Strength &#038; Restore Sea Salt &#038; Ginger, 280 g"},"content":{"rendered":"<p>Suteikia \u0161varos ir gaivumo poj\u016bt\u012f, stiprina ir atkuria silpnus ir pa\u017eeistus plaukus.<\/p>\n<p>J\u016bros druska giliai valo galvos od\u0105, apsaugo nuo pleiskan\u0173 atsiradimo ir suteikia plaukams papildomos apimties.<br \/>\nOrganinis taukmed\u017ei\u0173 sviestas maitina ir dr\u0117kina plaukus, atkuria i\u0161si\u0161akojusius galiukus, stiprina plauk\u0173 folikulus, suteikia blizgesio ir \u017evilgesio.<br \/>\nImbier\u0173 ekstraktas stiprina plauk\u0173 folikulus.<\/p>\n<p>Naudojimas: Tepkite ant dr\u0117gnos galvos odos ir plauk\u0173, \u0161velniai masa\u017euokite, tada nuplaukite \u0161iltu vandeniu. Tik i\u0161oriniam naudojimui.<\/p>\n","protected":false},"excerpt":{"rendered":"<p>Suteikia \u0161varos ir gaivumo poj\u016bt\u012f, stiprina ir atkuria silpnus ir pa\u017eeistus plaukus. J\u016bros druska giliai valo galvos od\u0105, apsaugo nuo pleiskan\u0173 atsiradimo ir suteikia plaukams papildomos apimties. Organinis taukmed\u017ei\u0173 sviestas maitina ir dr\u0117kina plaukus, atkuria i\u0161si\u0161akojusius galiukus, stiprina plauk\u0173 folikulus, suteikia blizgesio ir \u017evilgesio. Imbier\u0173 ekstraktas stiprina plauk\u0173 folikulus. Naudojimas: Tepkite ant dr\u0117gnos galvos odos [&#8230;]\n","protected":false},"featured_media":90858,"template":"","meta":[],"product_cat":[2181],"product_tag":[],"class_list":{"0":"post-49206","1":"product","2":"type-product","3":"status-publish","4":"has-post-thumbnail","6":"product_brand-ecolab_cs-lt","7":"product_cat-bez-kategorijas-lt","9":"first","10":"instock","11":"taxable","12":"shipping-taxable","13":"product-type-simple"},"_links":{"self":[{"href":"https:\/\/e.kosmolat.eu\/lt\/wp-json\/wp\/v2\/product\/49206","targetHints":{"allow":["GET"]}}],"collection":[{"href":"https:\/\/e.kosmolat.eu\/lt\/wp-json\/wp\/v2\/product"}],"about":[{"href":"https:\/\/e.kosmolat.eu\/lt\/wp-json\/wp\/v2\/types\/product"}],"wp:featuredmedia":[{"embeddable":true,"href":"https:\/\/e.kosmolat.eu\/lt\/wp-json\/wp\/v2\/media\/90858"}],"wp:attachment":[{"href":"https:\/\/e.kosmolat.eu\/lt\/wp-json\/wp\/v2\/media?parent=49206"}],"wp:term":[{"taxonomy":"product_cat","embeddable":true,"href":"https:\/\/e.kosmolat.eu\/lt\/wp-json\/wp\/v2\/product_cat?post=49206"},{"taxonomy":"product_tag","embeddable":true,"href":"https:\/\/e.kosmolat.eu\/lt\/wp-json\/wp\/v2\/product_tag?post=49206"}],"curies":[{"name":"wp","href":"https:\/\/api.w.org\/{rel}","templated":true}]}}