{"id":49198,"date":"2024-04-06T04:11:11","date_gmt":"2024-04-06T04:11:11","guid":{"rendered":"https:\/\/e.kosmolat.eu\/product\/organic-mimi-samp-skrubis-all-in-1-sea-salt-mint-280-g\/"},"modified":"2026-04-17T06:26:22","modified_gmt":"2026-04-17T06:26:22","slug":"organic-mimi-samp-skrubis-all-in-1-sea-salt-mint-280-g","status":"publish","type":"product","link":"https:\/\/e.kosmolat.eu\/lt\/produktas\/organic-mimi-samp-skrubis-all-in-1-sea-salt-mint-280-g\/","title":{"rendered":"ORGANIC MIMI \u0160amp\u016bnas-\u0161veitiklis All in One Sea Salt &#038; Mint, 280 g"},"content":{"rendered":"<p>Suteikia \u0161varos ir gaivumo poj\u016bt\u012f. Tinka vis\u0173 tip\u0173 plaukams.<\/p>\n<p>J\u016bros druska giliai valo galvos od\u0105, apsaugo nuo pleiskan\u0173 atsiradimo ir suteikia plaukams papildomos apimties.<br \/>\nSimondcij\u0173 aliejus atgaivina ir stiprina plaukus, skatina plauk\u0173 augim\u0105 ir apsaugo nuo plauk\u0173 slinkimo.<br \/>\nOrganinis  m\u0117t\u0173 ekstraktas turi tonizuojant\u012f ir v\u0117sinant\u012f poveik\u012f, atkuria plaukus ir suteikia nat\u016bralaus \u017evilgesio bei spindesio.<\/p>\n<p>Naudojimas: Tepkite ant dr\u0117gnos galvos odos ir plauk\u0173, \u0161velniai masa\u017euokite, tada nuplaukite \u0161iltu vandeniu. Tik i\u0161oriniam naudojimui.<\/p>\n","protected":false},"excerpt":{"rendered":"<p>Suteikia \u0161varos ir gaivumo poj\u016bt\u012f. Tinka vis\u0173 tip\u0173 plaukams. J\u016bros druska giliai valo galvos od\u0105, apsaugo nuo pleiskan\u0173 atsiradimo ir suteikia plaukams papildomos apimties. Simondcij\u0173 aliejus atgaivina ir stiprina plaukus, skatina plauk\u0173 augim\u0105 ir apsaugo nuo plauk\u0173 slinkimo. Organinis m\u0117t\u0173 ekstraktas turi tonizuojant\u012f ir v\u0117sinant\u012f poveik\u012f, atkuria plaukus ir suteikia nat\u016bralaus \u017evilgesio bei spindesio. Naudojimas: [&#8230;]\n","protected":false},"featured_media":90854,"template":"","meta":[],"product_cat":[2181],"product_tag":[],"class_list":{"0":"post-49198","1":"product","2":"type-product","3":"status-publish","4":"has-post-thumbnail","6":"product_brand-ecolab_cs-lt","7":"product_cat-bez-kategorijas-lt","9":"first","10":"instock","11":"taxable","12":"shipping-taxable","13":"product-type-simple"},"_links":{"self":[{"href":"https:\/\/e.kosmolat.eu\/lt\/wp-json\/wp\/v2\/product\/49198","targetHints":{"allow":["GET"]}}],"collection":[{"href":"https:\/\/e.kosmolat.eu\/lt\/wp-json\/wp\/v2\/product"}],"about":[{"href":"https:\/\/e.kosmolat.eu\/lt\/wp-json\/wp\/v2\/types\/product"}],"wp:featuredmedia":[{"embeddable":true,"href":"https:\/\/e.kosmolat.eu\/lt\/wp-json\/wp\/v2\/media\/90854"}],"wp:attachment":[{"href":"https:\/\/e.kosmolat.eu\/lt\/wp-json\/wp\/v2\/media?parent=49198"}],"wp:term":[{"taxonomy":"product_cat","embeddable":true,"href":"https:\/\/e.kosmolat.eu\/lt\/wp-json\/wp\/v2\/product_cat?post=49198"},{"taxonomy":"product_tag","embeddable":true,"href":"https:\/\/e.kosmolat.eu\/lt\/wp-json\/wp\/v2\/product_tag?post=49198"}],"curies":[{"name":"wp","href":"https:\/\/api.w.org\/{rel}","templated":true}]}}