{"id":49182,"date":"2024-04-06T04:09:16","date_gmt":"2024-04-06T04:09:16","guid":{"rendered":"https:\/\/e.kosmolat.eu\/product\/organic-mimi-roku-krems-nutrition-avocado-oregano-50-ml\/"},"modified":"2026-04-13T10:08:18","modified_gmt":"2026-04-13T10:08:18","slug":"organic-mimi-roku-krems-nutrition-avocado-oregano-50-ml","status":"publish","type":"product","link":"https:\/\/e.kosmolat.eu\/lt\/produktas\/organic-mimi-roku-krems-nutrition-avocado-oregano-50-ml\/","title":{"rendered":"ORGANIC MIMI Rank\u0173 kremas Nutrition Avocado &#038; Oregano, 50 ml"},"content":{"rendered":"<p>Naudojimas: tepkite ant \u0161varios rank\u0173 odos ir masa\u017euokite, kol visi\u0161kai \u012fsigers. Tik i\u0161oriniam naudojimui.<\/p>\n","protected":false},"excerpt":{"rendered":"<p>Naudojimas: tepkite ant \u0161varios rank\u0173 odos ir masa\u017euokite, kol visi\u0161kai \u012fsigers. Tik i\u0161oriniam naudojimui.<\/p>\n","protected":false},"featured_media":90822,"template":"","meta":[],"product_cat":[2181],"product_tag":[],"class_list":{"0":"post-49182","1":"product","2":"type-product","3":"status-publish","4":"has-post-thumbnail","6":"product_brand-ecolab_cs-lt","7":"product_cat-bez-kategorijas-lt","9":"first","10":"instock","11":"taxable","12":"shipping-taxable","13":"product-type-simple"},"_links":{"self":[{"href":"https:\/\/e.kosmolat.eu\/lt\/wp-json\/wp\/v2\/product\/49182","targetHints":{"allow":["GET"]}}],"collection":[{"href":"https:\/\/e.kosmolat.eu\/lt\/wp-json\/wp\/v2\/product"}],"about":[{"href":"https:\/\/e.kosmolat.eu\/lt\/wp-json\/wp\/v2\/types\/product"}],"wp:featuredmedia":[{"embeddable":true,"href":"https:\/\/e.kosmolat.eu\/lt\/wp-json\/wp\/v2\/media\/90822"}],"wp:attachment":[{"href":"https:\/\/e.kosmolat.eu\/lt\/wp-json\/wp\/v2\/media?parent=49182"}],"wp:term":[{"taxonomy":"product_cat","embeddable":true,"href":"https:\/\/e.kosmolat.eu\/lt\/wp-json\/wp\/v2\/product_cat?post=49182"},{"taxonomy":"product_tag","embeddable":true,"href":"https:\/\/e.kosmolat.eu\/lt\/wp-json\/wp\/v2\/product_tag?post=49182"}],"curies":[{"name":"wp","href":"https:\/\/api.w.org\/{rel}","templated":true}]}}