{"id":49166,"date":"2024-04-06T04:08:07","date_gmt":"2024-04-06T04:08:07","guid":{"rendered":"https:\/\/e.kosmolat.eu\/product\/organic-mimi-roku-sviestkrems-softening-50-ml\/"},"modified":"2026-04-24T05:28:07","modified_gmt":"2026-04-24T05:28:07","slug":"c-organic-mimi-roku-sviestkrems-softening-50-ml","status":"publish","type":"product","link":"https:\/\/e.kosmolat.eu\/lt\/produktas\/c-organic-mimi-roku-sviestkrems-softening-50-ml\/","title":{"rendered":"C ORGANIC MIMI Rank\u0173 sviestas  Softening, 50 ml"},"content":{"rendered":"<p>Tir\u0161tas kremas su organiniais makadamij\u0173 ir taukmed\u017ei\u0173 sviestais mink\u0161tina, maitina ir atkuria i\u0161saus\u0117jusi\u0105 rank\u0173 od\u0105, palikdama j\u0105 \u0161velni\u0105 ir \u0161velni\u0105.<\/p>\n<p>Naudojimas: tepkite ant \u0161varios rank\u0173 odos ir masa\u017euokite, kol visi\u0161kai \u012fsigers. Tik i\u0161oriniam naudojimui.<\/p>\n","protected":false},"excerpt":{"rendered":"<p>Tir\u0161tas kremas su organiniais makadamij\u0173 ir taukmed\u017ei\u0173 sviestais mink\u0161tina, maitina ir atkuria i\u0161saus\u0117jusi\u0105 rank\u0173 od\u0105, palikdama j\u0105 \u0161velni\u0105 ir \u0161velni\u0105. Naudojimas: tepkite ant \u0161varios rank\u0173 odos ir masa\u017euokite, kol visi\u0161kai \u012fsigers. Tik i\u0161oriniam naudojimui.<\/p>\n","protected":false},"featured_media":104492,"template":"","meta":[],"product_cat":[1304],"product_tag":[],"class_list":{"0":"post-49166","1":"product","2":"type-product","3":"status-publish","4":"has-post-thumbnail","6":"product_brand-ecolab_cs-lt","7":"product_cat-ranku-prieziuros-kosmetika","9":"first","10":"instock","11":"taxable","12":"shipping-taxable","13":"product-type-simple"},"_links":{"self":[{"href":"https:\/\/e.kosmolat.eu\/lt\/wp-json\/wp\/v2\/product\/49166","targetHints":{"allow":["GET"]}}],"collection":[{"href":"https:\/\/e.kosmolat.eu\/lt\/wp-json\/wp\/v2\/product"}],"about":[{"href":"https:\/\/e.kosmolat.eu\/lt\/wp-json\/wp\/v2\/types\/product"}],"wp:featuredmedia":[{"embeddable":true,"href":"https:\/\/e.kosmolat.eu\/lt\/wp-json\/wp\/v2\/media\/104492"}],"wp:attachment":[{"href":"https:\/\/e.kosmolat.eu\/lt\/wp-json\/wp\/v2\/media?parent=49166"}],"wp:term":[{"taxonomy":"product_cat","embeddable":true,"href":"https:\/\/e.kosmolat.eu\/lt\/wp-json\/wp\/v2\/product_cat?post=49166"},{"taxonomy":"product_tag","embeddable":true,"href":"https:\/\/e.kosmolat.eu\/lt\/wp-json\/wp\/v2\/product_tag?post=49166"}],"curies":[{"name":"wp","href":"https:\/\/api.w.org\/{rel}","templated":true}]}}