{"id":49158,"date":"2024-04-06T04:07:54","date_gmt":"2024-04-06T04:07:54","guid":{"rendered":"https:\/\/e.kosmolat.eu\/product\/organic-mimi-roku-sviestkrems-deep-nutrition-50-ml\/"},"modified":"2026-04-15T08:55:55","modified_gmt":"2026-04-15T08:55:55","slug":"c-organic-mimi-roku-sviestkrems-deep-nutrition-50-ml","status":"publish","type":"product","link":"https:\/\/e.kosmolat.eu\/lt\/produktas\/c-organic-mimi-roku-sviestkrems-deep-nutrition-50-ml\/","title":{"rendered":"C ORGANIC MIMI Rank\u0173 sviestas  Deep Nutrition, 50 ml"},"content":{"rendered":"<p>Tir\u0161tas kremas su organiniais argan\u0173 ir taukmed\u017ei\u0173 aliejais maitina ir atkuria rank\u0173 od\u0105, palikdamas od\u0105 \u0161velni\u0105 ir aksomin\u0119.<\/p>\n<p>Naudojimas: tepkite ant \u0161varios rank\u0173 odos ir masa\u017euokite, kol visi\u0161kai \u012fsigers. Tik i\u0161oriniam naudojimui.<\/p>\n","protected":false},"excerpt":{"rendered":"<p>Tir\u0161tas kremas su organiniais argan\u0173 ir taukmed\u017ei\u0173 aliejais maitina ir atkuria rank\u0173 od\u0105, palikdamas od\u0105 \u0161velni\u0105 ir aksomin\u0119. Naudojimas: tepkite ant \u0161varios rank\u0173 odos ir masa\u017euokite, kol visi\u0161kai \u012fsigers. Tik i\u0161oriniam naudojimui.<\/p>\n","protected":false},"featured_media":90810,"template":"","meta":[],"product_cat":[1304],"product_tag":[],"class_list":{"0":"post-49158","1":"product","2":"type-product","3":"status-publish","4":"has-post-thumbnail","6":"product_brand-ecolab_cs-lt","7":"product_cat-ranku-prieziuros-kosmetika","9":"first","10":"outofstock","11":"taxable","12":"shipping-taxable","13":"product-type-simple"},"_links":{"self":[{"href":"https:\/\/e.kosmolat.eu\/lt\/wp-json\/wp\/v2\/product\/49158","targetHints":{"allow":["GET"]}}],"collection":[{"href":"https:\/\/e.kosmolat.eu\/lt\/wp-json\/wp\/v2\/product"}],"about":[{"href":"https:\/\/e.kosmolat.eu\/lt\/wp-json\/wp\/v2\/types\/product"}],"wp:featuredmedia":[{"embeddable":true,"href":"https:\/\/e.kosmolat.eu\/lt\/wp-json\/wp\/v2\/media\/90810"}],"wp:attachment":[{"href":"https:\/\/e.kosmolat.eu\/lt\/wp-json\/wp\/v2\/media?parent=49158"}],"wp:term":[{"taxonomy":"product_cat","embeddable":true,"href":"https:\/\/e.kosmolat.eu\/lt\/wp-json\/wp\/v2\/product_cat?post=49158"},{"taxonomy":"product_tag","embeddable":true,"href":"https:\/\/e.kosmolat.eu\/lt\/wp-json\/wp\/v2\/product_tag?post=49158"}],"curies":[{"name":"wp","href":"https:\/\/api.w.org\/{rel}","templated":true}]}}