{"id":49150,"date":"2024-04-06T04:06:11","date_gmt":"2024-04-06T04:06:11","guid":{"rendered":"https:\/\/e.kosmolat.eu\/product\/organic-mimi-roku-sviestkrems-deep-hydration-50-ml\/"},"modified":"2026-04-22T10:05:13","modified_gmt":"2026-04-22T10:05:13","slug":"organic-mimi-roku-sviestkrems-deep-hydration-50-ml","status":"publish","type":"product","link":"https:\/\/e.kosmolat.eu\/lt\/produktas\/organic-mimi-roku-sviestkrems-deep-hydration-50-ml\/","title":{"rendered":"ORGANIC MIMI Rank\u0173 sviestas  Deep Hydration, 50 ml"},"content":{"rendered":"<p>Tir\u0161tas kremas su Organiniais mang\u0173 ir taukmed\u017ei\u0173 sviestais puikiai dr\u0117kina rank\u0173 od\u0105, atkuria vandens-lipid\u0173 barjer\u0105, turi apsaugin\u012f poveik\u012f, \u0161alina i\u0161saus\u0117jim\u0105 ir daro od\u0105 lygi\u0105 bei pri\u017ei\u016brim\u0105.<\/p>\n<p>Naudojimas: tepkite ant \u0161varios rank\u0173 odos ir masa\u017euokite, kol visi\u0161kai \u012fsigers. Tik i\u0161oriniam naudojimui.<\/p>\n","protected":false},"excerpt":{"rendered":"<p>Tir\u0161tas kremas su Organiniais mang\u0173 ir taukmed\u017ei\u0173 sviestais puikiai dr\u0117kina rank\u0173 od\u0105, atkuria vandens-lipid\u0173 barjer\u0105, turi apsaugin\u012f poveik\u012f, \u0161alina i\u0161saus\u0117jim\u0105 ir daro od\u0105 lygi\u0105 bei pri\u017ei\u016brim\u0105. Naudojimas: tepkite ant \u0161varios rank\u0173 odos ir masa\u017euokite, kol visi\u0161kai \u012fsigers. Tik i\u0161oriniam naudojimui.<\/p>\n","protected":false},"featured_media":90806,"template":"","meta":[],"product_cat":[2181],"product_tag":[],"class_list":{"0":"post-49150","1":"product","2":"type-product","3":"status-publish","4":"has-post-thumbnail","6":"product_brand-ecolab_cs-lt","7":"product_cat-bez-kategorijas-lt","9":"first","10":"instock","11":"taxable","12":"shipping-taxable","13":"product-type-simple"},"_links":{"self":[{"href":"https:\/\/e.kosmolat.eu\/lt\/wp-json\/wp\/v2\/product\/49150","targetHints":{"allow":["GET"]}}],"collection":[{"href":"https:\/\/e.kosmolat.eu\/lt\/wp-json\/wp\/v2\/product"}],"about":[{"href":"https:\/\/e.kosmolat.eu\/lt\/wp-json\/wp\/v2\/types\/product"}],"wp:featuredmedia":[{"embeddable":true,"href":"https:\/\/e.kosmolat.eu\/lt\/wp-json\/wp\/v2\/media\/90806"}],"wp:attachment":[{"href":"https:\/\/e.kosmolat.eu\/lt\/wp-json\/wp\/v2\/media?parent=49150"}],"wp:term":[{"taxonomy":"product_cat","embeddable":true,"href":"https:\/\/e.kosmolat.eu\/lt\/wp-json\/wp\/v2\/product_cat?post=49150"},{"taxonomy":"product_tag","embeddable":true,"href":"https:\/\/e.kosmolat.eu\/lt\/wp-json\/wp\/v2\/product_tag?post=49150"}],"curies":[{"name":"wp","href":"https:\/\/api.w.org\/{rel}","templated":true}]}}