{"id":49142,"date":"2024-04-06T04:05:59","date_gmt":"2024-04-06T04:05:59","guid":{"rendered":"https:\/\/e.kosmolat.eu\/product\/organic-mimi-kaju-gels-cooling-mint-chestnut-50-ml\/"},"modified":"2026-04-21T10:31:37","modified_gmt":"2026-04-21T10:31:37","slug":"organic-mimi-kaju-gels-cooling-mint-chestnut-50-ml","status":"publish","type":"product","link":"https:\/\/e.kosmolat.eu\/lt\/produktas\/organic-mimi-kaju-gels-cooling-mint-chestnut-50-ml\/","title":{"rendered":"ORGANIC MIMI Koj\u0173 gelis Cooling Mint &#038; Chesnut, 50 ml"},"content":{"rendered":"<p>Naudojimas: Tepkite ant \u0161varios p\u0117d\u0173 odos ir masa\u017euokite, kol visi\u0161kai \u012fsigers. Tik i\u0161oriniam naudojimui.<\/p>\n","protected":false},"excerpt":{"rendered":"<p>Naudojimas: Tepkite ant \u0161varios p\u0117d\u0173 odos ir masa\u017euokite, kol visi\u0161kai \u012fsigers. Tik i\u0161oriniam naudojimui.<\/p>\n","protected":false},"featured_media":90802,"template":"","meta":[],"product_cat":[2181],"product_tag":[],"class_list":{"0":"post-49142","1":"product","2":"type-product","3":"status-publish","4":"has-post-thumbnail","6":"product_brand-ecolab_cs-lt","7":"product_cat-bez-kategorijas-lt","9":"first","10":"instock","11":"taxable","12":"shipping-taxable","13":"product-type-simple"},"_links":{"self":[{"href":"https:\/\/e.kosmolat.eu\/lt\/wp-json\/wp\/v2\/product\/49142","targetHints":{"allow":["GET"]}}],"collection":[{"href":"https:\/\/e.kosmolat.eu\/lt\/wp-json\/wp\/v2\/product"}],"about":[{"href":"https:\/\/e.kosmolat.eu\/lt\/wp-json\/wp\/v2\/types\/product"}],"wp:featuredmedia":[{"embeddable":true,"href":"https:\/\/e.kosmolat.eu\/lt\/wp-json\/wp\/v2\/media\/90802"}],"wp:attachment":[{"href":"https:\/\/e.kosmolat.eu\/lt\/wp-json\/wp\/v2\/media?parent=49142"}],"wp:term":[{"taxonomy":"product_cat","embeddable":true,"href":"https:\/\/e.kosmolat.eu\/lt\/wp-json\/wp\/v2\/product_cat?post=49142"},{"taxonomy":"product_tag","embeddable":true,"href":"https:\/\/e.kosmolat.eu\/lt\/wp-json\/wp\/v2\/product_tag?post=49142"}],"curies":[{"name":"wp","href":"https:\/\/api.w.org\/{rel}","templated":true}]}}