{"id":49118,"date":"2024-04-06T04:05:21","date_gmt":"2024-04-06T04:05:21","guid":{"rendered":"https:\/\/e.kosmolat.eu\/product\/organic-mimi-kerm-krems-sorbets-hydrating-verbena-pomelo-200-ml\/"},"modified":"2026-04-01T07:47:14","modified_gmt":"2026-04-01T07:47:14","slug":"organic-mimi-kerm-krems-sorbets-hydrating-verbena-pomelo-200-ml","status":"publish","type":"product","link":"https:\/\/e.kosmolat.eu\/lt\/produktas\/organic-mimi-kerm-krems-sorbets-hydrating-verbena-pomelo-200-ml\/","title":{"rendered":"ORGANIC MIMI  K\u016bno kremas \u2013 \u0161erbetas  Hydrating Verbena &#038; Pomelo, 200 ml"},"content":{"rendered":"<p>Maloni tekst\u016bra. Nat\u016bral\u016bs \u0161erbeto kremo ingredientai puikiai dr\u0117kina labai saus\u0105 ir jautri\u0105 od\u0105, ma\u017eina sausum\u0105 ir pleiskanojim\u0105. <\/p>\n<p>\u2022 Organinis verben\u0173 ekstraktas dr\u0117kina, palaiko odos vandens ir lipid\u0173 balans\u0105 ir daro j\u0105 aksomin\u0119.<br \/>\n\u2022 Pomelo ekstraktas pasi\u017eymi jauninamuoju poveikiu, gerina odos tonus\u0105, stangrina ir stiprina j\u0105.<br \/>\n\u2022 Taukmed\u017ei\u0173 sviestas atkuria apsaugines odos funkcijas, daro j\u0105 \u0161velni\u0105 ir elasting\u0105.<\/p>\n<p>Naudojimas: nedidel\u012f kiek\u012f \u0161erbeto kremo u\u017etepkite ant \u0161varios odos, masa\u017euokite, kol visi\u0161kai \u012fsigers. Tinka kasdieniam naudojimui. Tik i\u0161oriniam naudojimui.<\/p>\n","protected":false},"excerpt":{"rendered":"<p>Maloni tekst\u016bra. Nat\u016bral\u016bs \u0161erbeto kremo ingredientai puikiai dr\u0117kina labai saus\u0105 ir jautri\u0105 od\u0105, ma\u017eina sausum\u0105 ir pleiskanojim\u0105. \u2022 Organinis verben\u0173 ekstraktas dr\u0117kina, palaiko odos vandens ir lipid\u0173 balans\u0105 ir daro j\u0105 aksomin\u0119. \u2022 Pomelo ekstraktas pasi\u017eymi jauninamuoju poveikiu, gerina odos tonus\u0105, stangrina ir stiprina j\u0105. \u2022 Taukmed\u017ei\u0173 sviestas atkuria apsaugines odos funkcijas, daro j\u0105 \u0161velni\u0105 [&#8230;]\n","protected":false},"featured_media":90790,"template":"","meta":[],"product_cat":[1390],"product_tag":[],"class_list":{"0":"post-49118","1":"product","2":"type-product","3":"status-publish","4":"has-post-thumbnail","6":"product_brand-ecolab_cs-lt","7":"product_cat-kremai-aliejai-kuno-pienelis","9":"first","10":"instock","11":"taxable","12":"shipping-taxable","13":"product-type-simple"},"_links":{"self":[{"href":"https:\/\/e.kosmolat.eu\/lt\/wp-json\/wp\/v2\/product\/49118","targetHints":{"allow":["GET"]}}],"collection":[{"href":"https:\/\/e.kosmolat.eu\/lt\/wp-json\/wp\/v2\/product"}],"about":[{"href":"https:\/\/e.kosmolat.eu\/lt\/wp-json\/wp\/v2\/types\/product"}],"wp:featuredmedia":[{"embeddable":true,"href":"https:\/\/e.kosmolat.eu\/lt\/wp-json\/wp\/v2\/media\/90790"}],"wp:attachment":[{"href":"https:\/\/e.kosmolat.eu\/lt\/wp-json\/wp\/v2\/media?parent=49118"}],"wp:term":[{"taxonomy":"product_cat","embeddable":true,"href":"https:\/\/e.kosmolat.eu\/lt\/wp-json\/wp\/v2\/product_cat?post=49118"},{"taxonomy":"product_tag","embeddable":true,"href":"https:\/\/e.kosmolat.eu\/lt\/wp-json\/wp\/v2\/product_tag?post=49118"}],"curies":[{"name":"wp","href":"https:\/\/api.w.org\/{rel}","templated":true}]}}