{"id":49102,"date":"2024-04-06T04:03:54","date_gmt":"2024-04-06T04:03:54","guid":{"rendered":"https:\/\/e.kosmolat.eu\/product\/organic-mimi-kerm-krems-sorbets-hydrating-arnica-cherry-200-ml\/"},"modified":"2026-04-22T09:04:38","modified_gmt":"2026-04-22T09:04:38","slug":"organic-mimi-kerm-krems-sorbets-hydrating-arnica-cherry-200-ml","status":"publish","type":"product","link":"https:\/\/e.kosmolat.eu\/lt\/produktas\/organic-mimi-kerm-krems-sorbets-hydrating-arnica-cherry-200-ml\/","title":{"rendered":"ORGANIC MIMI  K\u016bno kremas \u2013 \u0161erbetas  Hydrating Arnica &#038; Cherry, 200 ml"},"content":{"rendered":"<p>Maloni tekst\u016bra. Nat\u016bral\u016bs \u0161erbeto kremo ingredientai puikiai dr\u0117kina labai saus\u0105 ir jautri\u0105 od\u0105, ma\u017eina sausum\u0105 ir pleiskanojim\u0105. <\/p>\n<p>\u2022 Organinis  arnik\u0173 ekstraktas tonizuoja ir daro od\u0105 \u0161velni\u0105.<br \/>\n\u2022 Organinis vy\u0161ni\u0173 ekstraktas dr\u0117kina ir stiprina od\u0105, tod\u0117l ji tampa aksomin\u0117.<br \/>\n\u2022 Simondsij\u0173 aliejus atkuria od\u0105, palikdamas j\u0105 \u0161velni\u0105 ir lygi\u0105.<\/p>\n<p>Naudojimas: nedidel\u012f kiek\u012f \u0161erbeto kremo u\u017etepkite ant \u0161varios odos, masa\u017euokite, kol visi\u0161kai \u012fsigers. Tinka kasdieniam naudojimui. Tik i\u0161oriniam naudojimui.<\/p>\n","protected":false},"excerpt":{"rendered":"<p>Maloni tekst\u016bra. Nat\u016bral\u016bs \u0161erbeto kremo ingredientai puikiai dr\u0117kina labai saus\u0105 ir jautri\u0105 od\u0105, ma\u017eina sausum\u0105 ir pleiskanojim\u0105. \u2022 Organinis arnik\u0173 ekstraktas tonizuoja ir daro od\u0105 \u0161velni\u0105. \u2022 Organinis vy\u0161ni\u0173 ekstraktas dr\u0117kina ir stiprina od\u0105, tod\u0117l ji tampa aksomin\u0117. \u2022 Simondsij\u0173 aliejus atkuria od\u0105, palikdamas j\u0105 \u0161velni\u0105 ir lygi\u0105. Naudojimas: nedidel\u012f kiek\u012f \u0161erbeto kremo u\u017etepkite ant [&#8230;]\n","protected":false},"featured_media":90782,"template":"","meta":[],"product_cat":[2181],"product_tag":[],"class_list":{"0":"post-49102","1":"product","2":"type-product","3":"status-publish","4":"has-post-thumbnail","6":"product_brand-ecolab_cs-lt","7":"product_cat-bez-kategorijas-lt","9":"first","10":"instock","11":"taxable","12":"shipping-taxable","13":"product-type-simple"},"_links":{"self":[{"href":"https:\/\/e.kosmolat.eu\/lt\/wp-json\/wp\/v2\/product\/49102","targetHints":{"allow":["GET"]}}],"collection":[{"href":"https:\/\/e.kosmolat.eu\/lt\/wp-json\/wp\/v2\/product"}],"about":[{"href":"https:\/\/e.kosmolat.eu\/lt\/wp-json\/wp\/v2\/types\/product"}],"wp:featuredmedia":[{"embeddable":true,"href":"https:\/\/e.kosmolat.eu\/lt\/wp-json\/wp\/v2\/media\/90782"}],"wp:attachment":[{"href":"https:\/\/e.kosmolat.eu\/lt\/wp-json\/wp\/v2\/media?parent=49102"}],"wp:term":[{"taxonomy":"product_cat","embeddable":true,"href":"https:\/\/e.kosmolat.eu\/lt\/wp-json\/wp\/v2\/product_cat?post=49102"},{"taxonomy":"product_tag","embeddable":true,"href":"https:\/\/e.kosmolat.eu\/lt\/wp-json\/wp\/v2\/product_tag?post=49102"}],"curies":[{"name":"wp","href":"https:\/\/api.w.org\/{rel}","templated":true}]}}