{"id":49086,"date":"2024-04-06T04:03:14","date_gmt":"2024-04-06T04:03:14","guid":{"rendered":"https:\/\/e.kosmolat.eu\/product\/organic-mimi-kerm-skrubis-lifting-mango-coffee-250-g\/"},"modified":"2026-04-15T07:35:38","modified_gmt":"2026-04-15T07:35:38","slug":"organic-mimi-kerm-skrubis-lifting-mango-coffee-250-g","status":"publish","type":"product","link":"https:\/\/e.kosmolat.eu\/lt\/produktas\/organic-mimi-kerm-skrubis-lifting-mango-coffee-250-g\/","title":{"rendered":"ORGANIC MIMI K\u016bno \u0161veitiklis Lifting Mango &#038; Coffee, 250 g"},"content":{"rendered":"<p>K\u016bno \u0161veitiklis cukraus, j\u016bros druskos ir maltos kavos pagrindu pagerina odos elastingum\u0105 ir stangrum\u0105, stiprina j\u0105, daro j\u0105 aksomin\u0119 ir glotnesn\u0119.<\/p>\n<p>\u2022 Cukrus ir j\u016bros druska giliai i\u0161valo ir nu\u0161vei\u010dia od\u0105 jos nepa\u017eeisdamos ir nedirgindamos.<br \/>\n\u2022 Nat\u016brali kava sulygina odos atspalv\u012f, stiprina ir daro j\u0105 elastingesn\u0119.<br \/>\n\u2022 Organiniai  mang\u0173 ir kokos\u0173 aliejai dr\u0117kina ir maitina od\u0105, j\u0105 mink\u0161tina ir padaro aksomin\u0119.<\/p>\n<p>Naudojimas: Tepkite ant dr\u0117gnos odos, \u0161velniai masa\u017euokite ir nuplaukite \u0161iltu vandeniu. Tik i\u0161oriniam naudojimui.<\/p>\n","protected":false},"excerpt":{"rendered":"<p>K\u016bno \u0161veitiklis cukraus, j\u016bros druskos ir maltos kavos pagrindu pagerina odos elastingum\u0105 ir stangrum\u0105, stiprina j\u0105, daro j\u0105 aksomin\u0119 ir glotnesn\u0119. \u2022 Cukrus ir j\u016bros druska giliai i\u0161valo ir nu\u0161vei\u010dia od\u0105 jos nepa\u017eeisdamos ir nedirgindamos. \u2022 Nat\u016brali kava sulygina odos atspalv\u012f, stiprina ir daro j\u0105 elastingesn\u0119. \u2022 Organiniai mang\u0173 ir kokos\u0173 aliejai dr\u0117kina ir maitina [&#8230;]\n","protected":false},"featured_media":90774,"template":"","meta":[],"product_cat":[1359],"product_tag":[],"class_list":{"0":"post-49086","1":"product","2":"type-product","3":"status-publish","4":"has-post-thumbnail","6":"product_brand-ecolab_cs-lt","7":"product_cat-kuno-sveitikliai-ir-pilingai","9":"first","10":"instock","11":"taxable","12":"shipping-taxable","13":"product-type-simple"},"_links":{"self":[{"href":"https:\/\/e.kosmolat.eu\/lt\/wp-json\/wp\/v2\/product\/49086","targetHints":{"allow":["GET"]}}],"collection":[{"href":"https:\/\/e.kosmolat.eu\/lt\/wp-json\/wp\/v2\/product"}],"about":[{"href":"https:\/\/e.kosmolat.eu\/lt\/wp-json\/wp\/v2\/types\/product"}],"wp:featuredmedia":[{"embeddable":true,"href":"https:\/\/e.kosmolat.eu\/lt\/wp-json\/wp\/v2\/media\/90774"}],"wp:attachment":[{"href":"https:\/\/e.kosmolat.eu\/lt\/wp-json\/wp\/v2\/media?parent=49086"}],"wp:term":[{"taxonomy":"product_cat","embeddable":true,"href":"https:\/\/e.kosmolat.eu\/lt\/wp-json\/wp\/v2\/product_cat?post=49086"},{"taxonomy":"product_tag","embeddable":true,"href":"https:\/\/e.kosmolat.eu\/lt\/wp-json\/wp\/v2\/product_tag?post=49086"}],"curies":[{"name":"wp","href":"https:\/\/api.w.org\/{rel}","templated":true}]}}