{"id":49078,"date":"2024-04-06T04:03:02","date_gmt":"2024-04-06T04:03:02","guid":{"rendered":"https:\/\/e.kosmolat.eu\/product\/organic-mimi-kerm-skrubis-dzems-coconut-raspberry-250-g\/"},"modified":"2026-04-15T07:35:24","modified_gmt":"2026-04-15T07:35:24","slug":"organic-mimi-kerm-skrubis-dzems-coconut-raspberry-250-g","status":"publish","type":"product","link":"https:\/\/e.kosmolat.eu\/lt\/produktas\/organic-mimi-kerm-skrubis-dzems-coconut-raspberry-250-g\/","title":{"rendered":"ORGANIC MIMI K\u016bno \u0161veitiklis &#8211; d\u017eemas Coconut &#038; Raspberry, 250 g"},"content":{"rendered":"<p>K\u016bno \u0161veitiklis avie\u010di\u0173 ir kokos\u0173 aliejaus pagrindu yra idealus pasirinkimas \u0161velniai ir jautriai odai valyti.<\/p>\n<p>\u2022 Cukrus \u0161velniai valo ir nu\u0161vei\u010dia od\u0105, jos nepa\u017eeisdamas ir nedirgindamas.<br \/>\n\u2022 Aviet\u0117s prisotina od\u0105 vitaminais ir mineralais<br \/>\n\u2022 Organinis kokos\u0173 aliejus maitina ir dr\u0117kina od\u0105, didina odos turgor\u0105 ir elastingum\u0105, ma\u017eina i\u0161saus\u0117jim\u0105 ir \u0161erpetojim\u0105.<\/p>\n<p>Naudojimas: Tepkite ant dr\u0117gnos odos, \u0161velniai masa\u017euokite ir nuplaukite \u0161iltu vandeniu. Tik i\u0161oriniam naudojimui.<\/p>\n","protected":false},"excerpt":{"rendered":"<p>K\u016bno \u0161veitiklis avie\u010di\u0173 ir kokos\u0173 aliejaus pagrindu yra idealus pasirinkimas \u0161velniai ir jautriai odai valyti. \u2022 Cukrus \u0161velniai valo ir nu\u0161vei\u010dia od\u0105, jos nepa\u017eeisdamas ir nedirgindamas. \u2022 Aviet\u0117s prisotina od\u0105 vitaminais ir mineralais \u2022 Organinis kokos\u0173 aliejus maitina ir dr\u0117kina od\u0105, didina odos turgor\u0105 ir elastingum\u0105, ma\u017eina i\u0161saus\u0117jim\u0105 ir \u0161erpetojim\u0105. Naudojimas: Tepkite ant dr\u0117gnos odos, [&#8230;]\n","protected":false},"featured_media":90770,"template":"","meta":[],"product_cat":[1359],"product_tag":[],"class_list":{"0":"post-49078","1":"product","2":"type-product","3":"status-publish","4":"has-post-thumbnail","6":"product_brand-ecolab_cs-lt","7":"product_cat-kuno-sveitikliai-ir-pilingai","9":"first","10":"instock","11":"taxable","12":"shipping-taxable","13":"product-type-simple"},"_links":{"self":[{"href":"https:\/\/e.kosmolat.eu\/lt\/wp-json\/wp\/v2\/product\/49078","targetHints":{"allow":["GET"]}}],"collection":[{"href":"https:\/\/e.kosmolat.eu\/lt\/wp-json\/wp\/v2\/product"}],"about":[{"href":"https:\/\/e.kosmolat.eu\/lt\/wp-json\/wp\/v2\/types\/product"}],"wp:featuredmedia":[{"embeddable":true,"href":"https:\/\/e.kosmolat.eu\/lt\/wp-json\/wp\/v2\/media\/90770"}],"wp:attachment":[{"href":"https:\/\/e.kosmolat.eu\/lt\/wp-json\/wp\/v2\/media?parent=49078"}],"wp:term":[{"taxonomy":"product_cat","embeddable":true,"href":"https:\/\/e.kosmolat.eu\/lt\/wp-json\/wp\/v2\/product_cat?post=49078"},{"taxonomy":"product_tag","embeddable":true,"href":"https:\/\/e.kosmolat.eu\/lt\/wp-json\/wp\/v2\/product_tag?post=49078"}],"curies":[{"name":"wp","href":"https:\/\/api.w.org\/{rel}","templated":true}]}}