{"id":49070,"date":"2024-04-06T04:02:34","date_gmt":"2024-04-06T04:02:34","guid":{"rendered":"https:\/\/e.kosmolat.eu\/product\/organic-mimi-kerm-skrubis-anticellulite-red-pepper-rosemary-250-g\/"},"modified":"2026-04-15T07:35:09","modified_gmt":"2026-04-15T07:35:09","slug":"organic-mimi-kerm-skrubis-anticellulite-red-pepper-rosemary-250-g","status":"publish","type":"product","link":"https:\/\/e.kosmolat.eu\/lt\/produktas\/organic-mimi-kerm-skrubis-anticellulite-red-pepper-rosemary-250-g\/","title":{"rendered":"ORGANIC MIMI K\u016bno \u0161veitiklis  Anticellulite Red Pepper &#038; Rosemar, 250 g"},"content":{"rendered":"<p>\u0160ildan\u010dio poveikio k\u016bno \u0161veitiklis cukraus ir j\u016bros druskos pagrindu puikiai kovoja su celiulitu.<\/p>\n<p>\u2022 Cukrus ir j\u016bros druska giliai i\u0161valo ir nu\u0161vei\u010dia od\u0105 jos nepa\u017eeid\u017eiant ir nedirginant.<br \/>\n\u2022 Raudon\u0173j\u0173 pipir\u0173 ekstraktas turi \u0161ildant\u012f poveik\u012f ir apsaugo nuo \u201eapelsino \u017eievel\u0117s\u201c atsiradimo problemin\u0117se k\u016bno vietose.<br \/>\n\u2022 Rozmarin\u0173 eterinis aliejus gerina odos elastingum\u0105 ir stangrum\u0105.<br \/>\n\u2022 Organinis taukmed\u017ei\u0173 sviestas maitina ir dr\u0117kina, taip pat atkuria apsaugines odos funkcijas.<\/p>\n<p>Naudojimas: Tepkite ant dr\u0117gnos odos, \u0161velniai masa\u017euokite ir nuplaukite \u0161iltu vandeniu. Tik i\u0161oriniam naudojimui.<\/p>\n","protected":false},"excerpt":{"rendered":"<p>\u0160ildan\u010dio poveikio k\u016bno \u0161veitiklis cukraus ir j\u016bros druskos pagrindu puikiai kovoja su celiulitu. \u2022 Cukrus ir j\u016bros druska giliai i\u0161valo ir nu\u0161vei\u010dia od\u0105 jos nepa\u017eeid\u017eiant ir nedirginant. \u2022 Raudon\u0173j\u0173 pipir\u0173 ekstraktas turi \u0161ildant\u012f poveik\u012f ir apsaugo nuo \u201eapelsino \u017eievel\u0117s\u201c atsiradimo problemin\u0117se k\u016bno vietose. \u2022 Rozmarin\u0173 eterinis aliejus gerina odos elastingum\u0105 ir stangrum\u0105. \u2022 Organinis taukmed\u017ei\u0173 [&#8230;]\n","protected":false},"featured_media":104488,"template":"","meta":[],"product_cat":[1359],"product_tag":[],"class_list":{"0":"post-49070","1":"product","2":"type-product","3":"status-publish","4":"has-post-thumbnail","6":"product_brand-ecolab_cs-lt","7":"product_cat-kuno-sveitikliai-ir-pilingai","9":"first","10":"instock","11":"taxable","12":"shipping-taxable","13":"product-type-simple"},"_links":{"self":[{"href":"https:\/\/e.kosmolat.eu\/lt\/wp-json\/wp\/v2\/product\/49070","targetHints":{"allow":["GET"]}}],"collection":[{"href":"https:\/\/e.kosmolat.eu\/lt\/wp-json\/wp\/v2\/product"}],"about":[{"href":"https:\/\/e.kosmolat.eu\/lt\/wp-json\/wp\/v2\/types\/product"}],"wp:featuredmedia":[{"embeddable":true,"href":"https:\/\/e.kosmolat.eu\/lt\/wp-json\/wp\/v2\/media\/104488"}],"wp:attachment":[{"href":"https:\/\/e.kosmolat.eu\/lt\/wp-json\/wp\/v2\/media?parent=49070"}],"wp:term":[{"taxonomy":"product_cat","embeddable":true,"href":"https:\/\/e.kosmolat.eu\/lt\/wp-json\/wp\/v2\/product_cat?post=49070"},{"taxonomy":"product_tag","embeddable":true,"href":"https:\/\/e.kosmolat.eu\/lt\/wp-json\/wp\/v2\/product_tag?post=49070"}],"curies":[{"name":"wp","href":"https:\/\/api.w.org\/{rel}","templated":true}]}}